{"id":2409,"date":"2022-02-28T08:10:00","date_gmt":"2022-02-28T12:10:00","guid":{"rendered":"https:\/\/sonrisa-bonaire.com\/?page_id=2409"},"modified":"2025-10-04T06:47:13","modified_gmt":"2025-10-04T10:47:13","slug":"bedingungen","status":"publish","type":"page","link":"https:\/\/sonrisa-bonaire.com\/de\/bedingungen\/","title":{"rendered":"Bedingungen und Konditionen"},"content":{"rendered":"<?xml encoding=\"utf-8\" ?><div data-elementor-type=\"wp-page\" data-elementor-id=\"2409\" class=\"elementor elementor-2409\">\n\t\t\t\t\t\t<section class=\"elementor-section elementor-top-section elementor-element elementor-element-26515f5 elementor-section-boxed elementor-section-height-default elementor-section-height-default\" data-id=\"26515f5\" data-element_type=\"section\" data-e-type=\"section\">\n\t\t\t\t\t\t<div class=\"elementor-container elementor-column-gap-default\">\n\t\t\t\t\t<div class=\"elementor-column elementor-col-100 elementor-top-column elementor-element elementor-element-e2a864e\" data-id=\"e2a864e\" data-element_type=\"column\" data-e-type=\"column\">\n\t\t\t<div class=\"elementor-widget-wrap elementor-element-populated\">\n\t\t\t\t\t\t<div class=\"elementor-element elementor-element-bfdcd8f elementor-widget elementor-widget-heading\" data-id=\"bfdcd8f\" data-element_type=\"widget\" data-e-type=\"widget\" data-widget_type=\"heading.default\">\n\t\t\t\t<div class=\"elementor-widget-container\">\n\t\t\t\t\t<h2 class=\"elementor-heading-title elementor-size-default\">Bedingungen und Konditionen<\/h2>\t\t\t\t<\/div>\n\t\t\t\t<\/div>\n\t\t\t\t\t<\/div>\n\t\t<\/div>\n\t\t\t\t\t<\/div>\n\t\t<\/section>\n\t\t\t\t<section class=\"elementor-section elementor-top-section elementor-element elementor-element-92c79eb elementor-section-boxed elementor-section-height-default elementor-section-height-default\" data-id=\"92c79eb\" data-element_type=\"section\" data-e-type=\"section\">\n\t\t\t\t\t\t<div class=\"elementor-container elementor-column-gap-default\">\n\t\t\t\t\t<div class=\"elementor-column elementor-col-100 elementor-top-column elementor-element elementor-element-1d559f2\" data-id=\"1d559f2\" data-element_type=\"column\" data-e-type=\"column\">\n\t\t\t<div class=\"elementor-widget-wrap elementor-element-populated\">\n\t\t\t\t\t\t<div class=\"elementor-element elementor-element-4c844b7 elementor-widget elementor-widget-text-editor\" data-id=\"4c844b7\" data-element_type=\"widget\" data-e-type=\"widget\" data-widget_type=\"text-editor.default\">\n\t\t\t\t<div class=\"elementor-widget-container\">\n\t\t\t\t\t\t\t\t\t<?xml encoding=\"utf-8\" ?><p><span style=\"font-weight: bold; font-size: inherit; line-height: inherit; letter-spacing: 0.1px;\">Preise<\/span><\/p><p><span data-no-translation=\"true\"><span data-no-translation=\"true\">Boutique Hotel<\/span><\/span> Sonrisa &amp; <span data-no-translation=\"true\"><span data-no-translation=\"true\">Deluxe Boutique Apartments Sonrisa<\/span><\/span> beh\u00e4lt sich das Recht vor, die Preise f\u00fcr die Unterkunft jederzeit zu erh\u00f6hen oder zu senken. Der Preis f\u00fcr Ihren Aufenthalt wird zum Zeitpunkt der Buchung best\u00e4tigt.&nbsp;<\/p><p><span style=\"font-weight: bold; font-size: inherit; line-height: inherit; letter-spacing: 0.1px;\">Buchung und Zahlungen<\/span><\/p><p>Buchungen unter <span data-no-translation=\"true\"><span data-no-translation=\"true\">Boutique Hotel<\/span><\/span> Sonrisa&nbsp;<span style=\"letter-spacing: 0.1px;\">&amp; <span data-no-translation=\"true\"><span data-no-translation=\"true\">Deluxe Boutique Apartments Sonrisa<\/span><\/span>&nbsp;<\/span><span style=\"letter-spacing: 0.1px;\">k\u00f6nnen vorzugsweise \u00fcber die Buchungsmaschine auf unserer Website oder telefonisch direkt im Hotel vorgenommen werden.&nbsp;<\/span><\/p><p><span style=\"font-weight: bold; font-size: inherit; line-height: inherit; letter-spacing: 0.1px;\">Stornierungsrichtlinien<\/span><\/p><p>Das Hotel gew\u00e4hrt dem Kunden ein jederzeitiges R\u00fccktrittsrecht. Es gelten die folgenden Bestimmungen:<\/p><p>Reservierungen k\u00f6nnen jederzeit vor der Ankunft kostenlos storniert werden. Stornierungen m\u00fcssen sp\u00e4testens am Tag der Anreise schriftlich (E-Mail\/WhatsApp) bei uns eingehen.&nbsp;<\/p><p>Bei Nichterscheinen ohne schriftliche Benachrichtigung wird eine Stornogeb\u00fchr in H\u00f6he von 100 Prozent des vereinbarten Gesamtbetrages der Buchung f\u00e4llig.<\/p><p>Wir empfehlen Ihnen, eine Reiseversicherung abzuschlie\u00dfen.<\/p><p>F\u00fcr Reiseb\u00fcros und auch f\u00fcr Gruppenreisen ab 4 Zimmern gelten besondere Stornierungsbedingungen. Bitte erfragen Sie diese direkt bei uns.<\/p><p><span style=\"font-weight: bold; font-size: inherit; line-height: inherit; letter-spacing: 0.1px;\">Nichtverf\u00fcgbarkeit von Unterk\u00fcnften<\/span><\/p><p>Wir werden Ihre Buchung nur dann stornieren, wenn Ihre Unterkunft aus Gr\u00fcnden, die au\u00dferhalb unserer Kontrolle liegen, nicht verf\u00fcgbar ist. Wenn wir Ihr Zimmer mehr als 5 Tage vor Ihrer Ankunft stornieren m\u00fcssen, werden alle geleisteten Zahlungen auf Ihr Konto zur\u00fcckerstattet. Unsere Haftung geht nicht \u00fcber diese R\u00fcckerstattung hinaus.<\/p><p><span style=\"font-weight: bold; font-size: inherit; line-height: inherit; letter-spacing: 0.1px;\">Einchecken<\/span><\/p><p>Ihre Unterkunft steht Ihnen ab 15.00 Uhr am Anreisetag zur Verf\u00fcgung, sofern nicht im Voraus etwas anderes vereinbart wurde. Es kann sein, dass wir Sie nicht unterbringen k\u00f6nnen, wenn Sie fr\u00fcher als zur offiziellen Check-in-Zeit ankommen, da wir Ihr Zimmer noch vorbereiten m\u00fcssen.<\/p><p><span style=\"font-weight: bold; font-size: inherit; line-height: inherit; letter-spacing: 0.1px;\">Auschecken<\/span><\/p><p>Check-out-Zeit ist 11:00 Uhr am Tag Ihrer Abreise. Bitte halten Sie Ihr Zimmer zu diesem Zeitpunkt bereit, es sei denn, Sie haben im Voraus etwas anderes vereinbart.<\/p><p><span style=\"font-weight: bold; font-size: inherit; line-height: inherit; letter-spacing: 0.1px;\"><span data-no-translation=\"true\"><span data-no-translation=\"true\">Adults only<\/span><\/span><\/span><\/p><p>Da die Bezeichnung \"<span data-no-translation=\"true\"><span data-no-translation=\"true\">Adults only<\/span><\/span>\" verr\u00e4t bereits, dass unsere Unterk\u00fcnfte&nbsp;<strong>richten sich ausschlie\u00dflich an Erwachsene.<\/strong> Das liegt nicht daran, dass wir keine Kinder m\u00f6gen - im Gegenteil, wir lieben Kinder! Trotzdem ist es uns wichtig, dass auch M\u00fctter, V\u00e4ter, Tanten, Onkel, Omas oder Opas abschalten k\u00f6nnen - in unserem Erwachsenenhotel.<\/p><p><span style=\"font-weight: bold; font-size: inherit; line-height: inherit; letter-spacing: 0.1px;\">Rauchen<\/span><\/p><p>Alle Zimmer, Flure und der Fr\u00fchst\u00fccksbereich sind Nichtraucherbereiche. Im Garten ist das Rauchen erlaubt.<\/p><p><span style=\"font-weight: bold; font-size: inherit; line-height: inherit; letter-spacing: 0.1px;\">Haustiere<\/span><\/p><p>Haustiere sind auf dem Gel\u00e4nde nicht erlaubt.<\/p><p><span style=\"font-weight: bold; font-size: inherit; line-height: inherit; letter-spacing: 0.1px;\">Fr\u00fchst\u00fcck<\/span><\/p><p>Das Fr\u00fchst\u00fcck wird von 07:30 Uhr bis 09:30 Uhr serviert.<\/p><p><span style=\"font-weight: bold; font-size: inherit; line-height: inherit; letter-spacing: 0.1px;\">Besch\u00e4digungen und Br\u00fcche<\/span><\/p><p><span data-no-translation=\"true\"><span data-no-translation=\"true\">Boutique Hotel<\/span><\/span> Sonrisa&nbsp;<span style=\"letter-spacing: 0.1px;\">&amp; <span data-no-translation=\"true\"><span data-no-translation=\"true\">Deluxe Boutique Apartments Sonrisa<\/span><\/span>&nbsp;<\/span><span style=\"letter-spacing: 0.1px;\">sch\u00e4tzt es, dass Sie w\u00e4hrend Ihres Aufenthalts in unserem Haus vorsichtig sind. Sie sind verantwortlich und haftbar f\u00fcr alle Sch\u00e4den, die Sie oder Ihre Besucher an den Unterk\u00fcnften oder deren Inhalt verursachen. Wir bitten Sie, alle Vorf\u00e4lle so schnell wie m\u00f6glich zu melden. F\u00fcr kleinere Sch\u00e4den wird normalerweise keine Geb\u00fchr erhoben, aber wenn der Schaden erheblich ist, <span data-no-translation=\"true\"><span data-no-translation=\"true\">Boutique Hotel<\/span><\/span> Sonrisa&nbsp;<\/span><span style=\"letter-spacing: 0.1px;\">&amp; <span data-no-translation=\"true\"><span data-no-translation=\"true\">Deluxe Boutique Apartments Sonrisa<\/span><\/span>&nbsp;<\/span><span style=\"letter-spacing: 0.1px;\">Wenn der Schaden nicht gemeldet wird, wird eine zus\u00e4tzliche Geb\u00fchr von $50,00 pro Vorfall erhoben, zus\u00e4tzlich zu der Erstattung f\u00fcr alle gr\u00f6\u00dferen Sch\u00e4den.<\/span><\/p><p><span style=\"font-weight: bold; font-size: inherit; line-height: inherit; letter-spacing: 0.1px;\">Unterbrechung der Dienste von Drittanbietern<\/span><\/p><p>Bonaire ist eine kleine Insel mit einer guten Infrastruktur. Dennoch kann es zu kurzen Unterbrechungen bei Dienstleistungen Dritter wie Wasser, Strom oder Internet kommen. Wir verstehen zwar, dass diese Unterbrechungen unangenehm und frustrierend sein k\u00f6nnen, aber wir haben keine Kontrolle dar\u00fcber und k\u00f6nnen nicht f\u00fcr Angelegenheiten haftbar gemacht werden, die sich aus der Unterbrechung dieser Dienstleistungen ergeben.<\/p><p><span style=\"font-weight: bold; font-size: inherit; line-height: inherit; letter-spacing: 0.1px;\">Zus\u00e4tzliche Kosten f\u00fcr die Reinigung<\/span><\/p><p>Sie sind daf\u00fcr verantwortlich, das Zimmer in einem einigerma\u00dfen sauberen Zustand zu hinterlassen. In dem unwahrscheinlichen Fall, dass uns zus\u00e4tzliche Reinigungskosten entstehen, k\u00f6nnen wir eine R\u00fcckerstattung verlangen.<\/p><p><span style=\"font-weight: bold; font-size: inherit; line-height: inherit; letter-spacing: 0.1px;\">Haftung<\/span><\/p><p>Wir \u00fcbernehmen keine Haftung f\u00fcr Sch\u00e4den, Verluste oder Verletzungen eines Mitglieds Ihrer Gruppe oder eines Fahrzeugs oder Besitzes, es sei denn, es wird nachgewiesen, dass diese durch eine fahrl\u00e4ssige Handlung verursacht wurden von <span data-no-translation=\"true\"><span data-no-translation=\"true\">Boutique Hotel<\/span><\/span> Sonrisa&nbsp;<span style=\"letter-spacing: 0.1px;\">&amp; <span data-no-translation=\"true\"><span data-no-translation=\"true\">Deluxe Boutique Apartments Sonrisa<\/span><\/span><\/span><span style=\"letter-spacing: 0.1px;\">unsere Mitarbeiter oder Auftragnehmer, wenn sie im Rahmen ihrer Besch\u00e4ftigung handeln.<\/span><\/p><p><span style=\"font-weight: bold; font-size: inherit; line-height: inherit; letter-spacing: 0.1px;\">Datenschutzbestimmungen<\/span><\/p><p>Alle Daten, die durch Buchungen gesammelt werden, werden auf unseren Computern und\/oder in unserem pers\u00f6nlichen Ablagesystem gespeichert. Mit Ihrem Einverst\u00e4ndnis k\u00f6nnen wir Sie von Zeit zu Zeit \u00fcber Werbeaktionen informieren. Wenn Sie es vorziehen, diese Mitteilungen nicht zu erhalten, teilen Sie uns dies bitte mit. Wir werden niemals Ihren Namen, Ihre E-Mail-Adresse oder andere Einzelheiten Ihrer Reservierung an Dritte weitergeben.<\/p>\n\t\t\t\t\t\t\t\t<\/div>\n\t\t\t\t<\/div>\n\t\t\t\t\t<\/div>\n\t\t<\/div>\n\t\t\t\t\t<\/div>\n\t\t<\/section>\n\t\t\t\t<section class=\"elementor-section elementor-top-section elementor-element elementor-element-df3b10a elementor-section-boxed elementor-section-height-default elementor-section-height-default\" data-id=\"df3b10a\" data-element_type=\"section\" data-e-type=\"section\">\n\t\t\t\t\t\t<div class=\"elementor-container elementor-column-gap-default\">\n\t\t\t\t\t<div class=\"elementor-column elementor-col-100 elementor-top-column elementor-element elementor-element-c7186cb\" data-id=\"c7186cb\" data-element_type=\"column\" data-e-type=\"column\">\n\t\t\t<div class=\"elementor-widget-wrap elementor-element-populated\">\n\t\t\t\t\t\t<div class=\"elementor-element elementor-element-01ec3a4 elementor-widget elementor-widget-spacer\" data-id=\"01ec3a4\" data-element_type=\"widget\" data-e-type=\"widget\" data-widget_type=\"spacer.default\">\n\t\t\t\t<div class=\"elementor-widget-container\">\n\t\t\t\t\t\t\t<div class=\"elementor-spacer\">\n\t\t\t<div class=\"elementor-spacer-inner\"><\/div>\n\t\t<\/div>\n\t\t\t\t\t\t<\/div>\n\t\t\t\t<\/div>\n\t\t\t\t\t<\/div>\n\t\t<\/div>\n\t\t\t\t\t<\/div>\n\t\t<\/section>\n\t\t\t\t<\/div>","protected":false},"excerpt":{"rendered":"<p>Terms &amp; conditionsPricesBoutique Hotel Sonrisa &amp; Deluxe Boutique Apartments Sonrisa reserves the right to increase or decrease the prices of accommodation at any time. The price of your stay will be confirmed at the time of booking.&nbsp;Booking and PaymentsBookings at Boutique Hotel Sonrisa&nbsp;&amp; Deluxe Boutique Apartments Sonrisa&nbsp;may be preferably made by using the booking engine [&hellip;]<\/p>","protected":false},"author":1,"featured_media":0,"parent":0,"menu_order":0,"comment_status":"closed","ping_status":"closed","template":"","meta":{"_acf_changed":false,"inline_featured_image":false,"footnotes":""},"class_list":["post-2409","page","type-page","status-publish","hentry"],"acf":[],"yoast_head":"<!-- This site is optimized with the Yoast SEO plugin v27.4 - https:\/\/yoast.com\/product\/yoast-seo-wordpress\/ -->\n<title>Terms &amp; conditions - Sonrisa Bonaire<\/title>\n<meta name=\"robots\" content=\"index, follow, max-snippet:-1, max-image-preview:large, max-video-preview:-1\" \/>\n<link rel=\"canonical\" href=\"https:\/\/sonrisa-bonaire.com\/de\/bedingungen\/\" \/>\n<meta property=\"og:locale\" content=\"de_DE\" \/>\n<meta property=\"og:type\" content=\"article\" \/>\n<meta property=\"og:title\" content=\"Terms &amp; conditions - Sonrisa Bonaire\" \/>\n<meta property=\"og:description\" content=\"Terms &amp; conditionsPricesBoutique Hotel Sonrisa &amp; Deluxe Boutique Apartments Sonrisa reserves the right to increase or decrease the prices of accommodation at any time. The price of your stay will be confirmed at the time of booking.&nbsp;Booking and PaymentsBookings at Boutique Hotel Sonrisa&nbsp;&amp; Deluxe Boutique Apartments Sonrisa&nbsp;may be preferably made by using the booking engine [&hellip;]\" \/>\n<meta property=\"og:url\" content=\"https:\/\/sonrisa-bonaire.com\/de\/bedingungen\/\" \/>\n<meta property=\"og:site_name\" content=\"Sonrisa Bonaire\" \/>\n<meta property=\"article:publisher\" content=\"https:\/\/www.facebook.com\/SonrisaBonaire\/\" \/>\n<meta property=\"article:modified_time\" content=\"2025-10-04T10:47:13+00:00\" \/>\n<meta name=\"twitter:card\" content=\"summary_large_image\" \/>\n<meta name=\"twitter:label1\" content=\"Gesch\u00e4tzte Lesezeit\" \/>\n\t<meta name=\"twitter:data1\" content=\"4\u00a0Minuten\" \/>\n<script type=\"application\/ld+json\" class=\"yoast-schema-graph\">{\"@context\":\"https:\\\/\\\/schema.org\",\"@graph\":[{\"@type\":\"WebPage\",\"@id\":\"https:\\\/\\\/sonrisa-bonaire.com\\\/terms-conditions\\\/\",\"url\":\"https:\\\/\\\/sonrisa-bonaire.com\\\/terms-conditions\\\/\",\"name\":\"Terms & conditions - Sonrisa Bonaire\",\"isPartOf\":{\"@id\":\"https:\\\/\\\/sonrisa-bonaire.com\\\/#website\"},\"datePublished\":\"2022-02-28T12:10:00+00:00\",\"dateModified\":\"2025-10-04T10:47:13+00:00\",\"breadcrumb\":{\"@id\":\"https:\\\/\\\/sonrisa-bonaire.com\\\/terms-conditions\\\/#breadcrumb\"},\"inLanguage\":\"de\",\"potentialAction\":[{\"@type\":\"ReadAction\",\"target\":[\"https:\\\/\\\/sonrisa-bonaire.com\\\/terms-conditions\\\/\"]}]},{\"@type\":\"BreadcrumbList\",\"@id\":\"https:\\\/\\\/sonrisa-bonaire.com\\\/terms-conditions\\\/#breadcrumb\",\"itemListElement\":[{\"@type\":\"ListItem\",\"position\":1,\"name\":\"Startseite\",\"item\":\"https:\\\/\\\/sonrisa-bonaire.com\\\/\"},{\"@type\":\"ListItem\",\"position\":2,\"name\":\"Terms &#038; conditions\"}]},{\"@type\":\"WebSite\",\"@id\":\"https:\\\/\\\/sonrisa-bonaire.com\\\/#website\",\"url\":\"https:\\\/\\\/sonrisa-bonaire.com\\\/\",\"name\":\"Sonrisa Bonaire\",\"description\":\"Boutique Hotel Sonrisa Bonaire\",\"publisher\":{\"@id\":\"https:\\\/\\\/sonrisa-bonaire.com\\\/#organization\"},\"potentialAction\":[{\"@type\":\"SearchAction\",\"target\":{\"@type\":\"EntryPoint\",\"urlTemplate\":\"https:\\\/\\\/sonrisa-bonaire.com\\\/?s={search_term_string}\"},\"query-input\":{\"@type\":\"PropertyValueSpecification\",\"valueRequired\":true,\"valueName\":\"search_term_string\"}}],\"inLanguage\":\"de\"},{\"@type\":\"Organization\",\"@id\":\"https:\\\/\\\/sonrisa-bonaire.com\\\/#organization\",\"name\":\"Das Boutique Hotel Sonrisa\",\"url\":\"https:\\\/\\\/sonrisa-bonaire.com\\\/\",\"logo\":{\"@type\":\"ImageObject\",\"inLanguage\":\"de\",\"@id\":\"https:\\\/\\\/sonrisa-bonaire.com\\\/#\\\/schema\\\/logo\\\/image\\\/\",\"url\":\"https:\\\/\\\/sonrisa-bonaire.com\\\/wp-content\\\/uploads\\\/2022\\\/05\\\/logo_sonrisa-bonaire_web.svg\",\"contentUrl\":\"https:\\\/\\\/sonrisa-bonaire.com\\\/wp-content\\\/uploads\\\/2022\\\/05\\\/logo_sonrisa-bonaire_web.svg\",\"width\":200,\"height\":73,\"caption\":\"Das Boutique Hotel Sonrisa\"},\"image\":{\"@id\":\"https:\\\/\\\/sonrisa-bonaire.com\\\/#\\\/schema\\\/logo\\\/image\\\/\"},\"sameAs\":[\"https:\\\/\\\/www.facebook.com\\\/SonrisaBonaire\\\/\",\"https:\\\/\\\/www.instagram.com\\\/sonrisabonaire\\\/\",\"https:\\\/\\\/www.linkedin.com\\\/company\\\/sonrisa-bonaire\",\"https:\\\/\\\/www.youtube.com\\\/channel\\\/UCxCZYWl1dh3pdD4I8ojwYIw\"]}]}<\/script>\n<!-- \/ Yoast SEO plugin. -->","yoast_head_json":{"title":"Bedingungen und Konditionen - Sonrisa Bonaire","robots":{"index":"index","follow":"follow","max-snippet":"max-snippet:-1","max-image-preview":"max-image-preview:large","max-video-preview":"max-video-preview:-1"},"canonical":"https:\/\/sonrisa-bonaire.com\/de\/bedingungen\/","og_locale":"de_DE","og_type":"article","og_title":"Terms & conditions - Sonrisa Bonaire","og_description":"Terms &amp; conditionsPricesBoutique Hotel Sonrisa &amp; Deluxe Boutique Apartments Sonrisa reserves the right to increase or decrease the prices of accommodation at any time. The price of your stay will be confirmed at the time of booking.&nbsp;Booking and PaymentsBookings at Boutique Hotel Sonrisa&nbsp;&amp; Deluxe Boutique Apartments Sonrisa&nbsp;may be preferably made by using the booking engine [&hellip;]","og_url":"https:\/\/sonrisa-bonaire.com\/de\/bedingungen\/","og_site_name":"Sonrisa Bonaire","article_publisher":"https:\/\/www.facebook.com\/SonrisaBonaire\/","article_modified_time":"2025-10-04T10:47:13+00:00","twitter_card":"summary_large_image","twitter_misc":{"Gesch\u00e4tzte Lesezeit":"4\u00a0Minuten"},"schema":{"@context":"https:\/\/schema.org","@graph":[{"@type":"WebPage","@id":"https:\/\/sonrisa-bonaire.com\/terms-conditions\/","url":"https:\/\/sonrisa-bonaire.com\/terms-conditions\/","name":"Bedingungen und Konditionen - Sonrisa Bonaire","isPartOf":{"@id":"https:\/\/sonrisa-bonaire.com\/#website"},"datePublished":"2022-02-28T12:10:00+00:00","dateModified":"2025-10-04T10:47:13+00:00","breadcrumb":{"@id":"https:\/\/sonrisa-bonaire.com\/terms-conditions\/#breadcrumb"},"inLanguage":"de","potentialAction":[{"@type":"ReadAction","target":["https:\/\/sonrisa-bonaire.com\/terms-conditions\/"]}]},{"@type":"BreadcrumbList","@id":"https:\/\/sonrisa-bonaire.com\/terms-conditions\/#breadcrumb","itemListElement":[{"@type":"ListItem","position":1,"name":"Startseite","item":"https:\/\/sonrisa-bonaire.com\/"},{"@type":"ListItem","position":2,"name":"Terms &#038; conditions"}]},{"@type":"WebSite","@id":"https:\/\/sonrisa-bonaire.com\/#website","url":"https:\/\/sonrisa-bonaire.com\/","name":"Sonrisa Bonaire","description":"Boutique Hotel Sonrisa Bonaire","publisher":{"@id":"https:\/\/sonrisa-bonaire.com\/#organization"},"potentialAction":[{"@type":"SearchAction","target":{"@type":"EntryPoint","urlTemplate":"https:\/\/sonrisa-bonaire.com\/?s={search_term_string}"},"query-input":{"@type":"PropertyValueSpecification","valueRequired":true,"valueName":"search_term_string"}}],"inLanguage":"de"},{"@type":"Organization","@id":"https:\/\/sonrisa-bonaire.com\/#organization","name":"Das Boutique Hotel Sonrisa","url":"https:\/\/sonrisa-bonaire.com\/","logo":{"@type":"ImageObject","inLanguage":"de","@id":"https:\/\/sonrisa-bonaire.com\/#\/schema\/logo\/image\/","url":"https:\/\/sonrisa-bonaire.com\/wp-content\/uploads\/2022\/05\/logo_sonrisa-bonaire_web.svg","contentUrl":"https:\/\/sonrisa-bonaire.com\/wp-content\/uploads\/2022\/05\/logo_sonrisa-bonaire_web.svg","width":200,"height":73,"caption":"Das Boutique Hotel Sonrisa"},"image":{"@id":"https:\/\/sonrisa-bonaire.com\/#\/schema\/logo\/image\/"},"sameAs":["https:\/\/www.facebook.com\/SonrisaBonaire\/","https:\/\/www.instagram.com\/sonrisabonaire\/","https:\/\/www.linkedin.com\/company\/sonrisa-bonaire","https:\/\/www.youtube.com\/channel\/UCxCZYWl1dh3pdD4I8ojwYIw"]}]}},"_links":{"self":[{"href":"https:\/\/sonrisa-bonaire.com\/de\/wp-json\/wp\/v2\/pages\/2409","targetHints":{"allow":["GET"]}}],"collection":[{"href":"https:\/\/sonrisa-bonaire.com\/de\/wp-json\/wp\/v2\/pages"}],"about":[{"href":"https:\/\/sonrisa-bonaire.com\/de\/wp-json\/wp\/v2\/types\/page"}],"author":[{"embeddable":true,"href":"https:\/\/sonrisa-bonaire.com\/de\/wp-json\/wp\/v2\/users\/1"}],"replies":[{"embeddable":true,"href":"https:\/\/sonrisa-bonaire.com\/de\/wp-json\/wp\/v2\/comments?post=2409"}],"version-history":[{"count":38,"href":"https:\/\/sonrisa-bonaire.com\/de\/wp-json\/wp\/v2\/pages\/2409\/revisions"}],"predecessor-version":[{"id":7258,"href":"https:\/\/sonrisa-bonaire.com\/de\/wp-json\/wp\/v2\/pages\/2409\/revisions\/7258"}],"wp:attachment":[{"href":"https:\/\/sonrisa-bonaire.com\/de\/wp-json\/wp\/v2\/media?parent=2409"}],"curies":[{"name":"wp","href":"https:\/\/api.w.org\/{rel}","templated":true}]}}