{"id":6646,"date":"2025-06-29T11:13:41","date_gmt":"2025-06-29T15:13:41","guid":{"rendered":"https:\/\/sonrisa-bonaire.com\/?page_id=6646"},"modified":"2025-09-23T12:46:56","modified_gmt":"2025-09-23T16:46:56","slug":"leben","status":"publish","type":"page","link":"https:\/\/sonrisa-bonaire.com\/de\/leben\/","title":{"rendered":"Wohnen"},"content":{"rendered":"<?xml encoding=\"utf-8\" ?><div data-elementor-type=\"wp-page\" data-elementor-id=\"6646\" class=\"elementor elementor-6646\">\n\t\t\t\t\t\t<section class=\"elementor-section elementor-top-section elementor-element elementor-element-10349d6 elementor-section-boxed elementor-section-height-default elementor-section-height-default\" data-id=\"10349d6\" data-element_type=\"section\" data-e-type=\"section\">\n\t\t\t\t\t\t<div class=\"elementor-container elementor-column-gap-default\">\n\t\t\t\t\t<div class=\"elementor-column elementor-col-100 elementor-top-column elementor-element elementor-element-313af7b\" data-id=\"313af7b\" data-element_type=\"column\" data-e-type=\"column\">\n\t\t\t<div class=\"elementor-widget-wrap elementor-element-populated\">\n\t\t\t\t\t\t<div class=\"elementor-element elementor-element-3173fad elementor-widget elementor-widget-heading\" data-id=\"3173fad\" data-element_type=\"widget\" data-e-type=\"widget\" data-widget_type=\"heading.default\">\n\t\t\t\t<div class=\"elementor-widget-container\">\n\t\t\t\t\t<h2 class=\"elementor-heading-title elementor-size-default\">Wohnen<\/h2>\t\t\t\t<\/div>\n\t\t\t\t<\/div>\n\t\t\t\t\t<\/div>\n\t\t<\/div>\n\t\t\t\t\t<\/div>\n\t\t<\/section>\n\t\t\t\t<section class=\"elementor-section elementor-top-section elementor-element elementor-element-420c75d elementor-section-boxed elementor-section-height-default elementor-section-height-default\" data-id=\"420c75d\" data-element_type=\"section\" data-e-type=\"section\">\n\t\t\t\t\t\t<div class=\"elementor-container elementor-column-gap-default\">\n\t\t\t\t\t<div class=\"elementor-column elementor-col-100 elementor-top-column elementor-element elementor-element-d903b9e\" data-id=\"d903b9e\" data-element_type=\"column\" data-e-type=\"column\">\n\t\t\t<div class=\"elementor-widget-wrap elementor-element-populated\">\n\t\t\t\t\t\t<div class=\"elementor-element elementor-element-739613c elementor-widget elementor-widget-text-editor\" data-id=\"739613c\" data-element_type=\"widget\" data-e-type=\"widget\" data-widget_type=\"text-editor.default\">\n\t\t\t\t<div class=\"elementor-widget-container\">\n\t\t\t\t\t\t\t\t\t<?xml encoding=\"utf-8\" ?><p><strong>Ob Hotelkomfort oder Selbstverpflegung im Studio-Apartment - wir bieten flexible L\u00f6sungen f\u00fcr jeden Wunsch. Alle unsere G\u00e4ste profitieren von kostenlosem WLAN, einer Autovermietung und professioneller Tauch- und Schnorchelausr\u00fcstung zum Ausleihen. Im Restaurant Sonrisa servieren wir jeden Tag ein k\u00f6stliches Fr\u00fchst\u00fcck f\u00fcr einen optimalen Start in den Tag.<\/strong><\/p>\n\t\t\t\t\t\t\t\t<\/div>\n\t\t\t\t<\/div>\n\t\t\t\t\t<\/div>\n\t\t<\/div>\n\t\t\t\t\t<\/div>\n\t\t<\/section>\n\t\t\t\t<section class=\"elementor-section elementor-top-section elementor-element elementor-element-cca3999 elementor-section-boxed elementor-section-height-default elementor-section-height-default\" data-id=\"cca3999\" data-element_type=\"section\" data-e-type=\"section\">\n\t\t\t\t\t\t<div class=\"elementor-container elementor-column-gap-default\">\n\t\t\t\t\t<div class=\"elementor-column elementor-col-100 elementor-top-column elementor-element elementor-element-9f327e4\" data-id=\"9f327e4\" data-element_type=\"column\" data-e-type=\"column\">\n\t\t\t<div class=\"elementor-widget-wrap elementor-element-populated\">\n\t\t\t\t\t\t<div class=\"elementor-element elementor-element-a11790e elementor-widget elementor-widget-spacer\" data-id=\"a11790e\" data-element_type=\"widget\" data-e-type=\"widget\" data-widget_type=\"spacer.default\">\n\t\t\t\t<div class=\"elementor-widget-container\">\n\t\t\t\t\t\t\t<div class=\"elementor-spacer\">\n\t\t\t<div class=\"elementor-spacer-inner\"><\/div>\n\t\t<\/div>\n\t\t\t\t\t\t<\/div>\n\t\t\t\t<\/div>\n\t\t\t\t\t<\/div>\n\t\t<\/div>\n\t\t\t\t\t<\/div>\n\t\t<\/section>\n\t\t\t\t<section class=\"elementor-section elementor-top-section elementor-element elementor-element-19b745d elementor-section-boxed elementor-section-height-default elementor-section-height-default\" data-id=\"19b745d\" data-element_type=\"section\" data-e-type=\"section\">\n\t\t\t\t\t\t<div class=\"elementor-container elementor-column-gap-default\">\n\t\t\t\t\t<div class=\"elementor-column elementor-col-50 elementor-top-column elementor-element elementor-element-1dd2519\" data-id=\"1dd2519\" data-element_type=\"column\" data-e-type=\"column\">\n\t\t\t<div class=\"elementor-widget-wrap elementor-element-populated\">\n\t\t\t\t\t\t<div class=\"elementor-element elementor-element-ff067e6 elementor-widget elementor-widget-image\" data-id=\"ff067e6\" data-element_type=\"widget\" data-e-type=\"widget\" data-widget_type=\"image.default\">\n\t\t\t\t<div class=\"elementor-widget-container\">\n\t\t\t\t\t\t\t\t\t\t\t\t\t\t\t<img fetchpriority=\"high\" decoding=\"async\" width=\"640\" height=\"360\" src=\"https:\/\/sonrisa-bonaire.com\/wp-content\/uploads\/2025\/07\/2506_Sonrisa_aussen_2560x1440.jpg\" class=\"attachment-large size-large wp-image-6703\" alt=\"\" srcset=\"https:\/\/sonrisa-bonaire.com\/wp-content\/uploads\/2025\/07\/2506_Sonrisa_aussen_2560x1440.jpg 2560w, https:\/\/sonrisa-bonaire.com\/wp-content\/uploads\/2025\/07\/2506_Sonrisa_aussen_2560x1440-1280x720.jpg 1280w, https:\/\/sonrisa-bonaire.com\/wp-content\/uploads\/2025\/07\/2506_Sonrisa_aussen_2560x1440-768x432.jpg 768w, https:\/\/sonrisa-bonaire.com\/wp-content\/uploads\/2025\/07\/2506_Sonrisa_aussen_2560x1440-1536x864.jpg 1536w, https:\/\/sonrisa-bonaire.com\/wp-content\/uploads\/2025\/07\/2506_Sonrisa_aussen_2560x1440-2048x1152.jpg 2048w\" sizes=\"(max-width: 640px) 100vw, 640px\">\t\t\t\t\t\t\t\t\t\t\t\t\t\t\t<\/div>\n\t\t\t\t<\/div>\n\t\t\t\t\t<\/div>\n\t\t<\/div>\n\t\t\t\t<div class=\"elementor-column elementor-col-50 elementor-top-column elementor-element elementor-element-45670e5\" data-id=\"45670e5\" data-element_type=\"column\" data-e-type=\"column\">\n\t\t\t<div class=\"elementor-widget-wrap elementor-element-populated\">\n\t\t\t\t\t\t<div class=\"elementor-element elementor-element-c057bb2 elementor-widget elementor-widget-text-editor\" data-id=\"c057bb2\" data-element_type=\"widget\" data-e-type=\"widget\" data-widget_type=\"text-editor.default\">\n\t\t\t\t<div class=\"elementor-widget-container\">\n\t\t\t\t\t\t\t\t\t<?xml encoding=\"utf-8\" ?><p><strong><span data-no-translation=\"true\"><span data-no-translation=\"true\">Boutique Hotel<\/span><\/span> &amp; Restaurant Sonrisa<\/strong><\/p><p>Die <span data-no-translation=\"true\"><span data-no-translation=\"true\">Boutique Hotel<\/span><\/span> Sonrisa verf\u00fcgt \u00fcber zw\u00f6lf Suiten, die im landestypischen Stil mit vielen Extras eingerichtet sind, sowie \u00fcber eine Deluxe-Boutique-Suite. Die Suiten k\u00f6nnen auch zur Einzelnutzung gebucht werden. Jede Suite verf\u00fcgt zudem \u00fcber einen eigenen Schreibtisch.<\/p><p>Wir m\u00f6chten Ihren Aufenthalt zu etwas ganz Besonderem machen. Mit unserem karibischen Ambiente, famili\u00e4rem Service und feiner Gastfreundschaft werden Sie sich von der ersten Nacht an wie zu Hause f\u00fchlen und loslassen k\u00f6nnen. Die t\u00e4gliche Reinigung rundet unser Angebot im Hotel ab.<\/p>\n\t\t\t\t\t\t\t\t<\/div>\n\t\t\t\t<\/div>\n\t\t\t\t<div class=\"elementor-element elementor-element-3f1086f elementor-widget elementor-widget-button\" data-id=\"3f1086f\" data-element_type=\"widget\" data-e-type=\"widget\" data-widget_type=\"button.default\">\n\t\t\t\t<div class=\"elementor-widget-container\">\n\t\t\t\t\t\t\t\t\t<div class=\"elementor-button-wrapper\">\n\t\t\t\t\t<a class=\"elementor-button elementor-button-link elementor-size-xl\" href=\"https:\/\/sonrisa-bonaire.com\/de\/suiten-2\/\">\n\t\t\t\t\t\t<span class=\"elementor-button-content-wrapper\">\n\t\t\t\t\t\t\t\t\t<span class=\"elementor-button-text\">Entdecken Sie die <span data-no-translation=\"true\">Boutique Hotel<\/span> Suiten<\/span>\n\t\t\t\t\t<\/span>\n\t\t\t\t\t<\/a>\n\t\t\t\t<\/div>\n\t\t\t\t\t\t\t\t<\/div>\n\t\t\t\t<\/div>\n\t\t\t\t\t<\/div>\n\t\t<\/div>\n\t\t\t\t\t<\/div>\n\t\t<\/section>\n\t\t\t\t<section class=\"elementor-section elementor-top-section elementor-element elementor-element-b0eaedd elementor-section-boxed elementor-section-height-default elementor-section-height-default\" data-id=\"b0eaedd\" data-element_type=\"section\" data-e-type=\"section\">\n\t\t\t\t\t\t<div class=\"elementor-container elementor-column-gap-default\">\n\t\t\t\t\t<div class=\"elementor-column elementor-col-100 elementor-top-column elementor-element elementor-element-9245e2d\" data-id=\"9245e2d\" data-element_type=\"column\" data-e-type=\"column\">\n\t\t\t<div class=\"elementor-widget-wrap elementor-element-populated\">\n\t\t\t\t\t\t<div class=\"elementor-element elementor-element-11309f0 elementor-widget elementor-widget-spacer\" data-id=\"11309f0\" data-element_type=\"widget\" data-e-type=\"widget\" data-widget_type=\"spacer.default\">\n\t\t\t\t<div class=\"elementor-widget-container\">\n\t\t\t\t\t\t\t<div class=\"elementor-spacer\">\n\t\t\t<div class=\"elementor-spacer-inner\"><\/div>\n\t\t<\/div>\n\t\t\t\t\t\t<\/div>\n\t\t\t\t<\/div>\n\t\t\t\t\t<\/div>\n\t\t<\/div>\n\t\t\t\t\t<\/div>\n\t\t<\/section>\n\t\t\t\t<section class=\"elementor-section elementor-top-section elementor-element elementor-element-59eda1f elementor-section-boxed elementor-section-height-default elementor-section-height-default\" data-id=\"59eda1f\" data-element_type=\"section\" data-e-type=\"section\">\n\t\t\t\t\t\t<div class=\"elementor-container elementor-column-gap-default\">\n\t\t\t\t\t<div class=\"elementor-column elementor-col-50 elementor-top-column elementor-element elementor-element-ee62882\" data-id=\"ee62882\" data-element_type=\"column\" data-e-type=\"column\">\n\t\t\t<div class=\"elementor-widget-wrap elementor-element-populated\">\n\t\t\t\t\t\t<div class=\"elementor-element elementor-element-c70093b elementor-widget elementor-widget-image\" data-id=\"c70093b\" data-element_type=\"widget\" data-e-type=\"widget\" data-widget_type=\"image.default\">\n\t\t\t\t<div class=\"elementor-widget-container\">\n\t\t\t\t\t\t\t\t\t\t\t\t\t\t\t<img decoding=\"async\" width=\"640\" height=\"360\" src=\"https:\/\/sonrisa-bonaire.com\/wp-content\/uploads\/2025\/07\/Sonrisa_Apartments_Titelbild.jpg\" class=\"attachment-large size-large wp-image-6678\" alt=\"\" srcset=\"https:\/\/sonrisa-bonaire.com\/wp-content\/uploads\/2025\/07\/Sonrisa_Apartments_Titelbild.jpg 1427w, https:\/\/sonrisa-bonaire.com\/wp-content\/uploads\/2025\/07\/Sonrisa_Apartments_Titelbild-1280x720.jpg 1280w, https:\/\/sonrisa-bonaire.com\/wp-content\/uploads\/2025\/07\/Sonrisa_Apartments_Titelbild-768x432.jpg 768w\" sizes=\"(max-width: 640px) 100vw, 640px\">\t\t\t\t\t\t\t\t\t\t\t\t\t\t\t<\/div>\n\t\t\t\t<\/div>\n\t\t\t\t\t<\/div>\n\t\t<\/div>\n\t\t\t\t<div class=\"elementor-column elementor-col-50 elementor-top-column elementor-element elementor-element-31b5aa0\" data-id=\"31b5aa0\" data-element_type=\"column\" data-e-type=\"column\">\n\t\t\t<div class=\"elementor-widget-wrap elementor-element-populated\">\n\t\t\t\t\t\t<div class=\"elementor-element elementor-element-26e34f5 elementor-widget elementor-widget-text-editor\" data-id=\"26e34f5\" data-element_type=\"widget\" data-e-type=\"widget\" data-widget_type=\"text-editor.default\">\n\t\t\t\t<div class=\"elementor-widget-container\">\n\t\t\t\t\t\t\t\t\t<?xml encoding=\"utf-8\" ?><p><strong><span data-no-translation=\"true\"><span data-no-translation=\"true\">Deluxe Boutique Apartments Sonrisa<\/span><\/span> Bonaire<\/strong><\/p><p>Die <span data-no-translation=\"true\"><span data-no-translation=\"true\">Deluxe Boutique Apartments Sonrisa<\/span><\/span> Bonaire befinden sich in einem separaten Geb\u00e4ude. Vier Studio-Apartments mit K\u00fcche sowie ein zweist\u00f6ckiges Apartment mit ger\u00e4umiger K\u00fcche, zwei Schlafzimmern und einer gro\u00dfen Terrasse bieten den G\u00e4sten die M\u00f6glichkeit der Selbstversorgung. Fast alle Apartments verf\u00fcgen \u00fcber einen privaten Jacuzzi auf der Terrasse. Hier k\u00f6nnen Sie im warmen, sprudelnden Wasser entspannen. Die Zimmer werden alle vier bis f\u00fcnf Tage gereinigt.<\/p><p>Wir bieten attraktive Direktbuchungsrabatte f\u00fcr l\u00e4ngere Aufenthalte ab zwei Wochen. Bitte kontaktieren Sie uns direkt \u00fcber&nbsp;<a href=\"https:\/\/wa.me\/5997777855\"> WhatsApp<\/a>.<\/p><p>Gruppen von bis zu 12 Personen k\u00f6nnen das gesamte Haus mieten. Das Appartement \"Grandi\" verf\u00fcgt \u00fcber eine ger\u00e4umige K\u00fcche, die es leicht macht, die ganze Gruppe zu verpflegen. Ob Fr\u00fchst\u00fcck, Mittagessen oder Abendessen - alles ist m\u00f6glich.<\/p>\n\t\t\t\t\t\t\t\t<\/div>\n\t\t\t\t<\/div>\n\t\t\t\t<div class=\"elementor-element elementor-element-f75d685 elementor-widget elementor-widget-button\" data-id=\"f75d685\" data-element_type=\"widget\" data-e-type=\"widget\" data-widget_type=\"button.default\">\n\t\t\t\t<div class=\"elementor-widget-container\">\n\t\t\t\t\t\t\t\t\t<div class=\"elementor-button-wrapper\">\n\t\t\t\t\t<a class=\"elementor-button elementor-button-link elementor-size-xl\" href=\"https:\/\/sonrisa-bonaire.com\/de\/wohnungen\/\">\n\t\t\t\t\t\t<span class=\"elementor-button-content-wrapper\">\n\t\t\t\t\t\t\t\t\t<span class=\"elementor-button-text\">Entdecken Sie die Deluxe-Boutique <span data-no-translation=\"true\">Apartment<\/span>s<\/span>\n\t\t\t\t\t<\/span>\n\t\t\t\t\t<\/a>\n\t\t\t\t<\/div>\n\t\t\t\t\t\t\t\t<\/div>\n\t\t\t\t<\/div>\n\t\t\t\t\t<\/div>\n\t\t<\/div>\n\t\t\t\t\t<\/div>\n\t\t<\/section>\n\t\t\t\t<section class=\"elementor-section elementor-top-section elementor-element elementor-element-09b57d6 elementor-section-boxed elementor-section-height-default elementor-section-height-default\" data-id=\"09b57d6\" data-element_type=\"section\" data-e-type=\"section\">\n\t\t\t\t\t\t<div class=\"elementor-container elementor-column-gap-default\">\n\t\t\t\t\t<div class=\"elementor-column elementor-col-100 elementor-top-column elementor-element elementor-element-7f9b3e8\" data-id=\"7f9b3e8\" data-element_type=\"column\" data-e-type=\"column\">\n\t\t\t<div class=\"elementor-widget-wrap elementor-element-populated\">\n\t\t\t\t\t\t<div class=\"elementor-element elementor-element-65ec1d1 elementor-widget elementor-widget-spacer\" data-id=\"65ec1d1\" data-element_type=\"widget\" data-e-type=\"widget\" data-widget_type=\"spacer.default\">\n\t\t\t\t<div class=\"elementor-widget-container\">\n\t\t\t\t\t\t\t<div class=\"elementor-spacer\">\n\t\t\t<div class=\"elementor-spacer-inner\"><\/div>\n\t\t<\/div>\n\t\t\t\t\t\t<\/div>\n\t\t\t\t<\/div>\n\t\t\t\t\t<\/div>\n\t\t<\/div>\n\t\t\t\t\t<\/div>\n\t\t<\/section>\n\t\t\t\t<section class=\"elementor-section elementor-top-section elementor-element elementor-element-bbb670b elementor-section-boxed elementor-section-height-default elementor-section-height-default\" data-id=\"bbb670b\" data-element_type=\"section\" data-e-type=\"section\">\n\t\t\t\t\t\t<div class=\"elementor-container elementor-column-gap-default\">\n\t\t\t\t\t<div class=\"elementor-column elementor-col-50 elementor-top-column elementor-element elementor-element-5171503\" data-id=\"5171503\" data-element_type=\"column\" data-e-type=\"column\">\n\t\t\t<div class=\"elementor-widget-wrap elementor-element-populated\">\n\t\t\t\t\t\t<div class=\"elementor-element elementor-element-9c063c6 elementor-widget elementor-widget-text-editor\" data-id=\"9c063c6\" data-element_type=\"widget\" data-e-type=\"widget\" data-widget_type=\"text-editor.default\">\n\t\t\t\t<div class=\"elementor-widget-container\">\n\t\t\t\t\t\t\t\t\t<?xml encoding=\"utf-8\" ?><p>Die <span data-no-translation=\"true\"><span data-no-translation=\"true\">Boutique Hotel<\/span><\/span>s &amp; Restaurant Sonrisa Bonaire befindet sich in Kaya Finlandia 3 und das <span data-no-translation=\"true\"><span data-no-translation=\"true\">Deluxe Boutique Apartments Sonrisa<\/span><\/span> befinden sich in Kaya Finlandia 8b.<\/p>\n\t\t\t\t\t\t\t\t<\/div>\n\t\t\t\t<\/div>\n\t\t\t\t\t<\/div>\n\t\t<\/div>\n\t\t\t\t<div class=\"elementor-column elementor-col-50 elementor-top-column elementor-element elementor-element-596ba7c\" data-id=\"596ba7c\" data-element_type=\"column\" data-e-type=\"column\">\n\t\t\t<div class=\"elementor-widget-wrap elementor-element-populated\">\n\t\t\t\t\t\t<div class=\"elementor-element elementor-element-acc0e0c elementor-widget elementor-widget-html\" data-id=\"acc0e0c\" data-element_type=\"widget\" data-e-type=\"widget\" data-widget_type=\"html.default\">\n\t\t\t\t<div class=\"elementor-widget-container\">\n\t\t\t\t\t<iframe src=\"https:\/\/www.google.com\/maps\/d\/embed?mid=1mEAVkk_EUMHHvI8j38izTaf_hOcIoKI8&amp;ehbc=2E312F\" width=\"640\" height=\"440\"><\/iframe>\t\t\t\t<\/div>\n\t\t\t\t<\/div>\n\t\t\t\t\t<\/div>\n\t\t<\/div>\n\t\t\t\t\t<\/div>\n\t\t<\/section>\n\t\t\t\t<\/div>","protected":false},"excerpt":{"rendered":"<p>LivingWhether hotel comfort or self-catering in a studio apartment &ndash; we offer flexible solutions for every wish. All our guests benefit from free Wi-Fi, car rental and professional diving and snorkeling equipment for hire. In the Sonrisa restaurant we serve a delicious breakfast every day to get the day off to the best possible start. [&hellip;]<\/p>","protected":false},"author":1,"featured_media":0,"parent":0,"menu_order":0,"comment_status":"closed","ping_status":"closed","template":"","meta":{"_acf_changed":false,"inline_featured_image":false,"footnotes":""},"class_list":["post-6646","page","type-page","status-publish","hentry"],"acf":[],"yoast_head":"<!-- This site is optimized with the Yoast SEO plugin v27.4 - https:\/\/yoast.com\/product\/yoast-seo-wordpress\/ -->\n<title>Living - Sonrisa Bonaire<\/title>\n<meta name=\"robots\" content=\"index, follow, max-snippet:-1, max-image-preview:large, max-video-preview:-1\" \/>\n<link rel=\"canonical\" href=\"https:\/\/sonrisa-bonaire.com\/de\/leben\/\" \/>\n<meta property=\"og:locale\" content=\"de_DE\" \/>\n<meta property=\"og:type\" content=\"article\" \/>\n<meta property=\"og:title\" content=\"Living - Sonrisa Bonaire\" \/>\n<meta property=\"og:description\" content=\"LivingWhether hotel comfort or self-catering in a studio apartment &ndash; we offer flexible solutions for every wish. All our guests benefit from free Wi-Fi, car rental and professional diving and snorkeling equipment for hire. In the Sonrisa restaurant we serve a delicious breakfast every day to get the day off to the best possible start. [&hellip;]\" \/>\n<meta property=\"og:url\" content=\"https:\/\/sonrisa-bonaire.com\/de\/leben\/\" \/>\n<meta property=\"og:site_name\" content=\"Sonrisa Bonaire\" \/>\n<meta property=\"article:publisher\" content=\"https:\/\/www.facebook.com\/SonrisaBonaire\/\" \/>\n<meta property=\"article:modified_time\" content=\"2025-09-23T16:46:56+00:00\" \/>\n<meta property=\"og:image\" content=\"https:\/\/sonrisa-bonaire.com\/wp-content\/uploads\/2025\/07\/2506_Sonrisa_aussen_2560x1440.jpg\" \/>\n\t<meta property=\"og:image:width\" content=\"2560\" \/>\n\t<meta property=\"og:image:height\" content=\"1440\" \/>\n\t<meta property=\"og:image:type\" content=\"image\/jpeg\" \/>\n<meta name=\"twitter:card\" content=\"summary_large_image\" \/>\n<meta name=\"twitter:label1\" content=\"Gesch\u00e4tzte Lesezeit\" \/>\n\t<meta name=\"twitter:data1\" content=\"2\u00a0Minuten\" \/>\n<script type=\"application\/ld+json\" class=\"yoast-schema-graph\">{\"@context\":\"https:\\\/\\\/schema.org\",\"@graph\":[{\"@type\":\"WebPage\",\"@id\":\"https:\\\/\\\/sonrisa-bonaire.com\\\/living\\\/\",\"url\":\"https:\\\/\\\/sonrisa-bonaire.com\\\/living\\\/\",\"name\":\"Living - Sonrisa Bonaire\",\"isPartOf\":{\"@id\":\"https:\\\/\\\/sonrisa-bonaire.com\\\/#website\"},\"primaryImageOfPage\":{\"@id\":\"https:\\\/\\\/sonrisa-bonaire.com\\\/living\\\/#primaryimage\"},\"image\":{\"@id\":\"https:\\\/\\\/sonrisa-bonaire.com\\\/living\\\/#primaryimage\"},\"thumbnailUrl\":\"https:\\\/\\\/sonrisa-bonaire.com\\\/wp-content\\\/uploads\\\/2025\\\/07\\\/2506_Sonrisa_aussen_2560x1440.jpg\",\"datePublished\":\"2025-06-29T15:13:41+00:00\",\"dateModified\":\"2025-09-23T16:46:56+00:00\",\"breadcrumb\":{\"@id\":\"https:\\\/\\\/sonrisa-bonaire.com\\\/living\\\/#breadcrumb\"},\"inLanguage\":\"de\",\"potentialAction\":[{\"@type\":\"ReadAction\",\"target\":[\"https:\\\/\\\/sonrisa-bonaire.com\\\/living\\\/\"]}]},{\"@type\":\"ImageObject\",\"inLanguage\":\"de\",\"@id\":\"https:\\\/\\\/sonrisa-bonaire.com\\\/living\\\/#primaryimage\",\"url\":\"https:\\\/\\\/sonrisa-bonaire.com\\\/wp-content\\\/uploads\\\/2025\\\/07\\\/2506_Sonrisa_aussen_2560x1440.jpg\",\"contentUrl\":\"https:\\\/\\\/sonrisa-bonaire.com\\\/wp-content\\\/uploads\\\/2025\\\/07\\\/2506_Sonrisa_aussen_2560x1440.jpg\"},{\"@type\":\"BreadcrumbList\",\"@id\":\"https:\\\/\\\/sonrisa-bonaire.com\\\/living\\\/#breadcrumb\",\"itemListElement\":[{\"@type\":\"ListItem\",\"position\":1,\"name\":\"Startseite\",\"item\":\"https:\\\/\\\/sonrisa-bonaire.com\\\/\"},{\"@type\":\"ListItem\",\"position\":2,\"name\":\"Living\"}]},{\"@type\":\"WebSite\",\"@id\":\"https:\\\/\\\/sonrisa-bonaire.com\\\/#website\",\"url\":\"https:\\\/\\\/sonrisa-bonaire.com\\\/\",\"name\":\"Sonrisa Bonaire\",\"description\":\"Boutique Hotel Sonrisa Bonaire\",\"publisher\":{\"@id\":\"https:\\\/\\\/sonrisa-bonaire.com\\\/#organization\"},\"potentialAction\":[{\"@type\":\"SearchAction\",\"target\":{\"@type\":\"EntryPoint\",\"urlTemplate\":\"https:\\\/\\\/sonrisa-bonaire.com\\\/?s={search_term_string}\"},\"query-input\":{\"@type\":\"PropertyValueSpecification\",\"valueRequired\":true,\"valueName\":\"search_term_string\"}}],\"inLanguage\":\"de\"},{\"@type\":\"Organization\",\"@id\":\"https:\\\/\\\/sonrisa-bonaire.com\\\/#organization\",\"name\":\"Das Boutique Hotel Sonrisa\",\"url\":\"https:\\\/\\\/sonrisa-bonaire.com\\\/\",\"logo\":{\"@type\":\"ImageObject\",\"inLanguage\":\"de\",\"@id\":\"https:\\\/\\\/sonrisa-bonaire.com\\\/#\\\/schema\\\/logo\\\/image\\\/\",\"url\":\"https:\\\/\\\/sonrisa-bonaire.com\\\/wp-content\\\/uploads\\\/2022\\\/05\\\/logo_sonrisa-bonaire_web.svg\",\"contentUrl\":\"https:\\\/\\\/sonrisa-bonaire.com\\\/wp-content\\\/uploads\\\/2022\\\/05\\\/logo_sonrisa-bonaire_web.svg\",\"width\":200,\"height\":73,\"caption\":\"Das Boutique Hotel Sonrisa\"},\"image\":{\"@id\":\"https:\\\/\\\/sonrisa-bonaire.com\\\/#\\\/schema\\\/logo\\\/image\\\/\"},\"sameAs\":[\"https:\\\/\\\/www.facebook.com\\\/SonrisaBonaire\\\/\",\"https:\\\/\\\/www.instagram.com\\\/sonrisabonaire\\\/\",\"https:\\\/\\\/www.linkedin.com\\\/company\\\/sonrisa-bonaire\",\"https:\\\/\\\/www.youtube.com\\\/channel\\\/UCxCZYWl1dh3pdD4I8ojwYIw\"]}]}<\/script>\n<!-- \/ Yoast SEO plugin. -->","yoast_head_json":{"title":"Wohnen - Sonrisa Bonaire","robots":{"index":"index","follow":"follow","max-snippet":"max-snippet:-1","max-image-preview":"max-image-preview:large","max-video-preview":"max-video-preview:-1"},"canonical":"https:\/\/sonrisa-bonaire.com\/de\/leben\/","og_locale":"de_DE","og_type":"article","og_title":"Living - Sonrisa Bonaire","og_description":"LivingWhether hotel comfort or self-catering in a studio apartment &ndash; we offer flexible solutions for every wish. All our guests benefit from free Wi-Fi, car rental and professional diving and snorkeling equipment for hire. In the Sonrisa restaurant we serve a delicious breakfast every day to get the day off to the best possible start. [&hellip;]","og_url":"https:\/\/sonrisa-bonaire.com\/de\/leben\/","og_site_name":"Sonrisa Bonaire","article_publisher":"https:\/\/www.facebook.com\/SonrisaBonaire\/","article_modified_time":"2025-09-23T16:46:56+00:00","og_image":[{"width":2560,"height":1440,"url":"https:\/\/sonrisa-bonaire.com\/wp-content\/uploads\/2025\/07\/2506_Sonrisa_aussen_2560x1440.jpg","type":"image\/jpeg"}],"twitter_card":"summary_large_image","twitter_misc":{"Gesch\u00e4tzte Lesezeit":"2\u00a0Minuten"},"schema":{"@context":"https:\/\/schema.org","@graph":[{"@type":"WebPage","@id":"https:\/\/sonrisa-bonaire.com\/living\/","url":"https:\/\/sonrisa-bonaire.com\/living\/","name":"Wohnen - Sonrisa Bonaire","isPartOf":{"@id":"https:\/\/sonrisa-bonaire.com\/#website"},"primaryImageOfPage":{"@id":"https:\/\/sonrisa-bonaire.com\/living\/#primaryimage"},"image":{"@id":"https:\/\/sonrisa-bonaire.com\/living\/#primaryimage"},"thumbnailUrl":"https:\/\/sonrisa-bonaire.com\/wp-content\/uploads\/2025\/07\/2506_Sonrisa_aussen_2560x1440.jpg","datePublished":"2025-06-29T15:13:41+00:00","dateModified":"2025-09-23T16:46:56+00:00","breadcrumb":{"@id":"https:\/\/sonrisa-bonaire.com\/living\/#breadcrumb"},"inLanguage":"de","potentialAction":[{"@type":"ReadAction","target":["https:\/\/sonrisa-bonaire.com\/living\/"]}]},{"@type":"ImageObject","inLanguage":"de","@id":"https:\/\/sonrisa-bonaire.com\/living\/#primaryimage","url":"https:\/\/sonrisa-bonaire.com\/wp-content\/uploads\/2025\/07\/2506_Sonrisa_aussen_2560x1440.jpg","contentUrl":"https:\/\/sonrisa-bonaire.com\/wp-content\/uploads\/2025\/07\/2506_Sonrisa_aussen_2560x1440.jpg"},{"@type":"BreadcrumbList","@id":"https:\/\/sonrisa-bonaire.com\/living\/#breadcrumb","itemListElement":[{"@type":"ListItem","position":1,"name":"Startseite","item":"https:\/\/sonrisa-bonaire.com\/"},{"@type":"ListItem","position":2,"name":"Living"}]},{"@type":"WebSite","@id":"https:\/\/sonrisa-bonaire.com\/#website","url":"https:\/\/sonrisa-bonaire.com\/","name":"Sonrisa Bonaire","description":"Boutique Hotel Sonrisa Bonaire","publisher":{"@id":"https:\/\/sonrisa-bonaire.com\/#organization"},"potentialAction":[{"@type":"SearchAction","target":{"@type":"EntryPoint","urlTemplate":"https:\/\/sonrisa-bonaire.com\/?s={search_term_string}"},"query-input":{"@type":"PropertyValueSpecification","valueRequired":true,"valueName":"search_term_string"}}],"inLanguage":"de"},{"@type":"Organization","@id":"https:\/\/sonrisa-bonaire.com\/#organization","name":"Das Boutique Hotel Sonrisa","url":"https:\/\/sonrisa-bonaire.com\/","logo":{"@type":"ImageObject","inLanguage":"de","@id":"https:\/\/sonrisa-bonaire.com\/#\/schema\/logo\/image\/","url":"https:\/\/sonrisa-bonaire.com\/wp-content\/uploads\/2022\/05\/logo_sonrisa-bonaire_web.svg","contentUrl":"https:\/\/sonrisa-bonaire.com\/wp-content\/uploads\/2022\/05\/logo_sonrisa-bonaire_web.svg","width":200,"height":73,"caption":"Das Boutique Hotel Sonrisa"},"image":{"@id":"https:\/\/sonrisa-bonaire.com\/#\/schema\/logo\/image\/"},"sameAs":["https:\/\/www.facebook.com\/SonrisaBonaire\/","https:\/\/www.instagram.com\/sonrisabonaire\/","https:\/\/www.linkedin.com\/company\/sonrisa-bonaire","https:\/\/www.youtube.com\/channel\/UCxCZYWl1dh3pdD4I8ojwYIw"]}]}},"_links":{"self":[{"href":"https:\/\/sonrisa-bonaire.com\/de\/wp-json\/wp\/v2\/pages\/6646","targetHints":{"allow":["GET"]}}],"collection":[{"href":"https:\/\/sonrisa-bonaire.com\/de\/wp-json\/wp\/v2\/pages"}],"about":[{"href":"https:\/\/sonrisa-bonaire.com\/de\/wp-json\/wp\/v2\/types\/page"}],"author":[{"embeddable":true,"href":"https:\/\/sonrisa-bonaire.com\/de\/wp-json\/wp\/v2\/users\/1"}],"replies":[{"embeddable":true,"href":"https:\/\/sonrisa-bonaire.com\/de\/wp-json\/wp\/v2\/comments?post=6646"}],"version-history":[{"count":83,"href":"https:\/\/sonrisa-bonaire.com\/de\/wp-json\/wp\/v2\/pages\/6646\/revisions"}],"predecessor-version":[{"id":7231,"href":"https:\/\/sonrisa-bonaire.com\/de\/wp-json\/wp\/v2\/pages\/6646\/revisions\/7231"}],"wp:attachment":[{"href":"https:\/\/sonrisa-bonaire.com\/de\/wp-json\/wp\/v2\/media?parent=6646"}],"curies":[{"name":"wp","href":"https:\/\/api.w.org\/{rel}","templated":true}]}}