{"id":980,"date":"2022-02-03T11:25:35","date_gmt":"2022-02-03T15:25:35","guid":{"rendered":"https:\/\/sonrisa-bonaire.com\/?page_id=980"},"modified":"2025-10-08T15:27:29","modified_gmt":"2025-10-08T19:27:29","slug":"windsurfen","status":"publish","type":"page","link":"https:\/\/sonrisa-bonaire.com\/de\/windsurfen\/","title":{"rendered":"Windsurfen und Kitesurfen"},"content":{"rendered":"<?xml encoding=\"utf-8\" ?><div data-elementor-type=\"wp-page\" data-elementor-id=\"980\" class=\"elementor elementor-980\">\n\t\t\t\t\t\t<section class=\"elementor-section elementor-top-section elementor-element elementor-element-ff802ee elementor-section-boxed elementor-section-height-default elementor-section-height-default\" data-id=\"ff802ee\" data-element_type=\"section\" data-e-type=\"section\">\n\t\t\t\t\t\t<div class=\"elementor-container elementor-column-gap-default\">\n\t\t\t\t\t<div class=\"elementor-column elementor-col-100 elementor-top-column elementor-element elementor-element-7a0cee7\" data-id=\"7a0cee7\" data-element_type=\"column\" data-e-type=\"column\">\n\t\t\t<div class=\"elementor-widget-wrap elementor-element-populated\">\n\t\t\t\t\t\t<div class=\"elementor-element elementor-element-3b81351 elementor-widget elementor-widget-heading\" data-id=\"3b81351\" data-element_type=\"widget\" data-e-type=\"widget\" data-widget_type=\"heading.default\">\n\t\t\t\t<div class=\"elementor-widget-container\">\n\t\t\t\t\t<h2 class=\"elementor-heading-title elementor-size-default\">Windsurfen und Kitesurfen<\/h2>\t\t\t\t<\/div>\n\t\t\t\t<\/div>\n\t\t\t\t\t<\/div>\n\t\t<\/div>\n\t\t\t\t\t<\/div>\n\t\t<\/section>\n\t\t\t\t<section class=\"elementor-section elementor-top-section elementor-element elementor-element-e2b9fbd elementor-section-boxed elementor-section-height-default elementor-section-height-default\" data-id=\"e2b9fbd\" data-element_type=\"section\" data-e-type=\"section\">\n\t\t\t\t\t\t<div class=\"elementor-container elementor-column-gap-default\">\n\t\t\t\t\t<div class=\"elementor-column elementor-col-50 elementor-top-column elementor-element elementor-element-b46c744\" data-id=\"b46c744\" data-element_type=\"column\" data-e-type=\"column\">\n\t\t\t<div class=\"elementor-widget-wrap elementor-element-populated\">\n\t\t\t\t\t\t<div class=\"elementor-element elementor-element-126cd83 elementor-widget elementor-widget-image\" data-id=\"126cd83\" data-element_type=\"widget\" data-e-type=\"widget\" data-widget_type=\"image.default\">\n\t\t\t\t<div class=\"elementor-widget-container\">\n\t\t\t\t\t\t\t\t\t\t\t\t\t\t\t<img fetchpriority=\"high\" decoding=\"async\" width=\"640\" height=\"360\" src=\"https:\/\/sonrisa-bonaire.com\/wp-content\/uploads\/2022\/02\/2560x1440_Bonaire_Windsurfplace_R_Jurriens4.jpg\" class=\"attachment-large size-large wp-image-2345\" alt=\"\" srcset=\"https:\/\/sonrisa-bonaire.com\/wp-content\/uploads\/2022\/02\/2560x1440_Bonaire_Windsurfplace_R_Jurriens4.jpg 2560w, https:\/\/sonrisa-bonaire.com\/wp-content\/uploads\/2022\/02\/2560x1440_Bonaire_Windsurfplace_R_Jurriens4-1280x720.jpg 1280w, https:\/\/sonrisa-bonaire.com\/wp-content\/uploads\/2022\/02\/2560x1440_Bonaire_Windsurfplace_R_Jurriens4-768x432.jpg 768w, https:\/\/sonrisa-bonaire.com\/wp-content\/uploads\/2022\/02\/2560x1440_Bonaire_Windsurfplace_R_Jurriens4-1536x864.jpg 1536w, https:\/\/sonrisa-bonaire.com\/wp-content\/uploads\/2022\/02\/2560x1440_Bonaire_Windsurfplace_R_Jurriens4-2048x1152.jpg 2048w\" sizes=\"(max-width: 640px) 100vw, 640px\">\t\t\t\t\t\t\t\t\t\t\t\t\t\t\t<\/div>\n\t\t\t\t<\/div>\n\t\t\t\t\t<\/div>\n\t\t<\/div>\n\t\t\t\t<div class=\"elementor-column elementor-col-50 elementor-top-column elementor-element elementor-element-5f4f637\" data-id=\"5f4f637\" data-element_type=\"column\" data-e-type=\"column\">\n\t\t\t<div class=\"elementor-widget-wrap elementor-element-populated\">\n\t\t\t\t\t\t<div class=\"elementor-element elementor-element-4f4802e elementor-widget elementor-widget-text-editor\" data-id=\"4f4802e\" data-element_type=\"widget\" data-e-type=\"widget\" data-widget_type=\"text-editor.default\">\n\t\t\t\t<div class=\"elementor-widget-container\">\n\t\t\t\t\t\t\t\t\t<?xml encoding=\"utf-8\" ?><p><strong>Windsurfen<\/strong><\/p><p>F\u00fcr Windsurfer auf der ganzen Welt ist Bonaire ein Nirwana. Unsere st\u00fcrmischen Passatwinde und das kristallklare Wasser machen Bonaire zu einem der idyllischsten Ziele f\u00fcr Windsurfer auf der Welt. Es ist also keine \u00dcberraschung, dass so viele preisgekr\u00f6nte und professionelle Windsurfer Bonaire ihr Zuhause nennen.<\/p><p>In Sorobon, einem der Kronjuwelen von Bonaire, kommen sowohl Profis als auch Anf\u00e4nger zusammen. Auf der Ostseite der Insel gelegen, bietet Sorobon einen atemberaubenden Strand in einer gro\u00dfen gesch\u00fctzten Bucht. Hier finden Sie konstante Winde, warmes, seichtes Wasser und fast 365 Tage warmen Sonnenschein, was Sorobon zu einem idealen, weltweit anerkannten Ziel f\u00fcr Windsurfer macht.<\/p><p>Folgen Sie der <a href=\"https:\/\/maps.app.goo.gl\/9GV6xUAWusfezBCa8\" target=\"_blank\" rel=\"noopener\">Link zu Sorobon<\/a> mit allen M\u00f6glichkeiten des Windsurfens.<\/p>\n\t\t\t\t\t\t\t\t<\/div>\n\t\t\t\t<\/div>\n\t\t\t\t\t<\/div>\n\t\t<\/div>\n\t\t\t\t\t<\/div>\n\t\t<\/section>\n\t\t\t\t<section class=\"elementor-section elementor-top-section elementor-element elementor-element-c0b9c54 elementor-section-boxed elementor-section-height-default elementor-section-height-default\" data-id=\"c0b9c54\" data-element_type=\"section\" data-e-type=\"section\">\n\t\t\t\t\t\t<div class=\"elementor-container elementor-column-gap-default\">\n\t\t\t\t\t<div class=\"elementor-column elementor-col-100 elementor-top-column elementor-element elementor-element-0b5fa9c\" data-id=\"0b5fa9c\" data-element_type=\"column\" data-e-type=\"column\">\n\t\t\t<div class=\"elementor-widget-wrap elementor-element-populated\">\n\t\t\t\t\t\t<div class=\"elementor-element elementor-element-1b947c3 elementor-widget elementor-widget-spacer\" data-id=\"1b947c3\" data-element_type=\"widget\" data-e-type=\"widget\" data-widget_type=\"spacer.default\">\n\t\t\t\t<div class=\"elementor-widget-container\">\n\t\t\t\t\t\t\t<div class=\"elementor-spacer\">\n\t\t\t<div class=\"elementor-spacer-inner\"><\/div>\n\t\t<\/div>\n\t\t\t\t\t\t<\/div>\n\t\t\t\t<\/div>\n\t\t\t\t\t<\/div>\n\t\t<\/div>\n\t\t\t\t\t<\/div>\n\t\t<\/section>\n\t\t\t\t<section class=\"elementor-section elementor-top-section elementor-element elementor-element-af26109 elementor-section-boxed elementor-section-height-default elementor-section-height-default\" data-id=\"af26109\" data-element_type=\"section\" data-e-type=\"section\">\n\t\t\t\t\t\t<div class=\"elementor-container elementor-column-gap-default\">\n\t\t\t\t\t<div class=\"elementor-column elementor-col-50 elementor-top-column elementor-element elementor-element-a29df62\" data-id=\"a29df62\" data-element_type=\"column\" data-e-type=\"column\">\n\t\t\t<div class=\"elementor-widget-wrap elementor-element-populated\">\n\t\t\t\t\t\t<div class=\"elementor-element elementor-element-1cc6c67 elementor-widget elementor-widget-image\" data-id=\"1cc6c67\" data-element_type=\"widget\" data-e-type=\"widget\" data-widget_type=\"image.default\">\n\t\t\t\t<div class=\"elementor-widget-container\">\n\t\t\t\t\t\t\t\t\t\t\t\t\t\t\t<img decoding=\"async\" width=\"640\" height=\"360\" src=\"https:\/\/sonrisa-bonaire.com\/wp-content\/uploads\/2025\/10\/kitesurfing_TCB_16-9.jpg\" class=\"attachment-large size-large wp-image-7271\" alt=\"\" srcset=\"https:\/\/sonrisa-bonaire.com\/wp-content\/uploads\/2025\/10\/kitesurfing_TCB_16-9.jpg 2560w, https:\/\/sonrisa-bonaire.com\/wp-content\/uploads\/2025\/10\/kitesurfing_TCB_16-9-1280x720.jpg 1280w, https:\/\/sonrisa-bonaire.com\/wp-content\/uploads\/2025\/10\/kitesurfing_TCB_16-9-768x432.jpg 768w, https:\/\/sonrisa-bonaire.com\/wp-content\/uploads\/2025\/10\/kitesurfing_TCB_16-9-1536x864.jpg 1536w, https:\/\/sonrisa-bonaire.com\/wp-content\/uploads\/2025\/10\/kitesurfing_TCB_16-9-2048x1152.jpg 2048w, https:\/\/sonrisa-bonaire.com\/wp-content\/uploads\/2025\/10\/kitesurfing_TCB_16-9-18x10.jpg 18w\" sizes=\"(max-width: 640px) 100vw, 640px\">\t\t\t\t\t\t\t\t\t\t\t\t\t\t\t<\/div>\n\t\t\t\t<\/div>\n\t\t\t\t\t<\/div>\n\t\t<\/div>\n\t\t\t\t<div class=\"elementor-column elementor-col-50 elementor-top-column elementor-element elementor-element-ba4e066\" data-id=\"ba4e066\" data-element_type=\"column\" data-e-type=\"column\">\n\t\t\t<div class=\"elementor-widget-wrap elementor-element-populated\">\n\t\t\t\t\t\t<div class=\"elementor-element elementor-element-5293aa2 elementor-widget elementor-widget-text-editor\" data-id=\"5293aa2\" data-element_type=\"widget\" data-e-type=\"widget\" data-widget_type=\"text-editor.default\">\n\t\t\t\t<div class=\"elementor-widget-container\">\n\t\t\t\t\t\t\t\t\t<?xml encoding=\"utf-8\" ?><p><strong>Kiteboarding<\/strong><\/p><p>Wenn Sie ein Fan des Kitesurfens sind, werden Sie kaum einen perfekteren Ort finden, um sich auf dem Wasser auszutoben. Die Passatwinde, die Bonaire umschmeicheln, schaffen auch die idealen Bedingungen f\u00fcr das Kitesurfen an fast jedem Tag des Jahres. Das Kitesurfing-Gebiet befindet sich an der S\u00fcdwestspitze von Bonaire und kann gefunden werden, indem man den bunten Drachen folgt, die durch die Luft fliegen.<\/p><p>Wenn Sie \"Kiteboarding Bonaire\" googeln, k\u00f6nnen Sie alle Anbieter finden.<\/p>\n\t\t\t\t\t\t\t\t<\/div>\n\t\t\t\t<\/div>\n\t\t\t\t\t<\/div>\n\t\t<\/div>\n\t\t\t\t\t<\/div>\n\t\t<\/section>\n\t\t\t\t<\/div>","protected":false},"excerpt":{"rendered":"<p>Windsurfing &amp; Kiteboarding WindsurfingFor windsurfers the world over, Bonaire is nirvana. Our blustery trade winds and crystal clear waters come together to form one of the most idyllic windsurfing destinations on earth. So it&rsquo;s no surprise so many award-winning and champion professional windsurfers call Bonaire home.Both professionals and novices come together at Sorobon, one of [&hellip;]<\/p>","protected":false},"author":1,"featured_media":0,"parent":0,"menu_order":0,"comment_status":"closed","ping_status":"closed","template":"","meta":{"_acf_changed":false,"inline_featured_image":false,"footnotes":""},"class_list":["post-980","page","type-page","status-publish","hentry"],"acf":[],"yoast_head":"<!-- This site is optimized with the Yoast SEO plugin v27.4 - https:\/\/yoast.com\/product\/yoast-seo-wordpress\/ -->\n<title>Windsurfing &amp; Kiteboarding - Sonrisa Bonaire<\/title>\n<meta name=\"robots\" content=\"index, follow, max-snippet:-1, max-image-preview:large, max-video-preview:-1\" \/>\n<link rel=\"canonical\" href=\"https:\/\/sonrisa-bonaire.com\/de\/windsurfen\/\" \/>\n<meta property=\"og:locale\" content=\"de_DE\" \/>\n<meta property=\"og:type\" content=\"article\" \/>\n<meta property=\"og:title\" content=\"Windsurfing &amp; Kiteboarding - Sonrisa Bonaire\" \/>\n<meta property=\"og:description\" content=\"Windsurfing &amp; Kiteboarding WindsurfingFor windsurfers the world over, Bonaire is nirvana. Our blustery trade winds and crystal clear waters come together to form one of the most idyllic windsurfing destinations on earth. So it&rsquo;s no surprise so many award-winning and champion professional windsurfers call Bonaire home.Both professionals and novices come together at Sorobon, one of [&hellip;]\" \/>\n<meta property=\"og:url\" content=\"https:\/\/sonrisa-bonaire.com\/de\/windsurfen\/\" \/>\n<meta property=\"og:site_name\" content=\"Sonrisa Bonaire\" \/>\n<meta property=\"article:publisher\" content=\"https:\/\/www.facebook.com\/SonrisaBonaire\/\" \/>\n<meta property=\"article:modified_time\" content=\"2025-10-08T19:27:29+00:00\" \/>\n<meta property=\"og:image\" content=\"https:\/\/sonrisa-bonaire.com\/wp-content\/uploads\/2022\/02\/2560x1440_Bonaire_Windsurfplace_R_Jurriens4.jpg\" \/>\n\t<meta property=\"og:image:width\" content=\"2560\" \/>\n\t<meta property=\"og:image:height\" content=\"1440\" \/>\n\t<meta property=\"og:image:type\" content=\"image\/jpeg\" \/>\n<meta name=\"twitter:card\" content=\"summary_large_image\" \/>\n<meta name=\"twitter:label1\" content=\"Gesch\u00e4tzte Lesezeit\" \/>\n\t<meta name=\"twitter:data1\" content=\"2\u00a0Minuten\" \/>\n<script type=\"application\/ld+json\" class=\"yoast-schema-graph\">{\"@context\":\"https:\\\/\\\/schema.org\",\"@graph\":[{\"@type\":\"WebPage\",\"@id\":\"https:\\\/\\\/sonrisa-bonaire.com\\\/windsurfing\\\/\",\"url\":\"https:\\\/\\\/sonrisa-bonaire.com\\\/windsurfing\\\/\",\"name\":\"Windsurfing & Kiteboarding - Sonrisa Bonaire\",\"isPartOf\":{\"@id\":\"https:\\\/\\\/sonrisa-bonaire.com\\\/#website\"},\"primaryImageOfPage\":{\"@id\":\"https:\\\/\\\/sonrisa-bonaire.com\\\/windsurfing\\\/#primaryimage\"},\"image\":{\"@id\":\"https:\\\/\\\/sonrisa-bonaire.com\\\/windsurfing\\\/#primaryimage\"},\"thumbnailUrl\":\"https:\\\/\\\/sonrisa-bonaire.com\\\/wp-content\\\/uploads\\\/2022\\\/02\\\/2560x1440_Bonaire_Windsurfplace_R_Jurriens4.jpg\",\"datePublished\":\"2022-02-03T15:25:35+00:00\",\"dateModified\":\"2025-10-08T19:27:29+00:00\",\"breadcrumb\":{\"@id\":\"https:\\\/\\\/sonrisa-bonaire.com\\\/windsurfing\\\/#breadcrumb\"},\"inLanguage\":\"de\",\"potentialAction\":[{\"@type\":\"ReadAction\",\"target\":[\"https:\\\/\\\/sonrisa-bonaire.com\\\/windsurfing\\\/\"]}]},{\"@type\":\"ImageObject\",\"inLanguage\":\"de\",\"@id\":\"https:\\\/\\\/sonrisa-bonaire.com\\\/windsurfing\\\/#primaryimage\",\"url\":\"https:\\\/\\\/sonrisa-bonaire.com\\\/wp-content\\\/uploads\\\/2022\\\/02\\\/2560x1440_Bonaire_Windsurfplace_R_Jurriens4.jpg\",\"contentUrl\":\"https:\\\/\\\/sonrisa-bonaire.com\\\/wp-content\\\/uploads\\\/2022\\\/02\\\/2560x1440_Bonaire_Windsurfplace_R_Jurriens4.jpg\"},{\"@type\":\"BreadcrumbList\",\"@id\":\"https:\\\/\\\/sonrisa-bonaire.com\\\/windsurfing\\\/#breadcrumb\",\"itemListElement\":[{\"@type\":\"ListItem\",\"position\":1,\"name\":\"Startseite\",\"item\":\"https:\\\/\\\/sonrisa-bonaire.com\\\/\"},{\"@type\":\"ListItem\",\"position\":2,\"name\":\"Windsurfing &#038; Kiteboarding\"}]},{\"@type\":\"WebSite\",\"@id\":\"https:\\\/\\\/sonrisa-bonaire.com\\\/#website\",\"url\":\"https:\\\/\\\/sonrisa-bonaire.com\\\/\",\"name\":\"Sonrisa Bonaire\",\"description\":\"Boutique Hotel Sonrisa Bonaire\",\"publisher\":{\"@id\":\"https:\\\/\\\/sonrisa-bonaire.com\\\/#organization\"},\"potentialAction\":[{\"@type\":\"SearchAction\",\"target\":{\"@type\":\"EntryPoint\",\"urlTemplate\":\"https:\\\/\\\/sonrisa-bonaire.com\\\/?s={search_term_string}\"},\"query-input\":{\"@type\":\"PropertyValueSpecification\",\"valueRequired\":true,\"valueName\":\"search_term_string\"}}],\"inLanguage\":\"de\"},{\"@type\":\"Organization\",\"@id\":\"https:\\\/\\\/sonrisa-bonaire.com\\\/#organization\",\"name\":\"Das Boutique Hotel Sonrisa\",\"url\":\"https:\\\/\\\/sonrisa-bonaire.com\\\/\",\"logo\":{\"@type\":\"ImageObject\",\"inLanguage\":\"de\",\"@id\":\"https:\\\/\\\/sonrisa-bonaire.com\\\/#\\\/schema\\\/logo\\\/image\\\/\",\"url\":\"https:\\\/\\\/sonrisa-bonaire.com\\\/wp-content\\\/uploads\\\/2022\\\/05\\\/logo_sonrisa-bonaire_web.svg\",\"contentUrl\":\"https:\\\/\\\/sonrisa-bonaire.com\\\/wp-content\\\/uploads\\\/2022\\\/05\\\/logo_sonrisa-bonaire_web.svg\",\"width\":200,\"height\":73,\"caption\":\"Das Boutique Hotel Sonrisa\"},\"image\":{\"@id\":\"https:\\\/\\\/sonrisa-bonaire.com\\\/#\\\/schema\\\/logo\\\/image\\\/\"},\"sameAs\":[\"https:\\\/\\\/www.facebook.com\\\/SonrisaBonaire\\\/\",\"https:\\\/\\\/www.instagram.com\\\/sonrisabonaire\\\/\",\"https:\\\/\\\/www.linkedin.com\\\/company\\\/sonrisa-bonaire\",\"https:\\\/\\\/www.youtube.com\\\/channel\\\/UCxCZYWl1dh3pdD4I8ojwYIw\"]}]}<\/script>\n<!-- \/ Yoast SEO plugin. -->","yoast_head_json":{"title":"Windsurfen und Kitesurfen - Sonrisa Bonaire","robots":{"index":"index","follow":"follow","max-snippet":"max-snippet:-1","max-image-preview":"max-image-preview:large","max-video-preview":"max-video-preview:-1"},"canonical":"https:\/\/sonrisa-bonaire.com\/de\/windsurfen\/","og_locale":"de_DE","og_type":"article","og_title":"Windsurfing & Kiteboarding - Sonrisa Bonaire","og_description":"Windsurfing &amp; Kiteboarding WindsurfingFor windsurfers the world over, Bonaire is nirvana. Our blustery trade winds and crystal clear waters come together to form one of the most idyllic windsurfing destinations on earth. So it&rsquo;s no surprise so many award-winning and champion professional windsurfers call Bonaire home.Both professionals and novices come together at Sorobon, one of [&hellip;]","og_url":"https:\/\/sonrisa-bonaire.com\/de\/windsurfen\/","og_site_name":"Sonrisa Bonaire","article_publisher":"https:\/\/www.facebook.com\/SonrisaBonaire\/","article_modified_time":"2025-10-08T19:27:29+00:00","og_image":[{"width":2560,"height":1440,"url":"https:\/\/sonrisa-bonaire.com\/wp-content\/uploads\/2022\/02\/2560x1440_Bonaire_Windsurfplace_R_Jurriens4.jpg","type":"image\/jpeg"}],"twitter_card":"summary_large_image","twitter_misc":{"Gesch\u00e4tzte Lesezeit":"2\u00a0Minuten"},"schema":{"@context":"https:\/\/schema.org","@graph":[{"@type":"WebPage","@id":"https:\/\/sonrisa-bonaire.com\/windsurfing\/","url":"https:\/\/sonrisa-bonaire.com\/windsurfing\/","name":"Windsurfen und Kitesurfen - Sonrisa Bonaire","isPartOf":{"@id":"https:\/\/sonrisa-bonaire.com\/#website"},"primaryImageOfPage":{"@id":"https:\/\/sonrisa-bonaire.com\/windsurfing\/#primaryimage"},"image":{"@id":"https:\/\/sonrisa-bonaire.com\/windsurfing\/#primaryimage"},"thumbnailUrl":"https:\/\/sonrisa-bonaire.com\/wp-content\/uploads\/2022\/02\/2560x1440_Bonaire_Windsurfplace_R_Jurriens4.jpg","datePublished":"2022-02-03T15:25:35+00:00","dateModified":"2025-10-08T19:27:29+00:00","breadcrumb":{"@id":"https:\/\/sonrisa-bonaire.com\/windsurfing\/#breadcrumb"},"inLanguage":"de","potentialAction":[{"@type":"ReadAction","target":["https:\/\/sonrisa-bonaire.com\/windsurfing\/"]}]},{"@type":"ImageObject","inLanguage":"de","@id":"https:\/\/sonrisa-bonaire.com\/windsurfing\/#primaryimage","url":"https:\/\/sonrisa-bonaire.com\/wp-content\/uploads\/2022\/02\/2560x1440_Bonaire_Windsurfplace_R_Jurriens4.jpg","contentUrl":"https:\/\/sonrisa-bonaire.com\/wp-content\/uploads\/2022\/02\/2560x1440_Bonaire_Windsurfplace_R_Jurriens4.jpg"},{"@type":"BreadcrumbList","@id":"https:\/\/sonrisa-bonaire.com\/windsurfing\/#breadcrumb","itemListElement":[{"@type":"ListItem","position":1,"name":"Startseite","item":"https:\/\/sonrisa-bonaire.com\/"},{"@type":"ListItem","position":2,"name":"Windsurfing &#038; Kiteboarding"}]},{"@type":"WebSite","@id":"https:\/\/sonrisa-bonaire.com\/#website","url":"https:\/\/sonrisa-bonaire.com\/","name":"Sonrisa Bonaire","description":"Boutique Hotel Sonrisa Bonaire","publisher":{"@id":"https:\/\/sonrisa-bonaire.com\/#organization"},"potentialAction":[{"@type":"SearchAction","target":{"@type":"EntryPoint","urlTemplate":"https:\/\/sonrisa-bonaire.com\/?s={search_term_string}"},"query-input":{"@type":"PropertyValueSpecification","valueRequired":true,"valueName":"search_term_string"}}],"inLanguage":"de"},{"@type":"Organization","@id":"https:\/\/sonrisa-bonaire.com\/#organization","name":"Das Boutique Hotel Sonrisa","url":"https:\/\/sonrisa-bonaire.com\/","logo":{"@type":"ImageObject","inLanguage":"de","@id":"https:\/\/sonrisa-bonaire.com\/#\/schema\/logo\/image\/","url":"https:\/\/sonrisa-bonaire.com\/wp-content\/uploads\/2022\/05\/logo_sonrisa-bonaire_web.svg","contentUrl":"https:\/\/sonrisa-bonaire.com\/wp-content\/uploads\/2022\/05\/logo_sonrisa-bonaire_web.svg","width":200,"height":73,"caption":"Das Boutique Hotel Sonrisa"},"image":{"@id":"https:\/\/sonrisa-bonaire.com\/#\/schema\/logo\/image\/"},"sameAs":["https:\/\/www.facebook.com\/SonrisaBonaire\/","https:\/\/www.instagram.com\/sonrisabonaire\/","https:\/\/www.linkedin.com\/company\/sonrisa-bonaire","https:\/\/www.youtube.com\/channel\/UCxCZYWl1dh3pdD4I8ojwYIw"]}]}},"_links":{"self":[{"href":"https:\/\/sonrisa-bonaire.com\/de\/wp-json\/wp\/v2\/pages\/980","targetHints":{"allow":["GET"]}}],"collection":[{"href":"https:\/\/sonrisa-bonaire.com\/de\/wp-json\/wp\/v2\/pages"}],"about":[{"href":"https:\/\/sonrisa-bonaire.com\/de\/wp-json\/wp\/v2\/types\/page"}],"author":[{"embeddable":true,"href":"https:\/\/sonrisa-bonaire.com\/de\/wp-json\/wp\/v2\/users\/1"}],"replies":[{"embeddable":true,"href":"https:\/\/sonrisa-bonaire.com\/de\/wp-json\/wp\/v2\/comments?post=980"}],"version-history":[{"count":60,"href":"https:\/\/sonrisa-bonaire.com\/de\/wp-json\/wp\/v2\/pages\/980\/revisions"}],"predecessor-version":[{"id":7275,"href":"https:\/\/sonrisa-bonaire.com\/de\/wp-json\/wp\/v2\/pages\/980\/revisions\/7275"}],"wp:attachment":[{"href":"https:\/\/sonrisa-bonaire.com\/de\/wp-json\/wp\/v2\/media?parent=980"}],"curies":[{"name":"wp","href":"https:\/\/api.w.org\/{rel}","templated":true}]}}