{"id":2409,"date":"2022-02-28T08:10:00","date_gmt":"2022-02-28T12:10:00","guid":{"rendered":"https:\/\/sonrisa-bonaire.com\/?page_id=2409"},"modified":"2025-10-04T06:47:13","modified_gmt":"2025-10-04T10:47:13","slug":"condiciones","status":"publish","type":"page","link":"https:\/\/sonrisa-bonaire.com\/es\/condiciones\/","title":{"rendered":"Condiciones generales"},"content":{"rendered":"<?xml encoding=\"utf-8\" ?><div data-elementor-type=\"wp-page\" data-elementor-id=\"2409\" class=\"elementor elementor-2409\">\n\t\t\t\t\t\t<section class=\"elementor-section elementor-top-section elementor-element elementor-element-26515f5 elementor-section-boxed elementor-section-height-default elementor-section-height-default\" data-id=\"26515f5\" data-element_type=\"section\" data-e-type=\"section\">\n\t\t\t\t\t\t<div class=\"elementor-container elementor-column-gap-default\">\n\t\t\t\t\t<div class=\"elementor-column elementor-col-100 elementor-top-column elementor-element elementor-element-e2a864e\" data-id=\"e2a864e\" data-element_type=\"column\" data-e-type=\"column\">\n\t\t\t<div class=\"elementor-widget-wrap elementor-element-populated\">\n\t\t\t\t\t\t<div class=\"elementor-element elementor-element-bfdcd8f elementor-widget elementor-widget-heading\" data-id=\"bfdcd8f\" data-element_type=\"widget\" data-e-type=\"widget\" data-widget_type=\"heading.default\">\n\t\t\t\t<div class=\"elementor-widget-container\">\n\t\t\t\t\t<h2 class=\"elementor-heading-title elementor-size-default\">Condiciones generales<\/h2>\t\t\t\t<\/div>\n\t\t\t\t<\/div>\n\t\t\t\t\t<\/div>\n\t\t<\/div>\n\t\t\t\t\t<\/div>\n\t\t<\/section>\n\t\t\t\t<section class=\"elementor-section elementor-top-section elementor-element elementor-element-92c79eb elementor-section-boxed elementor-section-height-default elementor-section-height-default\" data-id=\"92c79eb\" data-element_type=\"section\" data-e-type=\"section\">\n\t\t\t\t\t\t<div class=\"elementor-container elementor-column-gap-default\">\n\t\t\t\t\t<div class=\"elementor-column elementor-col-100 elementor-top-column elementor-element elementor-element-1d559f2\" data-id=\"1d559f2\" data-element_type=\"column\" data-e-type=\"column\">\n\t\t\t<div class=\"elementor-widget-wrap elementor-element-populated\">\n\t\t\t\t\t\t<div class=\"elementor-element elementor-element-4c844b7 elementor-widget elementor-widget-text-editor\" data-id=\"4c844b7\" data-element_type=\"widget\" data-e-type=\"widget\" data-widget_type=\"text-editor.default\">\n\t\t\t\t<div class=\"elementor-widget-container\">\n\t\t\t\t\t\t\t\t\t<?xml encoding=\"utf-8\" ?><p><span style=\"font-weight: bold; font-size: inherit; line-height: inherit; letter-spacing: 0.1px;\">Precios<\/span><\/p><p><span data-no-translation=\"true\"><span data-no-translation=\"true\">Boutique Hotel<\/span><\/span> Sonrisa &amp; <span data-no-translation=\"true\"><span data-no-translation=\"true\">Deluxe Boutique Apartments Sonrisa<\/span><\/span> se reserva el derecho de aumentar o disminuir los precios del alojamiento en cualquier momento. El precio de la estancia se confirmar\u00e1 en el momento de la reserva.&nbsp;<\/p><p><span style=\"font-weight: bold; font-size: inherit; line-height: inherit; letter-spacing: 0.1px;\">Reservas y pagos<\/span><\/p><p>Reservas en <span data-no-translation=\"true\"><span data-no-translation=\"true\">Boutique Hotel<\/span><\/span> Sonrisa&nbsp;<span style=\"letter-spacing: 0.1px;\">&amp; <span data-no-translation=\"true\"><span data-no-translation=\"true\">Deluxe Boutique Apartments Sonrisa<\/span><\/span>&nbsp;<\/span><span style=\"letter-spacing: 0.1px;\">pueden realizarse preferentemente utilizando el motor de reservas de nuestra p\u00e1gina web o llamando directamente al hotel.&nbsp;<\/span><\/p><p><span style=\"font-weight: bold; font-size: inherit; line-height: inherit; letter-spacing: 0.1px;\">Pol\u00edticas de cancelaci\u00f3n<\/span><\/p><p>El hotel concede al cliente un derecho de desistimiento en cualquier momento. Se aplicar\u00e1n las siguientes disposiciones:<\/p><p>Las reservas se pueden cancelar gratuitamente en cualquier momento antes de la llegada. Las cancelaciones deben llegarnos por escrito (correo electr\u00f3nico\/WhatsApp) a m\u00e1s tardar el d\u00eda de llegada.&nbsp;<\/p><p>En caso de no presentarse sin notificaci\u00f3n por escrito, se cobrar\u00e1 una tasa de cancelaci\u00f3n del 100% del importe total de la reserva acordado.<\/p><p>Le recomendamos que contrate un seguro de viaje.<\/p><p>Se aplican condiciones de cancelaci\u00f3n especiales para agencias de viajes y als para viajes de grupos de 4 habitaciones o m\u00e1s. Cons\u00faltelas directamente con nosotros.<\/p><p><span style=\"font-weight: bold; font-size: inherit; line-height: inherit; letter-spacing: 0.1px;\">No disponibilidad de alojamiento<\/span><\/p><p>S\u00f3lo cancelaremos su reserva si su alojamiento no est\u00e1 disponible por razones ajenas a nuestra voluntad. Si tuvi\u00e9ramos que cancelar su habitaci\u00f3n m\u00e1s de 5 d\u00edas antes de su llegada, todos los pagos realizados ser\u00e1n reembolsados a su cuenta. Nuestra responsabilidad no se extender\u00e1 m\u00e1s all\u00e1 de este reembolso.<\/p><p><span style=\"font-weight: bold; font-size: inherit; line-height: inherit; letter-spacing: 0.1px;\">Facturaci\u00f3n<\/span><\/p><p>Su alojamiento estar\u00e1 a su disposici\u00f3n a partir de las 15.00 horas del d\u00eda de llegada, a menos que se acuerde lo contrario con antelaci\u00f3n. Es posible que no podamos atenderle si llega antes de la hora oficial de entrada, ya que estaremos preparando su habitaci\u00f3n.<\/p><p><span style=\"font-weight: bold; font-size: inherit; line-height: inherit; letter-spacing: 0.1px;\">Echa un vistazo<\/span><\/p><p>La hora de salida es a las 11.00 del d\u00eda de salida. Por favor, est\u00e9 preparado para desalojar su habitaci\u00f3n a esa hora, a menos que se acuerde lo contrario con antelaci\u00f3n.<\/p><p><span style=\"font-weight: bold; font-size: inherit; line-height: inherit; letter-spacing: 0.1px;\"><span data-no-translation=\"true\"><span data-no-translation=\"true\">Adults only<\/span><\/span><\/span><\/p><p>Como la designaci\u00f3n \"<span data-no-translation=\"true\"><span data-no-translation=\"true\">Adults only<\/span><\/span>\" ya revela, nuestro alojamiento&nbsp;<strong>se dirigen exclusivamente a los adultos.<\/strong> Esto no se debe a que no nos gusten los ni\u00f1os, al contrario, \u00a1nos encantan! Sin embargo, para nosotros es importante que las mam\u00e1s, los pap\u00e1s, las t\u00edas, los t\u00edos, las abuelas o los abuelos tambi\u00e9n puedan desconectar en nuestro hotel para adultos.<\/p><p><span style=\"font-weight: bold; font-size: inherit; line-height: inherit; letter-spacing: 0.1px;\">Fumar<\/span><\/p><p>Todas las habitaciones, los pasillos y la zona de desayunos son zonas para no fumadores. Se permite fumar en el jard\u00edn.<\/p><p><span style=\"font-weight: bold; font-size: inherit; line-height: inherit; letter-spacing: 0.1px;\">Mascotas<\/span><\/p><p>No se admiten animales de compa\u00f1\u00eda.<\/p><p><span style=\"font-weight: bold; font-size: inherit; line-height: inherit; letter-spacing: 0.1px;\">Desayuno<\/span><\/p><p>El desayuno se sirve de 07:30 a 09:30.<\/p><p><span style=\"font-weight: bold; font-size: inherit; line-height: inherit; letter-spacing: 0.1px;\">Da\u00f1os y roturas<\/span><\/p><p><span data-no-translation=\"true\"><span data-no-translation=\"true\">Boutique Hotel<\/span><\/span> Sonrisa&nbsp;<span style=\"letter-spacing: 0.1px;\">&amp; <span data-no-translation=\"true\"><span data-no-translation=\"true\">Deluxe Boutique Apartments Sonrisa<\/span><\/span>&nbsp;<\/span><span style=\"letter-spacing: 0.1px;\">le agradece que tenga cuidado cuando se aloje en nuestra propiedad. Usted es responsable de cualquier rotura o da\u00f1o que usted o sus visitantes causen al alojamiento o a su contenido. Le rogamos que nos informe de cualquier incidente lo antes posible. Normalmente no se cobra por roturas menores, pero si el da\u00f1o es significativo, <span data-no-translation=\"true\"><span data-no-translation=\"true\">Boutique Hotel<\/span><\/span> Sonrisa&nbsp;<\/span><span style=\"letter-spacing: 0.1px;\">&amp; <span data-no-translation=\"true\"><span data-no-translation=\"true\">Deluxe Boutique Apartments Sonrisa<\/span><\/span>&nbsp;<\/span><span style=\"letter-spacing: 0.1px;\">se reserva el derecho a cobrar el reembolso. Si no se informa de los da\u00f1os, se cobrar\u00e1 una tasa adicional de $50,00 por incidente, adem\u00e1s del reembolso por da\u00f1os importantes.<\/span><\/p><p><span style=\"font-weight: bold; font-size: inherit; line-height: inherit; letter-spacing: 0.1px;\">Interrupci\u00f3n de servicios de terceros<\/span><\/p><p>Bonaire es una isla peque\u00f1a con una buena infraestructura. Sin embargo, pueden producirse breves interrupciones en servicios de terceros como el agua, la electricidad o Internet. Aunque entendemos que estas interrupciones son inconvenientes y pueden ser frustrantes, no tenemos ning\u00fan control sobre ellas, y no podemos ser considerados responsables de cualquier asunto derivado de la interrupci\u00f3n de estos servicios.<\/p><p><span style=\"font-weight: bold; font-size: inherit; line-height: inherit; letter-spacing: 0.1px;\">Gastos adicionales de limpieza<\/span><\/p><p>Usted es responsable de dejar la habitaci\u00f3n en condiciones razonablemente limpias. En el improbable caso de que se produzcan gastos de limpieza adicionales, podremos exigir su reembolso.<\/p><p><span style=\"font-weight: bold; font-size: inherit; line-height: inherit; letter-spacing: 0.1px;\">Responsabilidad<\/span><\/p><p>No nos hacemos responsables de los da\u00f1os, p\u00e9rdidas o lesiones sufridos por cualquier miembro de su grupo o cualquier veh\u00edculo o posesi\u00f3n, a menos que se demuestre que han sido causados por un acto negligente por parte de <span data-no-translation=\"true\"><span data-no-translation=\"true\">Boutique Hotel<\/span><\/span> Sonrisa&nbsp;<span style=\"letter-spacing: 0.1px;\">&amp; <span data-no-translation=\"true\"><span data-no-translation=\"true\">Deluxe Boutique Apartments Sonrisa<\/span><\/span><\/span><span style=\"letter-spacing: 0.1px;\">nuestros empleados o contratistas en el ejercicio de sus funciones.<\/span><\/p><p><span style=\"font-weight: bold; font-size: inherit; line-height: inherit; letter-spacing: 0.1px;\">Pol\u00edtica de privacidad<\/span><\/p><p>Todos los datos recogidos a trav\u00e9s de las reservas se almacenar\u00e1n en nuestro(s) ordenador(es) y\/o en nuestro sistema de archivo personal. Con su permiso, es posible que de vez en cuando nos pongamos en contacto con usted para informarle sobre promociones. Si prefiere no recibir estos avisos, h\u00e1ganoslo saber. Nunca compartiremos su nombre, direcci\u00f3n de correo electr\u00f3nico u otros detalles de su reserva con terceros.<\/p>\n\t\t\t\t\t\t\t\t<\/div>\n\t\t\t\t<\/div>\n\t\t\t\t\t<\/div>\n\t\t<\/div>\n\t\t\t\t\t<\/div>\n\t\t<\/section>\n\t\t\t\t<section class=\"elementor-section elementor-top-section elementor-element elementor-element-df3b10a elementor-section-boxed elementor-section-height-default elementor-section-height-default\" data-id=\"df3b10a\" data-element_type=\"section\" data-e-type=\"section\">\n\t\t\t\t\t\t<div class=\"elementor-container elementor-column-gap-default\">\n\t\t\t\t\t<div class=\"elementor-column elementor-col-100 elementor-top-column elementor-element elementor-element-c7186cb\" data-id=\"c7186cb\" data-element_type=\"column\" data-e-type=\"column\">\n\t\t\t<div class=\"elementor-widget-wrap elementor-element-populated\">\n\t\t\t\t\t\t<div class=\"elementor-element elementor-element-01ec3a4 elementor-widget elementor-widget-spacer\" data-id=\"01ec3a4\" data-element_type=\"widget\" data-e-type=\"widget\" data-widget_type=\"spacer.default\">\n\t\t\t\t<div class=\"elementor-widget-container\">\n\t\t\t\t\t\t\t<div class=\"elementor-spacer\">\n\t\t\t<div class=\"elementor-spacer-inner\"><\/div>\n\t\t<\/div>\n\t\t\t\t\t\t<\/div>\n\t\t\t\t<\/div>\n\t\t\t\t\t<\/div>\n\t\t<\/div>\n\t\t\t\t\t<\/div>\n\t\t<\/section>\n\t\t\t\t<\/div>","protected":false},"excerpt":{"rendered":"<p>Terms &amp; conditionsPricesBoutique Hotel Sonrisa &amp; Deluxe Boutique Apartments Sonrisa reserves the right to increase or decrease the prices of accommodation at any time. The price of your stay will be confirmed at the time of booking.&nbsp;Booking and PaymentsBookings at Boutique Hotel Sonrisa&nbsp;&amp; Deluxe Boutique Apartments Sonrisa&nbsp;may be preferably made by using the booking engine [&hellip;]<\/p>","protected":false},"author":1,"featured_media":0,"parent":0,"menu_order":0,"comment_status":"closed","ping_status":"closed","template":"","meta":{"_acf_changed":false,"inline_featured_image":false,"footnotes":""},"class_list":["post-2409","page","type-page","status-publish","hentry"],"acf":[],"yoast_head":"<!-- This site is optimized with the Yoast SEO plugin v27.4 - https:\/\/yoast.com\/product\/yoast-seo-wordpress\/ -->\n<title>Terms &amp; conditions - Sonrisa Bonaire<\/title>\n<meta name=\"robots\" content=\"index, follow, max-snippet:-1, max-image-preview:large, max-video-preview:-1\" \/>\n<link rel=\"canonical\" href=\"https:\/\/sonrisa-bonaire.com\/es\/condiciones\/\" \/>\n<meta property=\"og:locale\" content=\"es_ES\" \/>\n<meta property=\"og:type\" content=\"article\" \/>\n<meta property=\"og:title\" content=\"Terms &amp; conditions - Sonrisa Bonaire\" \/>\n<meta property=\"og:description\" content=\"Terms &amp; conditionsPricesBoutique Hotel Sonrisa &amp; Deluxe Boutique Apartments Sonrisa reserves the right to increase or decrease the prices of accommodation at any time. The price of your stay will be confirmed at the time of booking.&nbsp;Booking and PaymentsBookings at Boutique Hotel Sonrisa&nbsp;&amp; Deluxe Boutique Apartments Sonrisa&nbsp;may be preferably made by using the booking engine [&hellip;]\" \/>\n<meta property=\"og:url\" content=\"https:\/\/sonrisa-bonaire.com\/es\/condiciones\/\" \/>\n<meta property=\"og:site_name\" content=\"Sonrisa Bonaire\" \/>\n<meta property=\"article:publisher\" content=\"https:\/\/www.facebook.com\/SonrisaBonaire\/\" \/>\n<meta property=\"article:modified_time\" content=\"2025-10-04T10:47:13+00:00\" \/>\n<meta name=\"twitter:card\" content=\"summary_large_image\" \/>\n<meta name=\"twitter:label1\" content=\"Tiempo de lectura\" \/>\n\t<meta name=\"twitter:data1\" content=\"4 minutos\" \/>\n<script type=\"application\/ld+json\" class=\"yoast-schema-graph\">{\"@context\":\"https:\\\/\\\/schema.org\",\"@graph\":[{\"@type\":\"WebPage\",\"@id\":\"https:\\\/\\\/sonrisa-bonaire.com\\\/terms-conditions\\\/\",\"url\":\"https:\\\/\\\/sonrisa-bonaire.com\\\/terms-conditions\\\/\",\"name\":\"Terms & conditions - Sonrisa Bonaire\",\"isPartOf\":{\"@id\":\"https:\\\/\\\/sonrisa-bonaire.com\\\/#website\"},\"datePublished\":\"2022-02-28T12:10:00+00:00\",\"dateModified\":\"2025-10-04T10:47:13+00:00\",\"breadcrumb\":{\"@id\":\"https:\\\/\\\/sonrisa-bonaire.com\\\/terms-conditions\\\/#breadcrumb\"},\"inLanguage\":\"es\",\"potentialAction\":[{\"@type\":\"ReadAction\",\"target\":[\"https:\\\/\\\/sonrisa-bonaire.com\\\/terms-conditions\\\/\"]}]},{\"@type\":\"BreadcrumbList\",\"@id\":\"https:\\\/\\\/sonrisa-bonaire.com\\\/terms-conditions\\\/#breadcrumb\",\"itemListElement\":[{\"@type\":\"ListItem\",\"position\":1,\"name\":\"Startseite\",\"item\":\"https:\\\/\\\/sonrisa-bonaire.com\\\/\"},{\"@type\":\"ListItem\",\"position\":2,\"name\":\"Terms &#038; conditions\"}]},{\"@type\":\"WebSite\",\"@id\":\"https:\\\/\\\/sonrisa-bonaire.com\\\/#website\",\"url\":\"https:\\\/\\\/sonrisa-bonaire.com\\\/\",\"name\":\"Sonrisa Bonaire\",\"description\":\"Boutique Hotel Sonrisa Bonaire\",\"publisher\":{\"@id\":\"https:\\\/\\\/sonrisa-bonaire.com\\\/#organization\"},\"potentialAction\":[{\"@type\":\"SearchAction\",\"target\":{\"@type\":\"EntryPoint\",\"urlTemplate\":\"https:\\\/\\\/sonrisa-bonaire.com\\\/?s={search_term_string}\"},\"query-input\":{\"@type\":\"PropertyValueSpecification\",\"valueRequired\":true,\"valueName\":\"search_term_string\"}}],\"inLanguage\":\"es\"},{\"@type\":\"Organization\",\"@id\":\"https:\\\/\\\/sonrisa-bonaire.com\\\/#organization\",\"name\":\"Das Boutique Hotel Sonrisa\",\"url\":\"https:\\\/\\\/sonrisa-bonaire.com\\\/\",\"logo\":{\"@type\":\"ImageObject\",\"inLanguage\":\"es\",\"@id\":\"https:\\\/\\\/sonrisa-bonaire.com\\\/#\\\/schema\\\/logo\\\/image\\\/\",\"url\":\"https:\\\/\\\/sonrisa-bonaire.com\\\/wp-content\\\/uploads\\\/2022\\\/05\\\/logo_sonrisa-bonaire_web.svg\",\"contentUrl\":\"https:\\\/\\\/sonrisa-bonaire.com\\\/wp-content\\\/uploads\\\/2022\\\/05\\\/logo_sonrisa-bonaire_web.svg\",\"width\":200,\"height\":73,\"caption\":\"Das Boutique Hotel Sonrisa\"},\"image\":{\"@id\":\"https:\\\/\\\/sonrisa-bonaire.com\\\/#\\\/schema\\\/logo\\\/image\\\/\"},\"sameAs\":[\"https:\\\/\\\/www.facebook.com\\\/SonrisaBonaire\\\/\",\"https:\\\/\\\/www.instagram.com\\\/sonrisabonaire\\\/\",\"https:\\\/\\\/www.linkedin.com\\\/company\\\/sonrisa-bonaire\",\"https:\\\/\\\/www.youtube.com\\\/channel\\\/UCxCZYWl1dh3pdD4I8ojwYIw\"]}]}<\/script>\n<!-- \/ Yoast SEO plugin. -->","yoast_head_json":{"title":"Condiciones generales - Sonrisa Bonaire","robots":{"index":"index","follow":"follow","max-snippet":"max-snippet:-1","max-image-preview":"max-image-preview:large","max-video-preview":"max-video-preview:-1"},"canonical":"https:\/\/sonrisa-bonaire.com\/es\/condiciones\/","og_locale":"es_ES","og_type":"article","og_title":"Terms & conditions - Sonrisa Bonaire","og_description":"Terms &amp; conditionsPricesBoutique Hotel Sonrisa &amp; Deluxe Boutique Apartments Sonrisa reserves the right to increase or decrease the prices of accommodation at any time. The price of your stay will be confirmed at the time of booking.&nbsp;Booking and PaymentsBookings at Boutique Hotel Sonrisa&nbsp;&amp; Deluxe Boutique Apartments Sonrisa&nbsp;may be preferably made by using the booking engine [&hellip;]","og_url":"https:\/\/sonrisa-bonaire.com\/es\/condiciones\/","og_site_name":"Sonrisa Bonaire","article_publisher":"https:\/\/www.facebook.com\/SonrisaBonaire\/","article_modified_time":"2025-10-04T10:47:13+00:00","twitter_card":"summary_large_image","twitter_misc":{"Tiempo de lectura":"4 minutos"},"schema":{"@context":"https:\/\/schema.org","@graph":[{"@type":"WebPage","@id":"https:\/\/sonrisa-bonaire.com\/terms-conditions\/","url":"https:\/\/sonrisa-bonaire.com\/terms-conditions\/","name":"Condiciones generales - Sonrisa Bonaire","isPartOf":{"@id":"https:\/\/sonrisa-bonaire.com\/#website"},"datePublished":"2022-02-28T12:10:00+00:00","dateModified":"2025-10-04T10:47:13+00:00","breadcrumb":{"@id":"https:\/\/sonrisa-bonaire.com\/terms-conditions\/#breadcrumb"},"inLanguage":"es","potentialAction":[{"@type":"ReadAction","target":["https:\/\/sonrisa-bonaire.com\/terms-conditions\/"]}]},{"@type":"BreadcrumbList","@id":"https:\/\/sonrisa-bonaire.com\/terms-conditions\/#breadcrumb","itemListElement":[{"@type":"ListItem","position":1,"name":"Startseite","item":"https:\/\/sonrisa-bonaire.com\/"},{"@type":"ListItem","position":2,"name":"Terms &#038; conditions"}]},{"@type":"WebSite","@id":"https:\/\/sonrisa-bonaire.com\/#website","url":"https:\/\/sonrisa-bonaire.com\/","name":"Sonrisa Bonaire","description":"Boutique Hotel Sonrisa Bonaire","publisher":{"@id":"https:\/\/sonrisa-bonaire.com\/#organization"},"potentialAction":[{"@type":"SearchAction","target":{"@type":"EntryPoint","urlTemplate":"https:\/\/sonrisa-bonaire.com\/?s={search_term_string}"},"query-input":{"@type":"PropertyValueSpecification","valueRequired":true,"valueName":"search_term_string"}}],"inLanguage":"es"},{"@type":"Organization","@id":"https:\/\/sonrisa-bonaire.com\/#organization","name":"Das Boutique Hotel Sonrisa","url":"https:\/\/sonrisa-bonaire.com\/","logo":{"@type":"ImageObject","inLanguage":"es","@id":"https:\/\/sonrisa-bonaire.com\/#\/schema\/logo\/image\/","url":"https:\/\/sonrisa-bonaire.com\/wp-content\/uploads\/2022\/05\/logo_sonrisa-bonaire_web.svg","contentUrl":"https:\/\/sonrisa-bonaire.com\/wp-content\/uploads\/2022\/05\/logo_sonrisa-bonaire_web.svg","width":200,"height":73,"caption":"Das Boutique Hotel Sonrisa"},"image":{"@id":"https:\/\/sonrisa-bonaire.com\/#\/schema\/logo\/image\/"},"sameAs":["https:\/\/www.facebook.com\/SonrisaBonaire\/","https:\/\/www.instagram.com\/sonrisabonaire\/","https:\/\/www.linkedin.com\/company\/sonrisa-bonaire","https:\/\/www.youtube.com\/channel\/UCxCZYWl1dh3pdD4I8ojwYIw"]}]}},"_links":{"self":[{"href":"https:\/\/sonrisa-bonaire.com\/es\/wp-json\/wp\/v2\/pages\/2409","targetHints":{"allow":["GET"]}}],"collection":[{"href":"https:\/\/sonrisa-bonaire.com\/es\/wp-json\/wp\/v2\/pages"}],"about":[{"href":"https:\/\/sonrisa-bonaire.com\/es\/wp-json\/wp\/v2\/types\/page"}],"author":[{"embeddable":true,"href":"https:\/\/sonrisa-bonaire.com\/es\/wp-json\/wp\/v2\/users\/1"}],"replies":[{"embeddable":true,"href":"https:\/\/sonrisa-bonaire.com\/es\/wp-json\/wp\/v2\/comments?post=2409"}],"version-history":[{"count":38,"href":"https:\/\/sonrisa-bonaire.com\/es\/wp-json\/wp\/v2\/pages\/2409\/revisions"}],"predecessor-version":[{"id":7258,"href":"https:\/\/sonrisa-bonaire.com\/es\/wp-json\/wp\/v2\/pages\/2409\/revisions\/7258"}],"wp:attachment":[{"href":"https:\/\/sonrisa-bonaire.com\/es\/wp-json\/wp\/v2\/media?parent=2409"}],"curies":[{"name":"wp","href":"https:\/\/api.w.org\/{rel}","templated":true}]}}