{"id":6646,"date":"2025-06-29T11:13:41","date_gmt":"2025-06-29T15:13:41","guid":{"rendered":"https:\/\/sonrisa-bonaire.com\/?page_id=6646"},"modified":"2025-09-23T12:46:56","modified_gmt":"2025-09-23T16:46:56","slug":"vivir","status":"publish","type":"page","link":"https:\/\/sonrisa-bonaire.com\/es\/vivir\/","title":{"rendered":"Vivir"},"content":{"rendered":"<?xml encoding=\"utf-8\" ?><div data-elementor-type=\"wp-page\" data-elementor-id=\"6646\" class=\"elementor elementor-6646\">\n\t\t\t\t\t\t<section class=\"elementor-section elementor-top-section elementor-element elementor-element-10349d6 elementor-section-boxed elementor-section-height-default elementor-section-height-default\" data-id=\"10349d6\" data-element_type=\"section\" data-e-type=\"section\">\n\t\t\t\t\t\t<div class=\"elementor-container elementor-column-gap-default\">\n\t\t\t\t\t<div class=\"elementor-column elementor-col-100 elementor-top-column elementor-element elementor-element-313af7b\" data-id=\"313af7b\" data-element_type=\"column\" data-e-type=\"column\">\n\t\t\t<div class=\"elementor-widget-wrap elementor-element-populated\">\n\t\t\t\t\t\t<div class=\"elementor-element elementor-element-3173fad elementor-widget elementor-widget-heading\" data-id=\"3173fad\" data-element_type=\"widget\" data-e-type=\"widget\" data-widget_type=\"heading.default\">\n\t\t\t\t<div class=\"elementor-widget-container\">\n\t\t\t\t\t<h2 class=\"elementor-heading-title elementor-size-default\">Vivir<\/h2>\t\t\t\t<\/div>\n\t\t\t\t<\/div>\n\t\t\t\t\t<\/div>\n\t\t<\/div>\n\t\t\t\t\t<\/div>\n\t\t<\/section>\n\t\t\t\t<section class=\"elementor-section elementor-top-section elementor-element elementor-element-420c75d elementor-section-boxed elementor-section-height-default elementor-section-height-default\" data-id=\"420c75d\" data-element_type=\"section\" data-e-type=\"section\">\n\t\t\t\t\t\t<div class=\"elementor-container elementor-column-gap-default\">\n\t\t\t\t\t<div class=\"elementor-column elementor-col-100 elementor-top-column elementor-element elementor-element-d903b9e\" data-id=\"d903b9e\" data-element_type=\"column\" data-e-type=\"column\">\n\t\t\t<div class=\"elementor-widget-wrap elementor-element-populated\">\n\t\t\t\t\t\t<div class=\"elementor-element elementor-element-739613c elementor-widget elementor-widget-text-editor\" data-id=\"739613c\" data-element_type=\"widget\" data-e-type=\"widget\" data-widget_type=\"text-editor.default\">\n\t\t\t\t<div class=\"elementor-widget-container\">\n\t\t\t\t\t\t\t\t\t<?xml encoding=\"utf-8\" ?><p><strong>Ya sea en un hotel o en un apartamento estudio, ofrecemos soluciones flexibles para todos los deseos. Todos nuestros hu\u00e9spedes se benefician de Wi-Fi gratuito, alquiler de coches y equipos profesionales de buceo y snorkel de alquiler. En el restaurante Sonrisa servimos todos los d\u00edas un delicioso desayuno para empezar el d\u00eda de la mejor manera posible.<\/strong><\/p>\n\t\t\t\t\t\t\t\t<\/div>\n\t\t\t\t<\/div>\n\t\t\t\t\t<\/div>\n\t\t<\/div>\n\t\t\t\t\t<\/div>\n\t\t<\/section>\n\t\t\t\t<section class=\"elementor-section elementor-top-section elementor-element elementor-element-cca3999 elementor-section-boxed elementor-section-height-default elementor-section-height-default\" data-id=\"cca3999\" data-element_type=\"section\" data-e-type=\"section\">\n\t\t\t\t\t\t<div class=\"elementor-container elementor-column-gap-default\">\n\t\t\t\t\t<div class=\"elementor-column elementor-col-100 elementor-top-column elementor-element elementor-element-9f327e4\" data-id=\"9f327e4\" data-element_type=\"column\" data-e-type=\"column\">\n\t\t\t<div class=\"elementor-widget-wrap elementor-element-populated\">\n\t\t\t\t\t\t<div class=\"elementor-element elementor-element-a11790e elementor-widget elementor-widget-spacer\" data-id=\"a11790e\" data-element_type=\"widget\" data-e-type=\"widget\" data-widget_type=\"spacer.default\">\n\t\t\t\t<div class=\"elementor-widget-container\">\n\t\t\t\t\t\t\t<div class=\"elementor-spacer\">\n\t\t\t<div class=\"elementor-spacer-inner\"><\/div>\n\t\t<\/div>\n\t\t\t\t\t\t<\/div>\n\t\t\t\t<\/div>\n\t\t\t\t\t<\/div>\n\t\t<\/div>\n\t\t\t\t\t<\/div>\n\t\t<\/section>\n\t\t\t\t<section class=\"elementor-section elementor-top-section elementor-element elementor-element-19b745d elementor-section-boxed elementor-section-height-default elementor-section-height-default\" data-id=\"19b745d\" data-element_type=\"section\" data-e-type=\"section\">\n\t\t\t\t\t\t<div class=\"elementor-container elementor-column-gap-default\">\n\t\t\t\t\t<div class=\"elementor-column elementor-col-50 elementor-top-column elementor-element elementor-element-1dd2519\" data-id=\"1dd2519\" data-element_type=\"column\" data-e-type=\"column\">\n\t\t\t<div class=\"elementor-widget-wrap elementor-element-populated\">\n\t\t\t\t\t\t<div class=\"elementor-element elementor-element-ff067e6 elementor-widget elementor-widget-image\" data-id=\"ff067e6\" data-element_type=\"widget\" data-e-type=\"widget\" data-widget_type=\"image.default\">\n\t\t\t\t<div class=\"elementor-widget-container\">\n\t\t\t\t\t\t\t\t\t\t\t\t\t\t\t<img fetchpriority=\"high\" decoding=\"async\" width=\"640\" height=\"360\" src=\"https:\/\/sonrisa-bonaire.com\/wp-content\/uploads\/2025\/07\/2506_Sonrisa_aussen_2560x1440.jpg\" class=\"attachment-large size-large wp-image-6703\" alt=\"\" srcset=\"https:\/\/sonrisa-bonaire.com\/wp-content\/uploads\/2025\/07\/2506_Sonrisa_aussen_2560x1440.jpg 2560w, https:\/\/sonrisa-bonaire.com\/wp-content\/uploads\/2025\/07\/2506_Sonrisa_aussen_2560x1440-1280x720.jpg 1280w, https:\/\/sonrisa-bonaire.com\/wp-content\/uploads\/2025\/07\/2506_Sonrisa_aussen_2560x1440-768x432.jpg 768w, https:\/\/sonrisa-bonaire.com\/wp-content\/uploads\/2025\/07\/2506_Sonrisa_aussen_2560x1440-1536x864.jpg 1536w, https:\/\/sonrisa-bonaire.com\/wp-content\/uploads\/2025\/07\/2506_Sonrisa_aussen_2560x1440-2048x1152.jpg 2048w\" sizes=\"(max-width: 640px) 100vw, 640px\">\t\t\t\t\t\t\t\t\t\t\t\t\t\t\t<\/div>\n\t\t\t\t<\/div>\n\t\t\t\t\t<\/div>\n\t\t<\/div>\n\t\t\t\t<div class=\"elementor-column elementor-col-50 elementor-top-column elementor-element elementor-element-45670e5\" data-id=\"45670e5\" data-element_type=\"column\" data-e-type=\"column\">\n\t\t\t<div class=\"elementor-widget-wrap elementor-element-populated\">\n\t\t\t\t\t\t<div class=\"elementor-element elementor-element-c057bb2 elementor-widget elementor-widget-text-editor\" data-id=\"c057bb2\" data-element_type=\"widget\" data-e-type=\"widget\" data-widget_type=\"text-editor.default\">\n\t\t\t\t<div class=\"elementor-widget-container\">\n\t\t\t\t\t\t\t\t\t<?xml encoding=\"utf-8\" ?><p><strong><span data-no-translation=\"true\"><span data-no-translation=\"true\">Boutique Hotel<\/span><\/span> &amp; Restaurante Sonrisa<\/strong><\/p><p>En <span data-no-translation=\"true\"><span data-no-translation=\"true\">Boutique Hotel<\/span><\/span> Sonrisa consta de doce suites amuebladas al estilo t\u00edpico local con muchos extras, as\u00ed como una suite boutique de lujo. Las suites tambi\u00e9n pueden reservarse para uso individual. Cada suite tiene su propio escritorio.<\/p><p>Queremos hacer que su estancia sea muy especial. Con nuestro ambiente caribe\u00f1o, servicio familiar y fina hospitalidad, se sentir\u00e1 como en casa y podr\u00e1 dejarse llevar desde la primera noche. La limpieza diaria completa nuestra oferta en el hotel.<\/p>\n\t\t\t\t\t\t\t\t<\/div>\n\t\t\t\t<\/div>\n\t\t\t\t<div class=\"elementor-element elementor-element-3f1086f elementor-widget elementor-widget-button\" data-id=\"3f1086f\" data-element_type=\"widget\" data-e-type=\"widget\" data-widget_type=\"button.default\">\n\t\t\t\t<div class=\"elementor-widget-container\">\n\t\t\t\t\t\t\t\t\t<div class=\"elementor-button-wrapper\">\n\t\t\t\t\t<a class=\"elementor-button elementor-button-link elementor-size-xl\" href=\"https:\/\/sonrisa-bonaire.com\/es\/suites\/\">\n\t\t\t\t\t\t<span class=\"elementor-button-content-wrapper\">\n\t\t\t\t\t\t\t\t\t<span class=\"elementor-button-text\">Descubre la <span data-no-translation=\"true\">Boutique Hotel<\/span> Suites<\/span>\n\t\t\t\t\t<\/span>\n\t\t\t\t\t<\/a>\n\t\t\t\t<\/div>\n\t\t\t\t\t\t\t\t<\/div>\n\t\t\t\t<\/div>\n\t\t\t\t\t<\/div>\n\t\t<\/div>\n\t\t\t\t\t<\/div>\n\t\t<\/section>\n\t\t\t\t<section class=\"elementor-section elementor-top-section elementor-element elementor-element-b0eaedd elementor-section-boxed elementor-section-height-default elementor-section-height-default\" data-id=\"b0eaedd\" data-element_type=\"section\" data-e-type=\"section\">\n\t\t\t\t\t\t<div class=\"elementor-container elementor-column-gap-default\">\n\t\t\t\t\t<div class=\"elementor-column elementor-col-100 elementor-top-column elementor-element elementor-element-9245e2d\" data-id=\"9245e2d\" data-element_type=\"column\" data-e-type=\"column\">\n\t\t\t<div class=\"elementor-widget-wrap elementor-element-populated\">\n\t\t\t\t\t\t<div class=\"elementor-element elementor-element-11309f0 elementor-widget elementor-widget-spacer\" data-id=\"11309f0\" data-element_type=\"widget\" data-e-type=\"widget\" data-widget_type=\"spacer.default\">\n\t\t\t\t<div class=\"elementor-widget-container\">\n\t\t\t\t\t\t\t<div class=\"elementor-spacer\">\n\t\t\t<div class=\"elementor-spacer-inner\"><\/div>\n\t\t<\/div>\n\t\t\t\t\t\t<\/div>\n\t\t\t\t<\/div>\n\t\t\t\t\t<\/div>\n\t\t<\/div>\n\t\t\t\t\t<\/div>\n\t\t<\/section>\n\t\t\t\t<section class=\"elementor-section elementor-top-section elementor-element elementor-element-59eda1f elementor-section-boxed elementor-section-height-default elementor-section-height-default\" data-id=\"59eda1f\" data-element_type=\"section\" data-e-type=\"section\">\n\t\t\t\t\t\t<div class=\"elementor-container elementor-column-gap-default\">\n\t\t\t\t\t<div class=\"elementor-column elementor-col-50 elementor-top-column elementor-element elementor-element-ee62882\" data-id=\"ee62882\" data-element_type=\"column\" data-e-type=\"column\">\n\t\t\t<div class=\"elementor-widget-wrap elementor-element-populated\">\n\t\t\t\t\t\t<div class=\"elementor-element elementor-element-c70093b elementor-widget elementor-widget-image\" data-id=\"c70093b\" data-element_type=\"widget\" data-e-type=\"widget\" data-widget_type=\"image.default\">\n\t\t\t\t<div class=\"elementor-widget-container\">\n\t\t\t\t\t\t\t\t\t\t\t\t\t\t\t<img decoding=\"async\" width=\"640\" height=\"360\" src=\"https:\/\/sonrisa-bonaire.com\/wp-content\/uploads\/2025\/07\/Sonrisa_Apartments_Titelbild.jpg\" class=\"attachment-large size-large wp-image-6678\" alt=\"\" srcset=\"https:\/\/sonrisa-bonaire.com\/wp-content\/uploads\/2025\/07\/Sonrisa_Apartments_Titelbild.jpg 1427w, https:\/\/sonrisa-bonaire.com\/wp-content\/uploads\/2025\/07\/Sonrisa_Apartments_Titelbild-1280x720.jpg 1280w, https:\/\/sonrisa-bonaire.com\/wp-content\/uploads\/2025\/07\/Sonrisa_Apartments_Titelbild-768x432.jpg 768w\" sizes=\"(max-width: 640px) 100vw, 640px\">\t\t\t\t\t\t\t\t\t\t\t\t\t\t\t<\/div>\n\t\t\t\t<\/div>\n\t\t\t\t\t<\/div>\n\t\t<\/div>\n\t\t\t\t<div class=\"elementor-column elementor-col-50 elementor-top-column elementor-element elementor-element-31b5aa0\" data-id=\"31b5aa0\" data-element_type=\"column\" data-e-type=\"column\">\n\t\t\t<div class=\"elementor-widget-wrap elementor-element-populated\">\n\t\t\t\t\t\t<div class=\"elementor-element elementor-element-26e34f5 elementor-widget elementor-widget-text-editor\" data-id=\"26e34f5\" data-element_type=\"widget\" data-e-type=\"widget\" data-widget_type=\"text-editor.default\">\n\t\t\t\t<div class=\"elementor-widget-container\">\n\t\t\t\t\t\t\t\t\t<?xml encoding=\"utf-8\" ?><p><strong><span data-no-translation=\"true\"><span data-no-translation=\"true\">Deluxe Boutique Apartments Sonrisa<\/span><\/span> Bonaire<\/strong><\/p><p>En <span data-no-translation=\"true\"><span data-no-translation=\"true\">Deluxe Boutique Apartments Sonrisa<\/span><\/span> Bonaire se encuentran en una propiedad independiente. Cuatro apartamentos-estudio con cocina, as\u00ed como un apartamento de dos plantas con una amplia cocina, dos dormitorios y una enorme terraza, ofrecen a los hu\u00e9spedes la posibilidad de cocinar ellos mismos. Casi todos los apartamentos tienen un jacuzzi privado en la terraza. Aqu\u00ed podr\u00e1 relajarse en agua caliente y espumosa. Las habitaciones se limpian cada cuatro o cinco d\u00edas.<\/p><p>Ofrecemos atractivos descuentos por reserva directa para estancias largas de dos semanas o m\u00e1s. P\u00f3ngase en contacto con nosotros directamente a trav\u00e9s de&nbsp;<a href=\"https:\/\/wa.me\/5997777855\"> WhatsApp<\/a>.<\/p><p>Los grupos de hasta 12 personas pueden alquilar la casa entera. El apartamento \"Grandi\" dispone de una amplia cocina, lo que facilita la preparaci\u00f3n de comidas para todo el grupo. Ya sea desayuno, comida o cena, todo es posible.<\/p>\n\t\t\t\t\t\t\t\t<\/div>\n\t\t\t\t<\/div>\n\t\t\t\t<div class=\"elementor-element elementor-element-f75d685 elementor-widget elementor-widget-button\" data-id=\"f75d685\" data-element_type=\"widget\" data-e-type=\"widget\" data-widget_type=\"button.default\">\n\t\t\t\t<div class=\"elementor-widget-container\">\n\t\t\t\t\t\t\t\t\t<div class=\"elementor-button-wrapper\">\n\t\t\t\t\t<a class=\"elementor-button elementor-button-link elementor-size-xl\" href=\"https:\/\/sonrisa-bonaire.com\/es\/apartamentos\/\">\n\t\t\t\t\t\t<span class=\"elementor-button-content-wrapper\">\n\t\t\t\t\t\t\t\t\t<span class=\"elementor-button-text\">Descubra la Boutique Deluxe <span data-no-translation=\"true\">Apartment<\/span>s<\/span>\n\t\t\t\t\t<\/span>\n\t\t\t\t\t<\/a>\n\t\t\t\t<\/div>\n\t\t\t\t\t\t\t\t<\/div>\n\t\t\t\t<\/div>\n\t\t\t\t\t<\/div>\n\t\t<\/div>\n\t\t\t\t\t<\/div>\n\t\t<\/section>\n\t\t\t\t<section class=\"elementor-section elementor-top-section elementor-element elementor-element-09b57d6 elementor-section-boxed elementor-section-height-default elementor-section-height-default\" data-id=\"09b57d6\" data-element_type=\"section\" data-e-type=\"section\">\n\t\t\t\t\t\t<div class=\"elementor-container elementor-column-gap-default\">\n\t\t\t\t\t<div class=\"elementor-column elementor-col-100 elementor-top-column elementor-element elementor-element-7f9b3e8\" data-id=\"7f9b3e8\" data-element_type=\"column\" data-e-type=\"column\">\n\t\t\t<div class=\"elementor-widget-wrap elementor-element-populated\">\n\t\t\t\t\t\t<div class=\"elementor-element elementor-element-65ec1d1 elementor-widget elementor-widget-spacer\" data-id=\"65ec1d1\" data-element_type=\"widget\" data-e-type=\"widget\" data-widget_type=\"spacer.default\">\n\t\t\t\t<div class=\"elementor-widget-container\">\n\t\t\t\t\t\t\t<div class=\"elementor-spacer\">\n\t\t\t<div class=\"elementor-spacer-inner\"><\/div>\n\t\t<\/div>\n\t\t\t\t\t\t<\/div>\n\t\t\t\t<\/div>\n\t\t\t\t\t<\/div>\n\t\t<\/div>\n\t\t\t\t\t<\/div>\n\t\t<\/section>\n\t\t\t\t<section class=\"elementor-section elementor-top-section elementor-element elementor-element-bbb670b elementor-section-boxed elementor-section-height-default elementor-section-height-default\" data-id=\"bbb670b\" data-element_type=\"section\" data-e-type=\"section\">\n\t\t\t\t\t\t<div class=\"elementor-container elementor-column-gap-default\">\n\t\t\t\t\t<div class=\"elementor-column elementor-col-50 elementor-top-column elementor-element elementor-element-5171503\" data-id=\"5171503\" data-element_type=\"column\" data-e-type=\"column\">\n\t\t\t<div class=\"elementor-widget-wrap elementor-element-populated\">\n\t\t\t\t\t\t<div class=\"elementor-element elementor-element-9c063c6 elementor-widget elementor-widget-text-editor\" data-id=\"9c063c6\" data-element_type=\"widget\" data-e-type=\"widget\" data-widget_type=\"text-editor.default\">\n\t\t\t\t<div class=\"elementor-widget-container\">\n\t\t\t\t\t\t\t\t\t<?xml encoding=\"utf-8\" ?><p>En <span data-no-translation=\"true\"><span data-no-translation=\"true\">Boutique Hotel<\/span><\/span>s &amp; Restaurant Sonrisa Bonaire se encuentra en Kaya Finlandia 3 y el <span data-no-translation=\"true\"><span data-no-translation=\"true\">Deluxe Boutique Apartments Sonrisa<\/span><\/span> se encuentran en Kaya Finlandia 8b.<\/p>\n\t\t\t\t\t\t\t\t<\/div>\n\t\t\t\t<\/div>\n\t\t\t\t\t<\/div>\n\t\t<\/div>\n\t\t\t\t<div class=\"elementor-column elementor-col-50 elementor-top-column elementor-element elementor-element-596ba7c\" data-id=\"596ba7c\" data-element_type=\"column\" data-e-type=\"column\">\n\t\t\t<div class=\"elementor-widget-wrap elementor-element-populated\">\n\t\t\t\t\t\t<div class=\"elementor-element elementor-element-acc0e0c elementor-widget elementor-widget-html\" data-id=\"acc0e0c\" data-element_type=\"widget\" data-e-type=\"widget\" data-widget_type=\"html.default\">\n\t\t\t\t<div class=\"elementor-widget-container\">\n\t\t\t\t\t<iframe src=\"https:\/\/www.google.com\/maps\/d\/embed?mid=1mEAVkk_EUMHHvI8j38izTaf_hOcIoKI8&amp;ehbc=2E312F\" width=\"640\" height=\"440\"><\/iframe>\t\t\t\t<\/div>\n\t\t\t\t<\/div>\n\t\t\t\t\t<\/div>\n\t\t<\/div>\n\t\t\t\t\t<\/div>\n\t\t<\/section>\n\t\t\t\t<\/div>","protected":false},"excerpt":{"rendered":"<p>LivingWhether hotel comfort or self-catering in a studio apartment &ndash; we offer flexible solutions for every wish. All our guests benefit from free Wi-Fi, car rental and professional diving and snorkeling equipment for hire. In the Sonrisa restaurant we serve a delicious breakfast every day to get the day off to the best possible start. [&hellip;]<\/p>","protected":false},"author":1,"featured_media":0,"parent":0,"menu_order":0,"comment_status":"closed","ping_status":"closed","template":"","meta":{"_acf_changed":false,"inline_featured_image":false,"footnotes":""},"class_list":["post-6646","page","type-page","status-publish","hentry"],"acf":[],"yoast_head":"<!-- This site is optimized with the Yoast SEO plugin v27.4 - https:\/\/yoast.com\/product\/yoast-seo-wordpress\/ -->\n<title>Living - Sonrisa Bonaire<\/title>\n<meta name=\"robots\" content=\"index, follow, max-snippet:-1, max-image-preview:large, max-video-preview:-1\" \/>\n<link rel=\"canonical\" href=\"https:\/\/sonrisa-bonaire.com\/es\/vivir\/\" \/>\n<meta property=\"og:locale\" content=\"es_ES\" \/>\n<meta property=\"og:type\" content=\"article\" \/>\n<meta property=\"og:title\" content=\"Living - Sonrisa Bonaire\" \/>\n<meta property=\"og:description\" content=\"LivingWhether hotel comfort or self-catering in a studio apartment &ndash; we offer flexible solutions for every wish. All our guests benefit from free Wi-Fi, car rental and professional diving and snorkeling equipment for hire. In the Sonrisa restaurant we serve a delicious breakfast every day to get the day off to the best possible start. [&hellip;]\" \/>\n<meta property=\"og:url\" content=\"https:\/\/sonrisa-bonaire.com\/es\/vivir\/\" \/>\n<meta property=\"og:site_name\" content=\"Sonrisa Bonaire\" \/>\n<meta property=\"article:publisher\" content=\"https:\/\/www.facebook.com\/SonrisaBonaire\/\" \/>\n<meta property=\"article:modified_time\" content=\"2025-09-23T16:46:56+00:00\" \/>\n<meta property=\"og:image\" content=\"https:\/\/sonrisa-bonaire.com\/wp-content\/uploads\/2025\/07\/2506_Sonrisa_aussen_2560x1440.jpg\" \/>\n\t<meta property=\"og:image:width\" content=\"2560\" \/>\n\t<meta property=\"og:image:height\" content=\"1440\" \/>\n\t<meta property=\"og:image:type\" content=\"image\/jpeg\" \/>\n<meta name=\"twitter:card\" content=\"summary_large_image\" \/>\n<meta name=\"twitter:label1\" content=\"Tiempo de lectura\" \/>\n\t<meta name=\"twitter:data1\" content=\"2 minutos\" \/>\n<script type=\"application\/ld+json\" class=\"yoast-schema-graph\">{\"@context\":\"https:\\\/\\\/schema.org\",\"@graph\":[{\"@type\":\"WebPage\",\"@id\":\"https:\\\/\\\/sonrisa-bonaire.com\\\/living\\\/\",\"url\":\"https:\\\/\\\/sonrisa-bonaire.com\\\/living\\\/\",\"name\":\"Living - Sonrisa Bonaire\",\"isPartOf\":{\"@id\":\"https:\\\/\\\/sonrisa-bonaire.com\\\/#website\"},\"primaryImageOfPage\":{\"@id\":\"https:\\\/\\\/sonrisa-bonaire.com\\\/living\\\/#primaryimage\"},\"image\":{\"@id\":\"https:\\\/\\\/sonrisa-bonaire.com\\\/living\\\/#primaryimage\"},\"thumbnailUrl\":\"https:\\\/\\\/sonrisa-bonaire.com\\\/wp-content\\\/uploads\\\/2025\\\/07\\\/2506_Sonrisa_aussen_2560x1440.jpg\",\"datePublished\":\"2025-06-29T15:13:41+00:00\",\"dateModified\":\"2025-09-23T16:46:56+00:00\",\"breadcrumb\":{\"@id\":\"https:\\\/\\\/sonrisa-bonaire.com\\\/living\\\/#breadcrumb\"},\"inLanguage\":\"es\",\"potentialAction\":[{\"@type\":\"ReadAction\",\"target\":[\"https:\\\/\\\/sonrisa-bonaire.com\\\/living\\\/\"]}]},{\"@type\":\"ImageObject\",\"inLanguage\":\"es\",\"@id\":\"https:\\\/\\\/sonrisa-bonaire.com\\\/living\\\/#primaryimage\",\"url\":\"https:\\\/\\\/sonrisa-bonaire.com\\\/wp-content\\\/uploads\\\/2025\\\/07\\\/2506_Sonrisa_aussen_2560x1440.jpg\",\"contentUrl\":\"https:\\\/\\\/sonrisa-bonaire.com\\\/wp-content\\\/uploads\\\/2025\\\/07\\\/2506_Sonrisa_aussen_2560x1440.jpg\"},{\"@type\":\"BreadcrumbList\",\"@id\":\"https:\\\/\\\/sonrisa-bonaire.com\\\/living\\\/#breadcrumb\",\"itemListElement\":[{\"@type\":\"ListItem\",\"position\":1,\"name\":\"Startseite\",\"item\":\"https:\\\/\\\/sonrisa-bonaire.com\\\/\"},{\"@type\":\"ListItem\",\"position\":2,\"name\":\"Living\"}]},{\"@type\":\"WebSite\",\"@id\":\"https:\\\/\\\/sonrisa-bonaire.com\\\/#website\",\"url\":\"https:\\\/\\\/sonrisa-bonaire.com\\\/\",\"name\":\"Sonrisa Bonaire\",\"description\":\"Boutique Hotel Sonrisa Bonaire\",\"publisher\":{\"@id\":\"https:\\\/\\\/sonrisa-bonaire.com\\\/#organization\"},\"potentialAction\":[{\"@type\":\"SearchAction\",\"target\":{\"@type\":\"EntryPoint\",\"urlTemplate\":\"https:\\\/\\\/sonrisa-bonaire.com\\\/?s={search_term_string}\"},\"query-input\":{\"@type\":\"PropertyValueSpecification\",\"valueRequired\":true,\"valueName\":\"search_term_string\"}}],\"inLanguage\":\"es\"},{\"@type\":\"Organization\",\"@id\":\"https:\\\/\\\/sonrisa-bonaire.com\\\/#organization\",\"name\":\"Das Boutique Hotel Sonrisa\",\"url\":\"https:\\\/\\\/sonrisa-bonaire.com\\\/\",\"logo\":{\"@type\":\"ImageObject\",\"inLanguage\":\"es\",\"@id\":\"https:\\\/\\\/sonrisa-bonaire.com\\\/#\\\/schema\\\/logo\\\/image\\\/\",\"url\":\"https:\\\/\\\/sonrisa-bonaire.com\\\/wp-content\\\/uploads\\\/2022\\\/05\\\/logo_sonrisa-bonaire_web.svg\",\"contentUrl\":\"https:\\\/\\\/sonrisa-bonaire.com\\\/wp-content\\\/uploads\\\/2022\\\/05\\\/logo_sonrisa-bonaire_web.svg\",\"width\":200,\"height\":73,\"caption\":\"Das Boutique Hotel Sonrisa\"},\"image\":{\"@id\":\"https:\\\/\\\/sonrisa-bonaire.com\\\/#\\\/schema\\\/logo\\\/image\\\/\"},\"sameAs\":[\"https:\\\/\\\/www.facebook.com\\\/SonrisaBonaire\\\/\",\"https:\\\/\\\/www.instagram.com\\\/sonrisabonaire\\\/\",\"https:\\\/\\\/www.linkedin.com\\\/company\\\/sonrisa-bonaire\",\"https:\\\/\\\/www.youtube.com\\\/channel\\\/UCxCZYWl1dh3pdD4I8ojwYIw\"]}]}<\/script>\n<!-- \/ Yoast SEO plugin. -->","yoast_head_json":{"title":"Vivir - Sonrisa Bonaire","robots":{"index":"index","follow":"follow","max-snippet":"max-snippet:-1","max-image-preview":"max-image-preview:large","max-video-preview":"max-video-preview:-1"},"canonical":"https:\/\/sonrisa-bonaire.com\/es\/vivir\/","og_locale":"es_ES","og_type":"article","og_title":"Living - Sonrisa Bonaire","og_description":"LivingWhether hotel comfort or self-catering in a studio apartment &ndash; we offer flexible solutions for every wish. All our guests benefit from free Wi-Fi, car rental and professional diving and snorkeling equipment for hire. In the Sonrisa restaurant we serve a delicious breakfast every day to get the day off to the best possible start. [&hellip;]","og_url":"https:\/\/sonrisa-bonaire.com\/es\/vivir\/","og_site_name":"Sonrisa Bonaire","article_publisher":"https:\/\/www.facebook.com\/SonrisaBonaire\/","article_modified_time":"2025-09-23T16:46:56+00:00","og_image":[{"width":2560,"height":1440,"url":"https:\/\/sonrisa-bonaire.com\/wp-content\/uploads\/2025\/07\/2506_Sonrisa_aussen_2560x1440.jpg","type":"image\/jpeg"}],"twitter_card":"summary_large_image","twitter_misc":{"Tiempo de lectura":"2 minutos"},"schema":{"@context":"https:\/\/schema.org","@graph":[{"@type":"WebPage","@id":"https:\/\/sonrisa-bonaire.com\/living\/","url":"https:\/\/sonrisa-bonaire.com\/living\/","name":"Vivir - Sonrisa Bonaire","isPartOf":{"@id":"https:\/\/sonrisa-bonaire.com\/#website"},"primaryImageOfPage":{"@id":"https:\/\/sonrisa-bonaire.com\/living\/#primaryimage"},"image":{"@id":"https:\/\/sonrisa-bonaire.com\/living\/#primaryimage"},"thumbnailUrl":"https:\/\/sonrisa-bonaire.com\/wp-content\/uploads\/2025\/07\/2506_Sonrisa_aussen_2560x1440.jpg","datePublished":"2025-06-29T15:13:41+00:00","dateModified":"2025-09-23T16:46:56+00:00","breadcrumb":{"@id":"https:\/\/sonrisa-bonaire.com\/living\/#breadcrumb"},"inLanguage":"es","potentialAction":[{"@type":"ReadAction","target":["https:\/\/sonrisa-bonaire.com\/living\/"]}]},{"@type":"ImageObject","inLanguage":"es","@id":"https:\/\/sonrisa-bonaire.com\/living\/#primaryimage","url":"https:\/\/sonrisa-bonaire.com\/wp-content\/uploads\/2025\/07\/2506_Sonrisa_aussen_2560x1440.jpg","contentUrl":"https:\/\/sonrisa-bonaire.com\/wp-content\/uploads\/2025\/07\/2506_Sonrisa_aussen_2560x1440.jpg"},{"@type":"BreadcrumbList","@id":"https:\/\/sonrisa-bonaire.com\/living\/#breadcrumb","itemListElement":[{"@type":"ListItem","position":1,"name":"Startseite","item":"https:\/\/sonrisa-bonaire.com\/"},{"@type":"ListItem","position":2,"name":"Living"}]},{"@type":"WebSite","@id":"https:\/\/sonrisa-bonaire.com\/#website","url":"https:\/\/sonrisa-bonaire.com\/","name":"Sonrisa Bonaire","description":"Boutique Hotel Sonrisa Bonaire","publisher":{"@id":"https:\/\/sonrisa-bonaire.com\/#organization"},"potentialAction":[{"@type":"SearchAction","target":{"@type":"EntryPoint","urlTemplate":"https:\/\/sonrisa-bonaire.com\/?s={search_term_string}"},"query-input":{"@type":"PropertyValueSpecification","valueRequired":true,"valueName":"search_term_string"}}],"inLanguage":"es"},{"@type":"Organization","@id":"https:\/\/sonrisa-bonaire.com\/#organization","name":"Das Boutique Hotel Sonrisa","url":"https:\/\/sonrisa-bonaire.com\/","logo":{"@type":"ImageObject","inLanguage":"es","@id":"https:\/\/sonrisa-bonaire.com\/#\/schema\/logo\/image\/","url":"https:\/\/sonrisa-bonaire.com\/wp-content\/uploads\/2022\/05\/logo_sonrisa-bonaire_web.svg","contentUrl":"https:\/\/sonrisa-bonaire.com\/wp-content\/uploads\/2022\/05\/logo_sonrisa-bonaire_web.svg","width":200,"height":73,"caption":"Das Boutique Hotel Sonrisa"},"image":{"@id":"https:\/\/sonrisa-bonaire.com\/#\/schema\/logo\/image\/"},"sameAs":["https:\/\/www.facebook.com\/SonrisaBonaire\/","https:\/\/www.instagram.com\/sonrisabonaire\/","https:\/\/www.linkedin.com\/company\/sonrisa-bonaire","https:\/\/www.youtube.com\/channel\/UCxCZYWl1dh3pdD4I8ojwYIw"]}]}},"_links":{"self":[{"href":"https:\/\/sonrisa-bonaire.com\/es\/wp-json\/wp\/v2\/pages\/6646","targetHints":{"allow":["GET"]}}],"collection":[{"href":"https:\/\/sonrisa-bonaire.com\/es\/wp-json\/wp\/v2\/pages"}],"about":[{"href":"https:\/\/sonrisa-bonaire.com\/es\/wp-json\/wp\/v2\/types\/page"}],"author":[{"embeddable":true,"href":"https:\/\/sonrisa-bonaire.com\/es\/wp-json\/wp\/v2\/users\/1"}],"replies":[{"embeddable":true,"href":"https:\/\/sonrisa-bonaire.com\/es\/wp-json\/wp\/v2\/comments?post=6646"}],"version-history":[{"count":83,"href":"https:\/\/sonrisa-bonaire.com\/es\/wp-json\/wp\/v2\/pages\/6646\/revisions"}],"predecessor-version":[{"id":7231,"href":"https:\/\/sonrisa-bonaire.com\/es\/wp-json\/wp\/v2\/pages\/6646\/revisions\/7231"}],"wp:attachment":[{"href":"https:\/\/sonrisa-bonaire.com\/es\/wp-json\/wp\/v2\/media?parent=6646"}],"curies":[{"name":"wp","href":"https:\/\/api.w.org\/{rel}","templated":true}]}}