{"id":881,"date":"2022-02-03T10:01:40","date_gmt":"2022-02-03T14:01:40","guid":{"rendered":"https:\/\/sonrisa-bonaire.com\/?page_id=881"},"modified":"2025-08-11T10:11:30","modified_gmt":"2025-08-11T14:11:30","slug":"vos-hotes","status":"publish","type":"page","link":"https:\/\/sonrisa-bonaire.com\/fr\/vos-hotes\/","title":{"rendered":"Vos h\u00f4tes"},"content":{"rendered":"<?xml encoding=\"utf-8\" ?><div data-elementor-type=\"wp-page\" data-elementor-id=\"881\" class=\"elementor elementor-881\">\n\t\t\t\t\t\t<section class=\"elementor-section elementor-top-section elementor-element elementor-element-6b46bb8 elementor-section-boxed elementor-section-height-default elementor-section-height-default\" data-id=\"6b46bb8\" data-element_type=\"section\" data-e-type=\"section\">\n\t\t\t\t\t\t<div class=\"elementor-container elementor-column-gap-default\">\n\t\t\t\t\t<div class=\"elementor-column elementor-col-100 elementor-top-column elementor-element elementor-element-3b79670\" data-id=\"3b79670\" data-element_type=\"column\" data-e-type=\"column\">\n\t\t\t<div class=\"elementor-widget-wrap elementor-element-populated\">\n\t\t\t\t\t\t<div class=\"elementor-element elementor-element-cf4053f elementor-widget elementor-widget-heading\" data-id=\"cf4053f\" data-element_type=\"widget\" data-e-type=\"widget\" data-widget_type=\"heading.default\">\n\t\t\t\t<div class=\"elementor-widget-container\">\n\t\t\t\t\t<h2 class=\"elementor-heading-title elementor-size-default\">Vos h\u00f4tes<\/h2>\t\t\t\t<\/div>\n\t\t\t\t<\/div>\n\t\t\t\t\t<\/div>\n\t\t<\/div>\n\t\t\t\t\t<\/div>\n\t\t<\/section>\n\t\t\t\t<section class=\"elementor-section elementor-top-section elementor-element elementor-element-f15e1b7 elementor-section-boxed elementor-section-height-default elementor-section-height-default\" data-id=\"f15e1b7\" data-element_type=\"section\" data-e-type=\"section\">\n\t\t\t\t\t\t<div class=\"elementor-container elementor-column-gap-default\">\n\t\t\t\t\t<div class=\"elementor-column elementor-col-50 elementor-top-column elementor-element elementor-element-f2b59ba\" data-id=\"f2b59ba\" data-element_type=\"column\" data-e-type=\"column\">\n\t\t\t<div class=\"elementor-widget-wrap elementor-element-populated\">\n\t\t\t\t\t\t<div class=\"elementor-element elementor-element-c5278c6 elementor-widget elementor-widget-image\" data-id=\"c5278c6\" data-element_type=\"widget\" data-e-type=\"widget\" data-widget_type=\"image.default\">\n\t\t\t\t<div class=\"elementor-widget-container\">\n\t\t\t\t\t\t\t\t\t\t\t\t\t\t\t<img fetchpriority=\"high\" decoding=\"async\" width=\"640\" height=\"360\" src=\"https:\/\/sonrisa-bonaire.com\/wp-content\/uploads\/2022\/06\/Corinne_Beat_vor_Sonrisa-2560x1440.jpg\" class=\"attachment-large size-large wp-image-2582\" alt=\"\" srcset=\"https:\/\/sonrisa-bonaire.com\/wp-content\/uploads\/2022\/06\/Corinne_Beat_vor_Sonrisa-2560x1440.jpg 2560w, https:\/\/sonrisa-bonaire.com\/wp-content\/uploads\/2022\/06\/Corinne_Beat_vor_Sonrisa-1280x720.jpg 1280w, https:\/\/sonrisa-bonaire.com\/wp-content\/uploads\/2022\/06\/Corinne_Beat_vor_Sonrisa-768x432.jpg 768w, https:\/\/sonrisa-bonaire.com\/wp-content\/uploads\/2022\/06\/Corinne_Beat_vor_Sonrisa-1536x864.jpg 1536w, https:\/\/sonrisa-bonaire.com\/wp-content\/uploads\/2022\/06\/Corinne_Beat_vor_Sonrisa-2048x1152.jpg 2048w\" sizes=\"(max-width: 640px) 100vw, 640px\">\t\t\t\t\t\t\t\t\t\t\t\t\t\t\t<\/div>\n\t\t\t\t<\/div>\n\t\t\t\t\t<\/div>\n\t\t<\/div>\n\t\t\t\t<div class=\"elementor-column elementor-col-50 elementor-top-column elementor-element elementor-element-b6787d6\" data-id=\"b6787d6\" data-element_type=\"column\" data-e-type=\"column\">\n\t\t\t<div class=\"elementor-widget-wrap elementor-element-populated\">\n\t\t\t\t\t\t<div class=\"elementor-element elementor-element-f7779e7 elementor-widget elementor-widget-text-editor\" data-id=\"f7779e7\" data-element_type=\"widget\" data-e-type=\"widget\" data-widget_type=\"text-editor.default\">\n\t\t\t\t<div class=\"elementor-widget-container\">\n\t\t\t\t\t\t\t\t\t<?xml encoding=\"utf-8\" ?><p>Nous vous souhaitons la bienvenue !<\/p><p class=\"StandardAbstandnach\">En tant qu'h\u00f4tes, nous nous r\u00e9jouissons de vous accueillir dans notre petit h\u00f4tel de luxe. <span data-no-translation=\"true\"><span data-no-translation=\"true\">Boutique Hotel<\/span><\/span> Sonrisa \u00e0 Bonaire.<\/p><p>Meilleures salutations<\/p><p><span class=\"gastgeber_text\">Corinne Harder &amp; Beat Stocker<\/span><\/p>\n\t\t\t\t\t\t\t\t<\/div>\n\t\t\t\t<\/div>\n\t\t\t\t\t<\/div>\n\t\t<\/div>\n\t\t\t\t\t<\/div>\n\t\t<\/section>\n\t\t\t\t<section class=\"elementor-section elementor-top-section elementor-element elementor-element-8f6dd88 elementor-section-boxed elementor-section-height-default elementor-section-height-default\" data-id=\"8f6dd88\" data-element_type=\"section\" data-e-type=\"section\" data-settings='{\"background_background\":\"gradient\"}'>\n\t\t\t\t\t\t\t<div class=\"elementor-background-overlay\"><\/div>\n\t\t\t\t\t\t\t<div class=\"elementor-container elementor-column-gap-default\">\n\t\t\t\t\t<div class=\"elementor-column elementor-col-100 elementor-top-column elementor-element elementor-element-41f3227\" data-id=\"41f3227\" data-element_type=\"column\" data-e-type=\"column\">\n\t\t\t<div class=\"elementor-widget-wrap elementor-element-populated\">\n\t\t\t\t\t\t<div class=\"elementor-element elementor-element-001c3a9 elementor-widget elementor-widget-heading\" data-id=\"001c3a9\" data-element_type=\"widget\" data-e-type=\"widget\" data-widget_type=\"heading.default\">\n\t\t\t\t<div class=\"elementor-widget-container\">\n\t\t\t\t\t<h2 class=\"elementor-heading-title elementor-size-default\">Notre philosophie<\/h2>\t\t\t\t<\/div>\n\t\t\t\t<\/div>\n\t\t\t\t\t<\/div>\n\t\t<\/div>\n\t\t\t\t\t<\/div>\n\t\t<\/section>\n\t\t\t\t<section class=\"elementor-section elementor-top-section elementor-element elementor-element-8d0a67e elementor-section-boxed elementor-section-height-default elementor-section-height-default\" data-id=\"8d0a67e\" data-element_type=\"section\" data-e-type=\"section\">\n\t\t\t\t\t\t<div class=\"elementor-container elementor-column-gap-default\">\n\t\t\t\t\t<div class=\"elementor-column elementor-col-100 elementor-top-column elementor-element elementor-element-9e90672\" data-id=\"9e90672\" data-element_type=\"column\" data-e-type=\"column\">\n\t\t\t<div class=\"elementor-widget-wrap elementor-element-populated\">\n\t\t\t\t\t\t<div class=\"elementor-element elementor-element-66c4360 elementor-widget elementor-widget-text-editor\" data-id=\"66c4360\" data-element_type=\"widget\" data-e-type=\"widget\" data-widget_type=\"text-editor.default\">\n\t\t\t\t<div class=\"elementor-widget-container\">\n\t\t\t\t\t\t\t\t\t<?xml encoding=\"utf-8\" ?><p>Cordialit\u00e9, honn\u00eatet\u00e9 et confiance, engagement et esprit de famille : nous attachons une grande importance \u00e0 ces valeurs au sein de l'Union europ\u00e9enne. <span data-no-translation=\"true\"><span data-no-translation=\"true\">Boutique Hotel<\/span><\/span> Sonrisa. Cela s'applique \u00e0 nous, en tant qu'h\u00f4tes, ainsi qu'\u00e0 nos invit\u00e9s.<\/p><p>Pour que nos clients ne manquent de rien pendant leur s\u00e9jour dans notre <span data-no-translation=\"true\"><span data-no-translation=\"true\">Boutique Hotel<\/span><\/span> Sonrisa, nous nous occupons de tous leurs besoins et souhaits avec l'hospitalit\u00e9 suisse authentique, l'orientation vers le service, l'attention individuelle et beaucoup de c\u0153ur et d'\u00e2me.<\/p><p>Fid\u00e8le \u00e0 la devise de Bonaire : un invit\u00e9, un ami.<\/p>\n\t\t\t\t\t\t\t\t<\/div>\n\t\t\t\t<\/div>\n\t\t\t\t\t<\/div>\n\t\t<\/div>\n\t\t\t\t\t<\/div>\n\t\t<\/section>\n\t\t\t\t<section class=\"elementor-section elementor-top-section elementor-element elementor-element-0e234e1 elementor-section-boxed elementor-section-height-default elementor-section-height-default\" data-id=\"0e234e1\" data-element_type=\"section\" data-e-type=\"section\">\n\t\t\t\t\t\t<div class=\"elementor-container elementor-column-gap-default\">\n\t\t\t\t\t<div class=\"elementor-column elementor-col-100 elementor-top-column elementor-element elementor-element-321d24d\" data-id=\"321d24d\" data-element_type=\"column\" data-e-type=\"column\">\n\t\t\t<div class=\"elementor-widget-wrap elementor-element-populated\">\n\t\t\t\t\t\t<div class=\"elementor-element elementor-element-abd6a4d elementor-widget elementor-widget-spacer\" data-id=\"abd6a4d\" data-element_type=\"widget\" data-e-type=\"widget\" data-widget_type=\"spacer.default\">\n\t\t\t\t<div class=\"elementor-widget-container\">\n\t\t\t\t\t\t\t<div class=\"elementor-spacer\">\n\t\t\t<div class=\"elementor-spacer-inner\"><\/div>\n\t\t<\/div>\n\t\t\t\t\t\t<\/div>\n\t\t\t\t<\/div>\n\t\t\t\t\t<\/div>\n\t\t<\/div>\n\t\t\t\t\t<\/div>\n\t\t<\/section>\n\t\t\t\t<\/div>","protected":false},"excerpt":{"rendered":"<p>Your hosts A warm welcome to you!As your hosts, we are looking forward to welcome you to our small, fine Boutique Hotel Sonrisa on Bonaire.Best regardsCorinne Harder &amp; Beat StockerOur philosophyCordiality, honesty and trust, commitment and family togetherness &ndash; we attach great importance to these values at the Boutique Hotel Sonrisa. This applies to us [&hellip;]<\/p>","protected":false},"author":1,"featured_media":0,"parent":0,"menu_order":0,"comment_status":"closed","ping_status":"closed","template":"","meta":{"_acf_changed":false,"inline_featured_image":false,"footnotes":""},"class_list":["post-881","page","type-page","status-publish","hentry"],"acf":[],"yoast_head":"<!-- This site is optimized with the Yoast SEO plugin v27.4 - https:\/\/yoast.com\/product\/yoast-seo-wordpress\/ -->\n<title>Your hosts - Sonrisa Bonaire<\/title>\n<meta name=\"robots\" content=\"index, follow, max-snippet:-1, max-image-preview:large, max-video-preview:-1\" \/>\n<link rel=\"canonical\" href=\"https:\/\/sonrisa-bonaire.com\/fr\/vos-hotes\/\" \/>\n<meta property=\"og:locale\" content=\"fr_FR\" \/>\n<meta property=\"og:type\" content=\"article\" \/>\n<meta property=\"og:title\" content=\"Your hosts - Sonrisa Bonaire\" \/>\n<meta property=\"og:description\" content=\"Your hosts A warm welcome to you!As your hosts, we are looking forward to welcome you to our small, fine Boutique Hotel Sonrisa on Bonaire.Best regardsCorinne Harder &amp; Beat StockerOur philosophyCordiality, honesty and trust, commitment and family togetherness &ndash; we attach great importance to these values at the Boutique Hotel Sonrisa. This applies to us [&hellip;]\" \/>\n<meta property=\"og:url\" content=\"https:\/\/sonrisa-bonaire.com\/fr\/vos-hotes\/\" \/>\n<meta property=\"og:site_name\" content=\"Sonrisa Bonaire\" \/>\n<meta property=\"article:publisher\" content=\"https:\/\/www.facebook.com\/SonrisaBonaire\/\" \/>\n<meta property=\"article:modified_time\" content=\"2025-08-11T14:11:30+00:00\" \/>\n<meta property=\"og:image\" content=\"https:\/\/sonrisa-bonaire.com\/wp-content\/uploads\/2022\/06\/Corinne_Beat_vor_Sonrisa-2560x1440.jpg\" \/>\n<meta name=\"twitter:card\" content=\"summary_large_image\" \/>\n<meta name=\"twitter:label1\" content=\"Dur\u00e9e de lecture estim\u00e9e\" \/>\n\t<meta name=\"twitter:data1\" content=\"1 minute\" \/>\n<script type=\"application\/ld+json\" class=\"yoast-schema-graph\">{\"@context\":\"https:\\\/\\\/schema.org\",\"@graph\":[{\"@type\":\"WebPage\",\"@id\":\"https:\\\/\\\/sonrisa-bonaire.com\\\/your-hosts\\\/\",\"url\":\"https:\\\/\\\/sonrisa-bonaire.com\\\/your-hosts\\\/\",\"name\":\"Your hosts - Sonrisa Bonaire\",\"isPartOf\":{\"@id\":\"https:\\\/\\\/sonrisa-bonaire.com\\\/#website\"},\"primaryImageOfPage\":{\"@id\":\"https:\\\/\\\/sonrisa-bonaire.com\\\/your-hosts\\\/#primaryimage\"},\"image\":{\"@id\":\"https:\\\/\\\/sonrisa-bonaire.com\\\/your-hosts\\\/#primaryimage\"},\"thumbnailUrl\":\"https:\\\/\\\/sonrisa-bonaire.com\\\/wp-content\\\/uploads\\\/2022\\\/06\\\/Corinne_Beat_vor_Sonrisa-2560x1440.jpg\",\"datePublished\":\"2022-02-03T14:01:40+00:00\",\"dateModified\":\"2025-08-11T14:11:30+00:00\",\"breadcrumb\":{\"@id\":\"https:\\\/\\\/sonrisa-bonaire.com\\\/your-hosts\\\/#breadcrumb\"},\"inLanguage\":\"fr-FR\",\"potentialAction\":[{\"@type\":\"ReadAction\",\"target\":[\"https:\\\/\\\/sonrisa-bonaire.com\\\/your-hosts\\\/\"]}]},{\"@type\":\"ImageObject\",\"inLanguage\":\"fr-FR\",\"@id\":\"https:\\\/\\\/sonrisa-bonaire.com\\\/your-hosts\\\/#primaryimage\",\"url\":\"https:\\\/\\\/sonrisa-bonaire.com\\\/wp-content\\\/uploads\\\/2022\\\/06\\\/Corinne_Beat_vor_Sonrisa-2560x1440.jpg\",\"contentUrl\":\"https:\\\/\\\/sonrisa-bonaire.com\\\/wp-content\\\/uploads\\\/2022\\\/06\\\/Corinne_Beat_vor_Sonrisa-2560x1440.jpg\"},{\"@type\":\"BreadcrumbList\",\"@id\":\"https:\\\/\\\/sonrisa-bonaire.com\\\/your-hosts\\\/#breadcrumb\",\"itemListElement\":[{\"@type\":\"ListItem\",\"position\":1,\"name\":\"Startseite\",\"item\":\"https:\\\/\\\/sonrisa-bonaire.com\\\/\"},{\"@type\":\"ListItem\",\"position\":2,\"name\":\"Your hosts\"}]},{\"@type\":\"WebSite\",\"@id\":\"https:\\\/\\\/sonrisa-bonaire.com\\\/#website\",\"url\":\"https:\\\/\\\/sonrisa-bonaire.com\\\/\",\"name\":\"Sonrisa Bonaire\",\"description\":\"Boutique Hotel Sonrisa Bonaire\",\"publisher\":{\"@id\":\"https:\\\/\\\/sonrisa-bonaire.com\\\/#organization\"},\"potentialAction\":[{\"@type\":\"SearchAction\",\"target\":{\"@type\":\"EntryPoint\",\"urlTemplate\":\"https:\\\/\\\/sonrisa-bonaire.com\\\/?s={search_term_string}\"},\"query-input\":{\"@type\":\"PropertyValueSpecification\",\"valueRequired\":true,\"valueName\":\"search_term_string\"}}],\"inLanguage\":\"fr-FR\"},{\"@type\":\"Organization\",\"@id\":\"https:\\\/\\\/sonrisa-bonaire.com\\\/#organization\",\"name\":\"Das Boutique Hotel Sonrisa\",\"url\":\"https:\\\/\\\/sonrisa-bonaire.com\\\/\",\"logo\":{\"@type\":\"ImageObject\",\"inLanguage\":\"fr-FR\",\"@id\":\"https:\\\/\\\/sonrisa-bonaire.com\\\/#\\\/schema\\\/logo\\\/image\\\/\",\"url\":\"https:\\\/\\\/sonrisa-bonaire.com\\\/wp-content\\\/uploads\\\/2022\\\/05\\\/logo_sonrisa-bonaire_web.svg\",\"contentUrl\":\"https:\\\/\\\/sonrisa-bonaire.com\\\/wp-content\\\/uploads\\\/2022\\\/05\\\/logo_sonrisa-bonaire_web.svg\",\"width\":200,\"height\":73,\"caption\":\"Das Boutique Hotel Sonrisa\"},\"image\":{\"@id\":\"https:\\\/\\\/sonrisa-bonaire.com\\\/#\\\/schema\\\/logo\\\/image\\\/\"},\"sameAs\":[\"https:\\\/\\\/www.facebook.com\\\/SonrisaBonaire\\\/\",\"https:\\\/\\\/www.instagram.com\\\/sonrisabonaire\\\/\",\"https:\\\/\\\/www.linkedin.com\\\/company\\\/sonrisa-bonaire\",\"https:\\\/\\\/www.youtube.com\\\/channel\\\/UCxCZYWl1dh3pdD4I8ojwYIw\"]}]}<\/script>\n<!-- \/ Yoast SEO plugin. -->","yoast_head_json":{"title":"Vos h\u00f4tes - Sonrisa Bonaire","robots":{"index":"index","follow":"follow","max-snippet":"max-snippet:-1","max-image-preview":"max-image-preview:large","max-video-preview":"max-video-preview:-1"},"canonical":"https:\/\/sonrisa-bonaire.com\/fr\/vos-hotes\/","og_locale":"fr_FR","og_type":"article","og_title":"Your hosts - Sonrisa Bonaire","og_description":"Your hosts A warm welcome to you!As your hosts, we are looking forward to welcome you to our small, fine Boutique Hotel Sonrisa on Bonaire.Best regardsCorinne Harder &amp; Beat StockerOur philosophyCordiality, honesty and trust, commitment and family togetherness &ndash; we attach great importance to these values at the Boutique Hotel Sonrisa. This applies to us [&hellip;]","og_url":"https:\/\/sonrisa-bonaire.com\/fr\/vos-hotes\/","og_site_name":"Sonrisa Bonaire","article_publisher":"https:\/\/www.facebook.com\/SonrisaBonaire\/","article_modified_time":"2025-08-11T14:11:30+00:00","og_image":[{"url":"https:\/\/sonrisa-bonaire.com\/wp-content\/uploads\/2022\/06\/Corinne_Beat_vor_Sonrisa-2560x1440.jpg","type":"","width":"","height":""}],"twitter_card":"summary_large_image","twitter_misc":{"Dur\u00e9e de lecture estim\u00e9e":"1 minute"},"schema":{"@context":"https:\/\/schema.org","@graph":[{"@type":"WebPage","@id":"https:\/\/sonrisa-bonaire.com\/your-hosts\/","url":"https:\/\/sonrisa-bonaire.com\/your-hosts\/","name":"Vos h\u00f4tes - Sonrisa Bonaire","isPartOf":{"@id":"https:\/\/sonrisa-bonaire.com\/#website"},"primaryImageOfPage":{"@id":"https:\/\/sonrisa-bonaire.com\/your-hosts\/#primaryimage"},"image":{"@id":"https:\/\/sonrisa-bonaire.com\/your-hosts\/#primaryimage"},"thumbnailUrl":"https:\/\/sonrisa-bonaire.com\/wp-content\/uploads\/2022\/06\/Corinne_Beat_vor_Sonrisa-2560x1440.jpg","datePublished":"2022-02-03T14:01:40+00:00","dateModified":"2025-08-11T14:11:30+00:00","breadcrumb":{"@id":"https:\/\/sonrisa-bonaire.com\/your-hosts\/#breadcrumb"},"inLanguage":"fr-FR","potentialAction":[{"@type":"ReadAction","target":["https:\/\/sonrisa-bonaire.com\/your-hosts\/"]}]},{"@type":"ImageObject","inLanguage":"fr-FR","@id":"https:\/\/sonrisa-bonaire.com\/your-hosts\/#primaryimage","url":"https:\/\/sonrisa-bonaire.com\/wp-content\/uploads\/2022\/06\/Corinne_Beat_vor_Sonrisa-2560x1440.jpg","contentUrl":"https:\/\/sonrisa-bonaire.com\/wp-content\/uploads\/2022\/06\/Corinne_Beat_vor_Sonrisa-2560x1440.jpg"},{"@type":"BreadcrumbList","@id":"https:\/\/sonrisa-bonaire.com\/your-hosts\/#breadcrumb","itemListElement":[{"@type":"ListItem","position":1,"name":"Startseite","item":"https:\/\/sonrisa-bonaire.com\/"},{"@type":"ListItem","position":2,"name":"Your hosts"}]},{"@type":"WebSite","@id":"https:\/\/sonrisa-bonaire.com\/#website","url":"https:\/\/sonrisa-bonaire.com\/","name":"Sonrisa Bonaire","description":"Boutique Hotel Sonrisa Bonaire","publisher":{"@id":"https:\/\/sonrisa-bonaire.com\/#organization"},"potentialAction":[{"@type":"SearchAction","target":{"@type":"EntryPoint","urlTemplate":"https:\/\/sonrisa-bonaire.com\/?s={search_term_string}"},"query-input":{"@type":"PropertyValueSpecification","valueRequired":true,"valueName":"search_term_string"}}],"inLanguage":"fr-FR"},{"@type":"Organization","@id":"https:\/\/sonrisa-bonaire.com\/#organization","name":"Das Boutique Hotel Sonrisa","url":"https:\/\/sonrisa-bonaire.com\/","logo":{"@type":"ImageObject","inLanguage":"fr-FR","@id":"https:\/\/sonrisa-bonaire.com\/#\/schema\/logo\/image\/","url":"https:\/\/sonrisa-bonaire.com\/wp-content\/uploads\/2022\/05\/logo_sonrisa-bonaire_web.svg","contentUrl":"https:\/\/sonrisa-bonaire.com\/wp-content\/uploads\/2022\/05\/logo_sonrisa-bonaire_web.svg","width":200,"height":73,"caption":"Das Boutique Hotel Sonrisa"},"image":{"@id":"https:\/\/sonrisa-bonaire.com\/#\/schema\/logo\/image\/"},"sameAs":["https:\/\/www.facebook.com\/SonrisaBonaire\/","https:\/\/www.instagram.com\/sonrisabonaire\/","https:\/\/www.linkedin.com\/company\/sonrisa-bonaire","https:\/\/www.youtube.com\/channel\/UCxCZYWl1dh3pdD4I8ojwYIw"]}]}},"_links":{"self":[{"href":"https:\/\/sonrisa-bonaire.com\/fr\/wp-json\/wp\/v2\/pages\/881","targetHints":{"allow":["GET"]}}],"collection":[{"href":"https:\/\/sonrisa-bonaire.com\/fr\/wp-json\/wp\/v2\/pages"}],"about":[{"href":"https:\/\/sonrisa-bonaire.com\/fr\/wp-json\/wp\/v2\/types\/page"}],"author":[{"embeddable":true,"href":"https:\/\/sonrisa-bonaire.com\/fr\/wp-json\/wp\/v2\/users\/1"}],"replies":[{"embeddable":true,"href":"https:\/\/sonrisa-bonaire.com\/fr\/wp-json\/wp\/v2\/comments?post=881"}],"version-history":[{"count":64,"href":"https:\/\/sonrisa-bonaire.com\/fr\/wp-json\/wp\/v2\/pages\/881\/revisions"}],"predecessor-version":[{"id":7090,"href":"https:\/\/sonrisa-bonaire.com\/fr\/wp-json\/wp\/v2\/pages\/881\/revisions\/7090"}],"wp:attachment":[{"href":"https:\/\/sonrisa-bonaire.com\/fr\/wp-json\/wp\/v2\/media?parent=881"}],"curies":[{"name":"wp","href":"https:\/\/api.w.org\/{rel}","templated":true}]}}