{"id":2409,"date":"2022-02-28T08:10:00","date_gmt":"2022-02-28T12:10:00","guid":{"rendered":"https:\/\/sonrisa-bonaire.com\/?page_id=2409"},"modified":"2025-10-04T06:47:13","modified_gmt":"2025-10-04T10:47:13","slug":"termini-e-condizioni","status":"publish","type":"page","link":"https:\/\/sonrisa-bonaire.com\/it\/termini-e-condizioni\/","title":{"rendered":"Termini e condizioni"},"content":{"rendered":"<?xml encoding=\"utf-8\" ?><div data-elementor-type=\"wp-page\" data-elementor-id=\"2409\" class=\"elementor elementor-2409\">\n\t\t\t\t\t\t<section class=\"elementor-section elementor-top-section elementor-element elementor-element-26515f5 elementor-section-boxed elementor-section-height-default elementor-section-height-default\" data-id=\"26515f5\" data-element_type=\"section\" data-e-type=\"section\">\n\t\t\t\t\t\t<div class=\"elementor-container elementor-column-gap-default\">\n\t\t\t\t\t<div class=\"elementor-column elementor-col-100 elementor-top-column elementor-element elementor-element-e2a864e\" data-id=\"e2a864e\" data-element_type=\"column\" data-e-type=\"column\">\n\t\t\t<div class=\"elementor-widget-wrap elementor-element-populated\">\n\t\t\t\t\t\t<div class=\"elementor-element elementor-element-bfdcd8f elementor-widget elementor-widget-heading\" data-id=\"bfdcd8f\" data-element_type=\"widget\" data-e-type=\"widget\" data-widget_type=\"heading.default\">\n\t\t\t\t<div class=\"elementor-widget-container\">\n\t\t\t\t\t<h2 class=\"elementor-heading-title elementor-size-default\">Termini e condizioni<\/h2>\t\t\t\t<\/div>\n\t\t\t\t<\/div>\n\t\t\t\t\t<\/div>\n\t\t<\/div>\n\t\t\t\t\t<\/div>\n\t\t<\/section>\n\t\t\t\t<section class=\"elementor-section elementor-top-section elementor-element elementor-element-92c79eb elementor-section-boxed elementor-section-height-default elementor-section-height-default\" data-id=\"92c79eb\" data-element_type=\"section\" data-e-type=\"section\">\n\t\t\t\t\t\t<div class=\"elementor-container elementor-column-gap-default\">\n\t\t\t\t\t<div class=\"elementor-column elementor-col-100 elementor-top-column elementor-element elementor-element-1d559f2\" data-id=\"1d559f2\" data-element_type=\"column\" data-e-type=\"column\">\n\t\t\t<div class=\"elementor-widget-wrap elementor-element-populated\">\n\t\t\t\t\t\t<div class=\"elementor-element elementor-element-4c844b7 elementor-widget elementor-widget-text-editor\" data-id=\"4c844b7\" data-element_type=\"widget\" data-e-type=\"widget\" data-widget_type=\"text-editor.default\">\n\t\t\t\t<div class=\"elementor-widget-container\">\n\t\t\t\t\t\t\t\t\t<?xml encoding=\"utf-8\" ?><p><span style=\"font-weight: bold; font-size: inherit; line-height: inherit; letter-spacing: 0.1px;\">Prezzi<\/span><\/p><p><span data-no-translation=\"true\"><span data-no-translation=\"true\">Boutique Hotel<\/span><\/span> Sonrisa &amp; <span data-no-translation=\"true\"><span data-no-translation=\"true\">Deluxe Boutique Apartments Sonrisa<\/span><\/span> si riserva il diritto di aumentare o diminuire i prezzi degli alloggi in qualsiasi momento. Il prezzo del soggiorno sar\u00e0 confermato al momento della prenotazione.&nbsp;<\/p><p><span style=\"font-weight: bold; font-size: inherit; line-height: inherit; letter-spacing: 0.1px;\">Prenotazione e pagamenti<\/span><\/p><p>Prenotazioni presso <span data-no-translation=\"true\"><span data-no-translation=\"true\">Boutique Hotel<\/span><\/span> Sonrisa&nbsp;<span style=\"letter-spacing: 0.1px;\">&amp; <span data-no-translation=\"true\"><span data-no-translation=\"true\">Deluxe Boutique Apartments Sonrisa<\/span><\/span>&nbsp;<\/span><span style=\"letter-spacing: 0.1px;\">possono essere effettuate preferibilmente utilizzando il motore di prenotazione sul nostro sito web o chiamando direttamente l'hotel.&nbsp;<\/span><\/p><p><span style=\"font-weight: bold; font-size: inherit; line-height: inherit; letter-spacing: 0.1px;\">Politiche di cancellazione<\/span><\/p><p>L'hotel concede al cliente il diritto di recesso in qualsiasi momento. Si applicano le seguenti disposizioni:<\/p><p>Le prenotazioni possono essere cancellate gratuitamente in qualsiasi momento prima dell'arrivo. Le cancellazioni devono pervenire per iscritto (e-mail\/WhatsApp) entro e non oltre il giorno di arrivo.&nbsp;<\/p><p>In caso di mancata presentazione senza notifica scritta, verr\u00e0 addebitata una tassa di cancellazione pari al 100% dell'importo totale concordato per la prenotazione.<\/p><p>Si consiglia di stipulare un'assicurazione di viaggio.<\/p><p>Per le agenzie di viaggio e per i viaggi di gruppo a partire da 4 camere si applicano condizioni di cancellazione speciali. Vi preghiamo di richiederle direttamente a noi.<\/p><p><span style=\"font-weight: bold; font-size: inherit; line-height: inherit; letter-spacing: 0.1px;\">Mancata disponibilit\u00e0 di alloggi<\/span><\/p><p>Cancelleremo la vostra prenotazione solo se l'alloggio non \u00e8 disponibile per motivi indipendenti dalla nostra volont\u00e0. Se dovessimo cancellare la vostra camera pi\u00f9 di 5 giorni prima del vostro arrivo, tutti i pagamenti effettuati saranno rimborsati sul vostro conto. La nostra responsabilit\u00e0 non andr\u00e0 oltre questo rimborso.<\/p><p><span style=\"font-weight: bold; font-size: inherit; line-height: inherit; letter-spacing: 0.1px;\">Arrivo<\/span><\/p><p>L'alloggio sar\u00e0 a vostra disposizione a partire dalle ore 15:00 del giorno di arrivo, se non diversamente concordato in anticipo. Se arrivate prima dell'orario ufficiale di check-in, potremmo non essere in grado di accogliervi, in quanto stiamo preparando la vostra camera.<\/p><p><span style=\"font-weight: bold; font-size: inherit; line-height: inherit; letter-spacing: 0.1px;\">Scoprire<\/span><\/p><p>L'orario di check-out \u00e8 alle 11:00 del giorno di partenza. Siete pregati di essere pronti a liberare la camera a quell'ora, salvo accordi diversi presi in anticipo.<\/p><p><span style=\"font-weight: bold; font-size: inherit; line-height: inherit; letter-spacing: 0.1px;\"><span data-no-translation=\"true\"><span data-no-translation=\"true\">Adults only<\/span><\/span><\/span><\/p><p>Come la denominazione \"<span data-no-translation=\"true\"><span data-no-translation=\"true\">Adults only<\/span><\/span>\" rivela gi\u00e0, le nostre sistemazioni&nbsp;<strong>sono interamente rivolti agli adulti.<\/strong> Non perch\u00e9 non ci piacciano i bambini, anzi, li adoriamo! Tuttavia, per noi \u00e8 importante che anche le mamme, i pap\u00e0, le zie, gli zii, le nonne o i nonni possano staccare la spina - nel nostro hotel per adulti.<\/p><p><span style=\"font-weight: bold; font-size: inherit; line-height: inherit; letter-spacing: 0.1px;\">Il fumo<\/span><\/p><p>Tutte le camere, i corridoi e l'area della colazione sono aree non fumatori. \u00c8 consentito fumare nel giardino.<\/p><p><span style=\"font-weight: bold; font-size: inherit; line-height: inherit; letter-spacing: 0.1px;\">Animali domestici<\/span><\/p><p>Gli animali domestici non sono ammessi nei locali.<\/p><p><span style=\"font-weight: bold; font-size: inherit; line-height: inherit; letter-spacing: 0.1px;\">Colazione<\/span><\/p><p>La colazione viene servita dalle 07:30 alle 09:30.<\/p><p><span style=\"font-weight: bold; font-size: inherit; line-height: inherit; letter-spacing: 0.1px;\">Danni e rotture<\/span><\/p><p><span data-no-translation=\"true\"><span data-no-translation=\"true\">Boutique Hotel<\/span><\/span> Sonrisa&nbsp;<span style=\"letter-spacing: 0.1px;\">&amp; <span data-no-translation=\"true\"><span data-no-translation=\"true\">Deluxe Boutique Apartments Sonrisa<\/span><\/span>&nbsp;<\/span><span style=\"letter-spacing: 0.1px;\">apprezza la vostra cura quando soggiornate nella nostra struttura. Siete responsabili di eventuali rotture o danni causati da voi o dai vostri visitatori all'alloggio o al suo contenuto. Vi chiediamo di segnalare qualsiasi incidente il prima possibile. In genere non viene addebitato alcun costo per rotture di lieve entit\u00e0, ma se il danno \u00e8 significativo, <span data-no-translation=\"true\"><span data-no-translation=\"true\">Boutique Hotel<\/span><\/span> Sonrisa&nbsp;<\/span><span style=\"letter-spacing: 0.1px;\">&amp; <span data-no-translation=\"true\"><span data-no-translation=\"true\">Deluxe Boutique Apartments Sonrisa<\/span><\/span>&nbsp;<\/span><span style=\"letter-spacing: 0.1px;\">Se il danno non viene segnalato, \u00e8 prevista una tassa aggiuntiva di $50,00 per ogni incidente, oltre al rimborso per eventuali danni significativi.<\/span><\/p><p><span style=\"font-weight: bold; font-size: inherit; line-height: inherit; letter-spacing: 0.1px;\">Interruzione dei servizi di terzi<\/span><\/p><p>Bonaire \u00e8 una piccola isola con una buona infrastruttura. Tuttavia, \u00e8 possibile che si verifichino brevi interruzioni di servizi di terzi come acqua, elettricit\u00e0 o internet. Pur comprendendo che queste interruzioni sono scomode e possono essere frustranti, non abbiamo alcun controllo su di esse e non possiamo essere ritenuti responsabili per eventuali questioni derivanti dall'interruzione di questi servizi.<\/p><p><span style=\"font-weight: bold; font-size: inherit; line-height: inherit; letter-spacing: 0.1px;\">Spese di pulizia aggiuntive<\/span><\/p><p>Il cliente \u00e8 responsabile di lasciare la camera in condizioni di pulizia ragionevoli. Nell'improbabile caso in cui dovessimo sostenere costi di pulizia aggiuntivi, potremmo richiederne il rimborso.<\/p><p><span style=\"font-weight: bold; font-size: inherit; line-height: inherit; letter-spacing: 0.1px;\">Responsabilit\u00e0<\/span><\/p><p>Non ci assumiamo alcuna responsabilit\u00e0 per danni, perdite o lesioni a qualsiasi membro del vostro gruppo o a qualsiasi veicolo o oggetto, a meno che non si dimostri che sono stati causati da un atto di negligenza da parte di <span data-no-translation=\"true\"><span data-no-translation=\"true\">Boutique Hotel<\/span><\/span> Sonrisa&nbsp;<span style=\"letter-spacing: 0.1px;\">&amp; <span data-no-translation=\"true\"><span data-no-translation=\"true\">Deluxe Boutique Apartments Sonrisa<\/span><\/span><\/span><span style=\"letter-spacing: 0.1px;\">, i nostri dipendenti o appaltatori mentre agiscono nell'ambito del loro lavoro.<\/span><\/p><p><span style=\"font-weight: bold; font-size: inherit; line-height: inherit; letter-spacing: 0.1px;\">Informativa sulla privacy<\/span><\/p><p>Tutti i dati raccolti attraverso le prenotazioni saranno memorizzati sui nostri computer e\/o nel nostro sistema di archiviazione personale. Con il vostro consenso, potremmo contattarvi di tanto in tanto per informarvi sulle promozioni. Se preferite non ricevere queste comunicazioni, vi preghiamo di comunicarcelo. Non condivideremo mai il vostro nome, indirizzo e-mail o altri dettagli della vostra prenotazione con terzi.<\/p>\n\t\t\t\t\t\t\t\t<\/div>\n\t\t\t\t<\/div>\n\t\t\t\t\t<\/div>\n\t\t<\/div>\n\t\t\t\t\t<\/div>\n\t\t<\/section>\n\t\t\t\t<section class=\"elementor-section elementor-top-section elementor-element elementor-element-df3b10a elementor-section-boxed elementor-section-height-default elementor-section-height-default\" data-id=\"df3b10a\" data-element_type=\"section\" data-e-type=\"section\">\n\t\t\t\t\t\t<div class=\"elementor-container elementor-column-gap-default\">\n\t\t\t\t\t<div class=\"elementor-column elementor-col-100 elementor-top-column elementor-element elementor-element-c7186cb\" data-id=\"c7186cb\" data-element_type=\"column\" data-e-type=\"column\">\n\t\t\t<div class=\"elementor-widget-wrap elementor-element-populated\">\n\t\t\t\t\t\t<div class=\"elementor-element elementor-element-01ec3a4 elementor-widget elementor-widget-spacer\" data-id=\"01ec3a4\" data-element_type=\"widget\" data-e-type=\"widget\" data-widget_type=\"spacer.default\">\n\t\t\t\t<div class=\"elementor-widget-container\">\n\t\t\t\t\t\t\t<div class=\"elementor-spacer\">\n\t\t\t<div class=\"elementor-spacer-inner\"><\/div>\n\t\t<\/div>\n\t\t\t\t\t\t<\/div>\n\t\t\t\t<\/div>\n\t\t\t\t\t<\/div>\n\t\t<\/div>\n\t\t\t\t\t<\/div>\n\t\t<\/section>\n\t\t\t\t<\/div>","protected":false},"excerpt":{"rendered":"<p>Terms &amp; conditionsPricesBoutique Hotel Sonrisa &amp; Deluxe Boutique Apartments Sonrisa reserves the right to increase or decrease the prices of accommodation at any time. The price of your stay will be confirmed at the time of booking.&nbsp;Booking and PaymentsBookings at Boutique Hotel Sonrisa&nbsp;&amp; Deluxe Boutique Apartments Sonrisa&nbsp;may be preferably made by using the booking engine [&hellip;]<\/p>","protected":false},"author":1,"featured_media":0,"parent":0,"menu_order":0,"comment_status":"closed","ping_status":"closed","template":"","meta":{"_acf_changed":false,"inline_featured_image":false,"footnotes":""},"class_list":["post-2409","page","type-page","status-publish","hentry"],"acf":[],"yoast_head":"<!-- This site is optimized with the Yoast SEO plugin v27.4 - https:\/\/yoast.com\/product\/yoast-seo-wordpress\/ -->\n<title>Terms &amp; conditions - Sonrisa Bonaire<\/title>\n<meta name=\"robots\" content=\"index, follow, max-snippet:-1, max-image-preview:large, max-video-preview:-1\" \/>\n<link rel=\"canonical\" href=\"https:\/\/sonrisa-bonaire.com\/it\/termini-e-condizioni\/\" \/>\n<meta property=\"og:locale\" content=\"it_IT\" \/>\n<meta property=\"og:type\" content=\"article\" \/>\n<meta property=\"og:title\" content=\"Terms &amp; conditions - Sonrisa Bonaire\" \/>\n<meta property=\"og:description\" content=\"Terms &amp; conditionsPricesBoutique Hotel Sonrisa &amp; Deluxe Boutique Apartments Sonrisa reserves the right to increase or decrease the prices of accommodation at any time. The price of your stay will be confirmed at the time of booking.&nbsp;Booking and PaymentsBookings at Boutique Hotel Sonrisa&nbsp;&amp; Deluxe Boutique Apartments Sonrisa&nbsp;may be preferably made by using the booking engine [&hellip;]\" \/>\n<meta property=\"og:url\" content=\"https:\/\/sonrisa-bonaire.com\/it\/termini-e-condizioni\/\" \/>\n<meta property=\"og:site_name\" content=\"Sonrisa Bonaire\" \/>\n<meta property=\"article:publisher\" content=\"https:\/\/www.facebook.com\/SonrisaBonaire\/\" \/>\n<meta property=\"article:modified_time\" content=\"2025-10-04T10:47:13+00:00\" \/>\n<meta name=\"twitter:card\" content=\"summary_large_image\" \/>\n<meta name=\"twitter:label1\" content=\"Tempo di lettura stimato\" \/>\n\t<meta name=\"twitter:data1\" content=\"4 minuti\" \/>\n<script type=\"application\/ld+json\" class=\"yoast-schema-graph\">{\"@context\":\"https:\\\/\\\/schema.org\",\"@graph\":[{\"@type\":\"WebPage\",\"@id\":\"https:\\\/\\\/sonrisa-bonaire.com\\\/terms-conditions\\\/\",\"url\":\"https:\\\/\\\/sonrisa-bonaire.com\\\/terms-conditions\\\/\",\"name\":\"Terms & conditions - Sonrisa Bonaire\",\"isPartOf\":{\"@id\":\"https:\\\/\\\/sonrisa-bonaire.com\\\/#website\"},\"datePublished\":\"2022-02-28T12:10:00+00:00\",\"dateModified\":\"2025-10-04T10:47:13+00:00\",\"breadcrumb\":{\"@id\":\"https:\\\/\\\/sonrisa-bonaire.com\\\/terms-conditions\\\/#breadcrumb\"},\"inLanguage\":\"it-IT\",\"potentialAction\":[{\"@type\":\"ReadAction\",\"target\":[\"https:\\\/\\\/sonrisa-bonaire.com\\\/terms-conditions\\\/\"]}]},{\"@type\":\"BreadcrumbList\",\"@id\":\"https:\\\/\\\/sonrisa-bonaire.com\\\/terms-conditions\\\/#breadcrumb\",\"itemListElement\":[{\"@type\":\"ListItem\",\"position\":1,\"name\":\"Startseite\",\"item\":\"https:\\\/\\\/sonrisa-bonaire.com\\\/\"},{\"@type\":\"ListItem\",\"position\":2,\"name\":\"Terms &#038; conditions\"}]},{\"@type\":\"WebSite\",\"@id\":\"https:\\\/\\\/sonrisa-bonaire.com\\\/#website\",\"url\":\"https:\\\/\\\/sonrisa-bonaire.com\\\/\",\"name\":\"Sonrisa Bonaire\",\"description\":\"Boutique Hotel Sonrisa Bonaire\",\"publisher\":{\"@id\":\"https:\\\/\\\/sonrisa-bonaire.com\\\/#organization\"},\"potentialAction\":[{\"@type\":\"SearchAction\",\"target\":{\"@type\":\"EntryPoint\",\"urlTemplate\":\"https:\\\/\\\/sonrisa-bonaire.com\\\/?s={search_term_string}\"},\"query-input\":{\"@type\":\"PropertyValueSpecification\",\"valueRequired\":true,\"valueName\":\"search_term_string\"}}],\"inLanguage\":\"it-IT\"},{\"@type\":\"Organization\",\"@id\":\"https:\\\/\\\/sonrisa-bonaire.com\\\/#organization\",\"name\":\"Das Boutique Hotel Sonrisa\",\"url\":\"https:\\\/\\\/sonrisa-bonaire.com\\\/\",\"logo\":{\"@type\":\"ImageObject\",\"inLanguage\":\"it-IT\",\"@id\":\"https:\\\/\\\/sonrisa-bonaire.com\\\/#\\\/schema\\\/logo\\\/image\\\/\",\"url\":\"https:\\\/\\\/sonrisa-bonaire.com\\\/wp-content\\\/uploads\\\/2022\\\/05\\\/logo_sonrisa-bonaire_web.svg\",\"contentUrl\":\"https:\\\/\\\/sonrisa-bonaire.com\\\/wp-content\\\/uploads\\\/2022\\\/05\\\/logo_sonrisa-bonaire_web.svg\",\"width\":200,\"height\":73,\"caption\":\"Das Boutique Hotel Sonrisa\"},\"image\":{\"@id\":\"https:\\\/\\\/sonrisa-bonaire.com\\\/#\\\/schema\\\/logo\\\/image\\\/\"},\"sameAs\":[\"https:\\\/\\\/www.facebook.com\\\/SonrisaBonaire\\\/\",\"https:\\\/\\\/www.instagram.com\\\/sonrisabonaire\\\/\",\"https:\\\/\\\/www.linkedin.com\\\/company\\\/sonrisa-bonaire\",\"https:\\\/\\\/www.youtube.com\\\/channel\\\/UCxCZYWl1dh3pdD4I8ojwYIw\"]}]}<\/script>\n<!-- \/ Yoast SEO plugin. -->","yoast_head_json":{"title":"Termini e condizioni - Sonrisa Bonaire","robots":{"index":"index","follow":"follow","max-snippet":"max-snippet:-1","max-image-preview":"max-image-preview:large","max-video-preview":"max-video-preview:-1"},"canonical":"https:\/\/sonrisa-bonaire.com\/it\/termini-e-condizioni\/","og_locale":"it_IT","og_type":"article","og_title":"Terms & conditions - Sonrisa Bonaire","og_description":"Terms &amp; conditionsPricesBoutique Hotel Sonrisa &amp; Deluxe Boutique Apartments Sonrisa reserves the right to increase or decrease the prices of accommodation at any time. The price of your stay will be confirmed at the time of booking.&nbsp;Booking and PaymentsBookings at Boutique Hotel Sonrisa&nbsp;&amp; Deluxe Boutique Apartments Sonrisa&nbsp;may be preferably made by using the booking engine [&hellip;]","og_url":"https:\/\/sonrisa-bonaire.com\/it\/termini-e-condizioni\/","og_site_name":"Sonrisa Bonaire","article_publisher":"https:\/\/www.facebook.com\/SonrisaBonaire\/","article_modified_time":"2025-10-04T10:47:13+00:00","twitter_card":"summary_large_image","twitter_misc":{"Tempo di lettura stimato":"4 minuti"},"schema":{"@context":"https:\/\/schema.org","@graph":[{"@type":"WebPage","@id":"https:\/\/sonrisa-bonaire.com\/terms-conditions\/","url":"https:\/\/sonrisa-bonaire.com\/terms-conditions\/","name":"Termini e condizioni - Sonrisa Bonaire","isPartOf":{"@id":"https:\/\/sonrisa-bonaire.com\/#website"},"datePublished":"2022-02-28T12:10:00+00:00","dateModified":"2025-10-04T10:47:13+00:00","breadcrumb":{"@id":"https:\/\/sonrisa-bonaire.com\/terms-conditions\/#breadcrumb"},"inLanguage":"it-IT","potentialAction":[{"@type":"ReadAction","target":["https:\/\/sonrisa-bonaire.com\/terms-conditions\/"]}]},{"@type":"BreadcrumbList","@id":"https:\/\/sonrisa-bonaire.com\/terms-conditions\/#breadcrumb","itemListElement":[{"@type":"ListItem","position":1,"name":"Startseite","item":"https:\/\/sonrisa-bonaire.com\/"},{"@type":"ListItem","position":2,"name":"Terms &#038; conditions"}]},{"@type":"WebSite","@id":"https:\/\/sonrisa-bonaire.com\/#website","url":"https:\/\/sonrisa-bonaire.com\/","name":"Sonrisa Bonaire","description":"Albergo di charme Sonrisa Bonaire","publisher":{"@id":"https:\/\/sonrisa-bonaire.com\/#organization"},"potentialAction":[{"@type":"SearchAction","target":{"@type":"EntryPoint","urlTemplate":"https:\/\/sonrisa-bonaire.com\/?s={search_term_string}"},"query-input":{"@type":"PropertyValueSpecification","valueRequired":true,"valueName":"search_term_string"}}],"inLanguage":"it-IT"},{"@type":"Organization","@id":"https:\/\/sonrisa-bonaire.com\/#organization","name":"Albergo di charme Sonrisa","url":"https:\/\/sonrisa-bonaire.com\/","logo":{"@type":"ImageObject","inLanguage":"it-IT","@id":"https:\/\/sonrisa-bonaire.com\/#\/schema\/logo\/image\/","url":"https:\/\/sonrisa-bonaire.com\/wp-content\/uploads\/2022\/05\/logo_sonrisa-bonaire_web.svg","contentUrl":"https:\/\/sonrisa-bonaire.com\/wp-content\/uploads\/2022\/05\/logo_sonrisa-bonaire_web.svg","width":200,"height":73,"caption":"Das Boutique Hotel Sonrisa"},"image":{"@id":"https:\/\/sonrisa-bonaire.com\/#\/schema\/logo\/image\/"},"sameAs":["https:\/\/www.facebook.com\/SonrisaBonaire\/","https:\/\/www.instagram.com\/sonrisabonaire\/","https:\/\/www.linkedin.com\/company\/sonrisa-bonaire","https:\/\/www.youtube.com\/channel\/UCxCZYWl1dh3pdD4I8ojwYIw"]}]}},"_links":{"self":[{"href":"https:\/\/sonrisa-bonaire.com\/it\/wp-json\/wp\/v2\/pages\/2409","targetHints":{"allow":["GET"]}}],"collection":[{"href":"https:\/\/sonrisa-bonaire.com\/it\/wp-json\/wp\/v2\/pages"}],"about":[{"href":"https:\/\/sonrisa-bonaire.com\/it\/wp-json\/wp\/v2\/types\/page"}],"author":[{"embeddable":true,"href":"https:\/\/sonrisa-bonaire.com\/it\/wp-json\/wp\/v2\/users\/1"}],"replies":[{"embeddable":true,"href":"https:\/\/sonrisa-bonaire.com\/it\/wp-json\/wp\/v2\/comments?post=2409"}],"version-history":[{"count":38,"href":"https:\/\/sonrisa-bonaire.com\/it\/wp-json\/wp\/v2\/pages\/2409\/revisions"}],"predecessor-version":[{"id":7258,"href":"https:\/\/sonrisa-bonaire.com\/it\/wp-json\/wp\/v2\/pages\/2409\/revisions\/7258"}],"wp:attachment":[{"href":"https:\/\/sonrisa-bonaire.com\/it\/wp-json\/wp\/v2\/media?parent=2409"}],"curies":[{"name":"wp","href":"https:\/\/api.w.org\/{rel}","templated":true}]}}