{"id":2409,"date":"2022-02-28T08:10:00","date_gmt":"2022-02-28T12:10:00","guid":{"rendered":"https:\/\/sonrisa-bonaire.com\/?page_id=2409"},"modified":"2025-10-04T06:47:13","modified_gmt":"2025-10-04T10:47:13","slug":"warunki","status":"publish","type":"page","link":"https:\/\/sonrisa-bonaire.com\/pl\/warunki\/","title":{"rendered":"Zasady i warunki"},"content":{"rendered":".<div data-elementor-type=\"wp-page\" data-elementor-id=\"2409\" class=\"elementor elementor-2409\">\n\t\t\t\t\t\t<section class=\"elementor-section elementor-top-section elementor-element elementor-element-26515f5 elementor-section-boxed elementor-section-height-default elementor-section-height-default\" data-id=\"26515f5\" data-element_type=\"section\" data-e-type=\"section\">\n\t\t\t\t\t\t<div class=\"elementor-container elementor-column-gap-default\">\n\t\t\t\t\t<div class=\"elementor-column elementor-col-100 elementor-top-column elementor-element elementor-element-e2a864e\" data-id=\"e2a864e\" data-element_type=\"column\" data-e-type=\"column\">\n\t\t\t<div class=\"elementor-widget-wrap elementor-element-populated\">\n\t\t\t\t\t\t<div class=\"elementor-element elementor-element-bfdcd8f elementor-widget elementor-widget-heading\" data-id=\"bfdcd8f\" data-element_type=\"widget\" data-e-type=\"widget\" data-widget_type=\"heading.default\">\n\t\t\t\t<div class=\"elementor-widget-container\">\n\t\t\t\t\t<h2 class=\"elementor-heading-title elementor-size-default\">Zasady i warunki<\/h2>\t\t\t\t<\/div>\n\t\t\t\t<\/div>\n\t\t\t\t\t<\/div>\n\t\t<\/div>\n\t\t\t\t\t<\/div>\n\t\t<\/section>\n\t\t\t\t<section class=\"elementor-section elementor-top-section elementor-element elementor-element-92c79eb elementor-section-boxed elementor-section-height-default elementor-section-height-default\" data-id=\"92c79eb\" data-element_type=\"section\" data-e-type=\"section\">\n\t\t\t\t\t\t<div class=\"elementor-container elementor-column-gap-default\">\n\t\t\t\t\t<div class=\"elementor-column elementor-col-100 elementor-top-column elementor-element elementor-element-1d559f2\" data-id=\"1d559f2\" data-element_type=\"column\" data-e-type=\"column\">\n\t\t\t<div class=\"elementor-widget-wrap elementor-element-populated\">\n\t\t\t\t\t\t<div class=\"elementor-element elementor-element-4c844b7 elementor-widget elementor-widget-text-editor\" data-id=\"4c844b7\" data-element_type=\"widget\" data-e-type=\"widget\" data-widget_type=\"text-editor.default\">\n\t\t\t\t<div class=\"elementor-widget-container\">\n\t\t\t\t\t\t\t\t\t.<p><span style=\"font-weight: bold; font-size: inherit; line-height: inherit; letter-spacing: 0.1px;\">Ceny<\/span><\/p><p><span data-no-translation=\"true\"><span data-no-translation=\"true\">Boutique Hotel<\/span><\/span> Sonrisa &amp; <span data-no-translation=\"true\"><span data-no-translation=\"true\">Deluxe Boutique Apartments Sonrisa<\/span><\/span> zastrzega sobie prawo do podniesienia lub obni\u017cenia cen zakwaterowania w dowolnym momencie. Cena pobytu zostanie potwierdzona w momencie dokonywania rezerwacji.&nbsp;<\/p><p><span style=\"font-weight: bold; font-size: inherit; line-height: inherit; letter-spacing: 0.1px;\">Rezerwacja i p\u0142atno\u015bci<\/span><\/p><p>Rezerwacje pod adresem <span data-no-translation=\"true\"><span data-no-translation=\"true\">Boutique Hotel<\/span><\/span> Sonrisa&nbsp;<span style=\"letter-spacing: 0.1px;\">&amp; <span data-no-translation=\"true\"><span data-no-translation=\"true\">Deluxe Boutique Apartments Sonrisa<\/span><\/span>&nbsp;<\/span><span style=\"letter-spacing: 0.1px;\">rezerwacji mo\u017cna dokona\u0107 za pomoc\u0105 systemu rezerwacji na naszej stronie internetowej lub dzwoni\u0105c bezpo\u015brednio do hotelu.&nbsp;<\/span><\/p><p><span style=\"font-weight: bold; font-size: inherit; line-height: inherit; letter-spacing: 0.1px;\">Zasady anulowania<\/span><\/p><p>Hotel przyznaje klientowi prawo do odst\u0105pienia od umowy w dowolnym momencie. Zastosowanie maj\u0105 nast\u0119puj\u0105ce postanowienia:<\/p><p>Rezerwacje mo\u017cna anulowa\u0107 bezp\u0142atnie w dowolnym momencie przed przyjazdem. Anulowanie rezerwacji musi dotrze\u0107 do nas w formie pisemnej (e-mail\/WhatsApp) nie p\u00f3\u017aniej ni\u017c w dniu przyjazdu.&nbsp;<\/p><p>W przypadku niepojawienia si\u0119 w obiekcie bez pisemnego powiadomienia naliczona zostanie op\u0142ata za anulowanie rezerwacji w wysoko\u015bci 100% uzgodnionej ca\u0142kowitej kwoty rezerwacji.<\/p><p>Zalecamy wykupienie ubezpieczenia podr\u00f3\u017cnego.<\/p><p>Specjalne warunki anulowania rezerwacji obowi\u0105zuj\u0105 biura podr\u00f3\u017cy, a tak\u017ce w przypadku wycieczek grupowych obejmuj\u0105cych 4 lub wi\u0119cej pokoi. Prosimy o kontakt bezpo\u015brednio z nami.<\/p><p><span style=\"font-weight: bold; font-size: inherit; line-height: inherit; letter-spacing: 0.1px;\">Brak dost\u0119pno\u015bci zakwaterowania<\/span><\/p><p>Anulujemy rezerwacj\u0119 tylko wtedy, gdy zakwaterowanie jest niedost\u0119pne z przyczyn od nas niezale\u017cnych. Je\u015bli b\u0119dziemy musieli anulowa\u0107 rezerwacj\u0119 pokoju na wi\u0119cej ni\u017c 5 dni przed przyjazdem, wszystkie dokonane p\u0142atno\u015bci zostan\u0105 zwr\u00f3cone na konto u\u017cytkownika. Nasza odpowiedzialno\u015b\u0107 nie wykracza poza ten zwrot.<\/p><p><span style=\"font-weight: bold; font-size: inherit; line-height: inherit; letter-spacing: 0.1px;\">Zameldowanie<\/span><\/p><p>Zakwaterowanie b\u0119dzie dost\u0119pne od godziny 15:00 w dniu przyjazdu, chyba \u017ce wcze\u015bniej ustalono inaczej. W przypadku przyjazdu przed oficjaln\u0105 godzin\u0105 zameldowania zakwaterowanie mo\u017ce nie by\u0107 mo\u017cliwe, poniewa\u017c b\u0119dziemy przygotowywa\u0107 pok\u00f3j.<\/p><p><span style=\"font-weight: bold; font-size: inherit; line-height: inherit; letter-spacing: 0.1px;\">Sprawd\u017a<\/span><\/p><p>Wymeldowanie nast\u0119puje o godzinie 11:00 w dniu wyjazdu. Go\u015bcie proszeni s\u0105 o opuszczenie pokoju o tej godzinie, chyba \u017ce wcze\u015bniej ustalono inaczej.<\/p><p><span style=\"font-weight: bold; font-size: inherit; line-height: inherit; letter-spacing: 0.1px;\"><span data-no-translation=\"true\"><span data-no-translation=\"true\">Adults only<\/span><\/span><\/span><\/p><p>Jako oznaczenie \"<span data-no-translation=\"true\"><span data-no-translation=\"true\">Adults only<\/span><\/span>\" ju\u017c ujawnia, nasze zakwaterowanie&nbsp;<strong>s\u0105 w ca\u0142o\u015bci skierowane do doros\u0142ych.<\/strong> Nie dlatego, \u017ce nie lubimy dzieci - wr\u0119cz przeciwnie, kochamy je! Niemniej jednak wa\u017cne jest dla nas, aby mamy, tatusiowie, ciocie, wujkowie, babcie czy dziadkowie r\u00f3wnie\u017c mogli si\u0119 wy\u0142\u0105czy\u0107 - w naszym hotelu dla doros\u0142ych.<\/p><p><span style=\"font-weight: bold; font-size: inherit; line-height: inherit; letter-spacing: 0.1px;\">Palenie<\/span><\/p><p>Wszystkie pokoje, korytarze i cz\u0119\u015b\u0107 \u015bniadaniowa obj\u0119te s\u0105 zakazem palenia. Palenie dozwolone jest w ogrodzie.<\/p><p><span style=\"font-weight: bold; font-size: inherit; line-height: inherit; letter-spacing: 0.1px;\">Zwierz\u0119ta domowe<\/span><\/p><p>Zwierz\u0119ta nie mog\u0105 przebywa\u0107 na terenie obiektu.<\/p><p><span style=\"font-weight: bold; font-size: inherit; line-height: inherit; letter-spacing: 0.1px;\">\u015aniadanie<\/span><\/p><p>\u015aniadanie serwowane jest od 07:30 do 09:30.<\/p><p><span style=\"font-weight: bold; font-size: inherit; line-height: inherit; letter-spacing: 0.1px;\">Uszkodzenia i awarie<\/span><\/p><p><span data-no-translation=\"true\"><span data-no-translation=\"true\">Boutique Hotel<\/span><\/span> Sonrisa&nbsp;<span style=\"letter-spacing: 0.1px;\">&amp; <span data-no-translation=\"true\"><span data-no-translation=\"true\">Deluxe Boutique Apartments Sonrisa<\/span><\/span>&nbsp;<\/span><span style=\"letter-spacing: 0.1px;\">docenia staranno\u015b\u0107 podczas pobytu w naszym obiekcie. Go\u015b\u0107 ponosi odpowiedzialno\u015b\u0107 za wszelkie uszkodzenia lub zniszczenia, kt\u00f3re spowoduje on sam lub jego go\u015bcie, w obiekcie lub jego zawarto\u015bci. Wymagamy jak najszybszego zg\u0142aszania wszelkich incydent\u00f3w. Zazwyczaj nie jest pobierana op\u0142ata za drobne uszkodzenia, ale je\u015bli uszkodzenie jest znaczne, <span data-no-translation=\"true\"><span data-no-translation=\"true\">Boutique Hotel<\/span><\/span> Sonrisa&nbsp;<\/span><span style=\"letter-spacing: 0.1px;\">&amp; <span data-no-translation=\"true\"><span data-no-translation=\"true\">Deluxe Boutique Apartments Sonrisa<\/span><\/span>&nbsp;<\/span><span style=\"letter-spacing: 0.1px;\">Je\u015bli szkoda nie zostanie zg\u0142oszona, opr\u00f3cz zwrotu koszt\u00f3w za wszelkie znacz\u0105ce szkody pobierana jest dodatkowa op\u0142ata w wysoko\u015bci $50,00 za ka\u017cdy incydent.<\/span><\/p><p><span style=\"font-weight: bold; font-size: inherit; line-height: inherit; letter-spacing: 0.1px;\">Przerwanie \u015bwiadczenia us\u0142ug stron trzecich<\/span><\/p><p>Bonaire to ma\u0142a wyspa z dobr\u0105 infrastruktur\u0105. Mog\u0105 jednak wyst\u0105pi\u0107 kr\u00f3tkie przerwy w \u015bwiadczeniu us\u0142ug stron trzecich, takich jak woda, elektryczno\u015b\u0107 lub Internet. Chocia\u017c rozumiemy, \u017ce takie przerwy s\u0105 niewygodne i mog\u0105 by\u0107 frustruj\u0105ce, nie mamy nad nimi \u017cadnej kontroli i nie mo\u017cemy ponosi\u0107 odpowiedzialno\u015bci za jakiekolwiek sprawy wynikaj\u0105ce z przerw w \u015bwiadczeniu tych us\u0142ug.<\/p><p><span style=\"font-weight: bold; font-size: inherit; line-height: inherit; letter-spacing: 0.1px;\">Dodatkowe wydatki na sprz\u0105tanie<\/span><\/p><p>Go\u015b\u0107 jest odpowiedzialny za pozostawienie pokoju w nale\u017cytym stanie czysto\u015bci. W ma\u0142o prawdopodobnym przypadku wyst\u0105pienia dodatkowych koszt\u00f3w sprz\u0105tania, mo\u017cemy za\u017c\u0105da\u0107 ich zwrotu.<\/p><p><span style=\"font-weight: bold; font-size: inherit; line-height: inherit; letter-spacing: 0.1px;\">Odpowiedzialno\u015b\u0107<\/span><\/p><p>Nie ponosimy odpowiedzialno\u015bci za uszkodzenie, utrat\u0119 lub obra\u017cenia cia\u0142a jakiegokolwiek cz\u0142onka imprezy lub jakiegokolwiek pojazdu lub mienia, chyba \u017ce zostanie udowodnione, \u017ce zosta\u0142y one spowodowane zaniedbaniem ze strony <span data-no-translation=\"true\"><span data-no-translation=\"true\">Boutique Hotel<\/span><\/span> Sonrisa&nbsp;<span style=\"letter-spacing: 0.1px;\">&amp; <span data-no-translation=\"true\"><span data-no-translation=\"true\">Deluxe Boutique Apartments Sonrisa<\/span><\/span><\/span><span style=\"letter-spacing: 0.1px;\">nasi pracownicy lub kontrahenci dzia\u0142aj\u0105cy w ramach swojego zatrudnienia.<\/span><\/p><p><span style=\"font-weight: bold; font-size: inherit; line-height: inherit; letter-spacing: 0.1px;\">Polityka prywatno\u015bci<\/span><\/p><p>Wszelkie dane zebrane za po\u015brednictwem rezerwacji b\u0119d\u0105 przechowywane na naszym komputerze (komputerach) i\/lub w naszym osobistym systemie archiwizacji. Za zgod\u0105 u\u017cytkownika mo\u017cemy od czasu do czasu kontaktowa\u0107 si\u0119 z nim w sprawie promocji. Je\u015bli nie chcesz otrzymywa\u0107 takich powiadomie\u0144, poinformuj nas o tym. Nigdy nie udost\u0119pnimy imienia i nazwiska, adresu e-mail ani innych szczeg\u00f3\u0142\u00f3w rezerwacji osobom trzecim.<\/p>\n\t\t\t\t\t\t\t\t<\/div>\n\t\t\t\t<\/div>\n\t\t\t\t\t<\/div>\n\t\t<\/div>\n\t\t\t\t\t<\/div>\n\t\t<\/section>\n\t\t\t\t<section class=\"elementor-section elementor-top-section elementor-element elementor-element-df3b10a elementor-section-boxed elementor-section-height-default elementor-section-height-default\" data-id=\"df3b10a\" data-element_type=\"section\" data-e-type=\"section\">\n\t\t\t\t\t\t<div class=\"elementor-container elementor-column-gap-default\">\n\t\t\t\t\t<div class=\"elementor-column elementor-col-100 elementor-top-column elementor-element elementor-element-c7186cb\" data-id=\"c7186cb\" data-element_type=\"column\" data-e-type=\"column\">\n\t\t\t<div class=\"elementor-widget-wrap elementor-element-populated\">\n\t\t\t\t\t\t<div class=\"elementor-element elementor-element-01ec3a4 elementor-widget elementor-widget-spacer\" data-id=\"01ec3a4\" data-element_type=\"widget\" data-e-type=\"widget\" data-widget_type=\"spacer.default\">\n\t\t\t\t<div class=\"elementor-widget-container\">\n\t\t\t\t\t\t\t<div class=\"elementor-spacer\">\n\t\t\t<div class=\"elementor-spacer-inner\"><\/div>\n\t\t<\/div>\n\t\t\t\t\t\t<\/div>\n\t\t\t\t<\/div>\n\t\t\t\t\t<\/div>\n\t\t<\/div>\n\t\t\t\t\t<\/div>\n\t\t<\/section>\n\t\t\t\t<\/div>","protected":false},"excerpt":{"rendered":"<p>Terms &amp; conditionsPricesBoutique Hotel Sonrisa &amp; Deluxe Boutique Apartments Sonrisa reserves the right to increase or decrease the prices of accommodation at any time. The price of your stay will be confirmed at the time of booking.&nbsp;Booking and PaymentsBookings at Boutique Hotel Sonrisa&nbsp;&amp; Deluxe Boutique Apartments Sonrisa&nbsp;may be preferably made by using the booking engine [&hellip;]<\/p>","protected":false},"author":1,"featured_media":0,"parent":0,"menu_order":0,"comment_status":"closed","ping_status":"closed","template":"","meta":{"_acf_changed":false,"inline_featured_image":false,"footnotes":""},"class_list":["post-2409","page","type-page","status-publish","hentry"],"acf":[],"yoast_head":"<!-- This site is optimized with the Yoast SEO plugin v27.5 - https:\/\/yoast.com\/product\/yoast-seo-wordpress\/ -->\n<title>Terms &amp; conditions - Sonrisa Bonaire<\/title>\n<meta name=\"robots\" content=\"index, follow, max-snippet:-1, max-image-preview:large, max-video-preview:-1\" \/>\n<link rel=\"canonical\" href=\"https:\/\/sonrisa-bonaire.com\/pl\/warunki\/\" \/>\n<meta property=\"og:locale\" content=\"pl_PL\" \/>\n<meta property=\"og:type\" content=\"article\" \/>\n<meta property=\"og:title\" content=\"Terms &amp; conditions - Sonrisa Bonaire\" \/>\n<meta property=\"og:description\" content=\"Terms &amp; conditionsPricesBoutique Hotel Sonrisa &amp; Deluxe Boutique Apartments Sonrisa reserves the right to increase or decrease the prices of accommodation at any time. The price of your stay will be confirmed at the time of booking.&nbsp;Booking and PaymentsBookings at Boutique Hotel Sonrisa&nbsp;&amp; Deluxe Boutique Apartments Sonrisa&nbsp;may be preferably made by using the booking engine [&hellip;]\" \/>\n<meta property=\"og:url\" content=\"https:\/\/sonrisa-bonaire.com\/pl\/warunki\/\" \/>\n<meta property=\"og:site_name\" content=\"Sonrisa Bonaire\" \/>\n<meta property=\"article:publisher\" content=\"https:\/\/www.facebook.com\/SonrisaBonaire\/\" \/>\n<meta property=\"article:modified_time\" content=\"2025-10-04T10:47:13+00:00\" \/>\n<meta name=\"twitter:card\" content=\"summary_large_image\" \/>\n<meta name=\"twitter:label1\" content=\"Szacowany czas czytania\" \/>\n\t<meta name=\"twitter:data1\" content=\"4 minuty\" \/>\n<script type=\"application\/ld+json\" class=\"yoast-schema-graph\">{\"@context\":\"https:\\\/\\\/schema.org\",\"@graph\":[{\"@type\":\"WebPage\",\"@id\":\"https:\\\/\\\/sonrisa-bonaire.com\\\/terms-conditions\\\/\",\"url\":\"https:\\\/\\\/sonrisa-bonaire.com\\\/terms-conditions\\\/\",\"name\":\"Terms & conditions - Sonrisa Bonaire\",\"isPartOf\":{\"@id\":\"https:\\\/\\\/sonrisa-bonaire.com\\\/#website\"},\"datePublished\":\"2022-02-28T12:10:00+00:00\",\"dateModified\":\"2025-10-04T10:47:13+00:00\",\"breadcrumb\":{\"@id\":\"https:\\\/\\\/sonrisa-bonaire.com\\\/terms-conditions\\\/#breadcrumb\"},\"inLanguage\":\"pl-PL\",\"potentialAction\":[{\"@type\":\"ReadAction\",\"target\":[\"https:\\\/\\\/sonrisa-bonaire.com\\\/terms-conditions\\\/\"]}]},{\"@type\":\"BreadcrumbList\",\"@id\":\"https:\\\/\\\/sonrisa-bonaire.com\\\/terms-conditions\\\/#breadcrumb\",\"itemListElement\":[{\"@type\":\"ListItem\",\"position\":1,\"name\":\"Startseite\",\"item\":\"https:\\\/\\\/sonrisa-bonaire.com\\\/\"},{\"@type\":\"ListItem\",\"position\":2,\"name\":\"Terms &#038; conditions\"}]},{\"@type\":\"WebSite\",\"@id\":\"https:\\\/\\\/sonrisa-bonaire.com\\\/#website\",\"url\":\"https:\\\/\\\/sonrisa-bonaire.com\\\/\",\"name\":\"Sonrisa Bonaire\",\"description\":\"Boutique Hotel Sonrisa Bonaire\",\"publisher\":{\"@id\":\"https:\\\/\\\/sonrisa-bonaire.com\\\/#organization\"},\"potentialAction\":[{\"@type\":\"SearchAction\",\"target\":{\"@type\":\"EntryPoint\",\"urlTemplate\":\"https:\\\/\\\/sonrisa-bonaire.com\\\/?s={search_term_string}\"},\"query-input\":{\"@type\":\"PropertyValueSpecification\",\"valueRequired\":true,\"valueName\":\"search_term_string\"}}],\"inLanguage\":\"pl-PL\"},{\"@type\":\"Organization\",\"@id\":\"https:\\\/\\\/sonrisa-bonaire.com\\\/#organization\",\"name\":\"Das Boutique Hotel Sonrisa\",\"url\":\"https:\\\/\\\/sonrisa-bonaire.com\\\/\",\"logo\":{\"@type\":\"ImageObject\",\"inLanguage\":\"pl-PL\",\"@id\":\"https:\\\/\\\/sonrisa-bonaire.com\\\/#\\\/schema\\\/logo\\\/image\\\/\",\"url\":\"https:\\\/\\\/sonrisa-bonaire.com\\\/wp-content\\\/uploads\\\/2022\\\/05\\\/logo_sonrisa-bonaire_web.svg\",\"contentUrl\":\"https:\\\/\\\/sonrisa-bonaire.com\\\/wp-content\\\/uploads\\\/2022\\\/05\\\/logo_sonrisa-bonaire_web.svg\",\"width\":200,\"height\":73,\"caption\":\"Das Boutique Hotel Sonrisa\"},\"image\":{\"@id\":\"https:\\\/\\\/sonrisa-bonaire.com\\\/#\\\/schema\\\/logo\\\/image\\\/\"},\"sameAs\":[\"https:\\\/\\\/www.facebook.com\\\/SonrisaBonaire\\\/\",\"https:\\\/\\\/www.instagram.com\\\/sonrisabonaire\\\/\",\"https:\\\/\\\/www.linkedin.com\\\/company\\\/sonrisa-bonaire\",\"https:\\\/\\\/www.youtube.com\\\/channel\\\/UCxCZYWl1dh3pdD4I8ojwYIw\"]}]}<\/script>\n<!-- \/ Yoast SEO plugin. -->","yoast_head_json":{"title":"Zasady i warunki - Sonrisa Bonaire","robots":{"index":"index","follow":"follow","max-snippet":"max-snippet:-1","max-image-preview":"max-image-preview:large","max-video-preview":"max-video-preview:-1"},"canonical":"https:\/\/sonrisa-bonaire.com\/pl\/warunki\/","og_locale":"pl_PL","og_type":"article","og_title":"Terms & conditions - Sonrisa Bonaire","og_description":"Terms &amp; conditionsPricesBoutique Hotel Sonrisa &amp; Deluxe Boutique Apartments Sonrisa reserves the right to increase or decrease the prices of accommodation at any time. The price of your stay will be confirmed at the time of booking.&nbsp;Booking and PaymentsBookings at Boutique Hotel Sonrisa&nbsp;&amp; Deluxe Boutique Apartments Sonrisa&nbsp;may be preferably made by using the booking engine [&hellip;]","og_url":"https:\/\/sonrisa-bonaire.com\/pl\/warunki\/","og_site_name":"Sonrisa Bonaire","article_publisher":"https:\/\/www.facebook.com\/SonrisaBonaire\/","article_modified_time":"2025-10-04T10:47:13+00:00","twitter_card":"summary_large_image","twitter_misc":{"Szacowany czas czytania":"4 minuty"},"schema":{"@context":"https:\/\/schema.org","@graph":[{"@type":"WebPage","@id":"https:\/\/sonrisa-bonaire.com\/terms-conditions\/","url":"https:\/\/sonrisa-bonaire.com\/terms-conditions\/","name":"Zasady i warunki - Sonrisa Bonaire","isPartOf":{"@id":"https:\/\/sonrisa-bonaire.com\/#website"},"datePublished":"2022-02-28T12:10:00+00:00","dateModified":"2025-10-04T10:47:13+00:00","breadcrumb":{"@id":"https:\/\/sonrisa-bonaire.com\/terms-conditions\/#breadcrumb"},"inLanguage":"pl-PL","potentialAction":[{"@type":"ReadAction","target":["https:\/\/sonrisa-bonaire.com\/terms-conditions\/"]}]},{"@type":"BreadcrumbList","@id":"https:\/\/sonrisa-bonaire.com\/terms-conditions\/#breadcrumb","itemListElement":[{"@type":"ListItem","position":1,"name":"Startseite","item":"https:\/\/sonrisa-bonaire.com\/"},{"@type":"ListItem","position":2,"name":"Terms &#038; conditions"}]},{"@type":"WebSite","@id":"https:\/\/sonrisa-bonaire.com\/#website","url":"https:\/\/sonrisa-bonaire.com\/","name":"Sonrisa Bonaire","description":"Butikowy hotel Sonrisa Bonaire","publisher":{"@id":"https:\/\/sonrisa-bonaire.com\/#organization"},"potentialAction":[{"@type":"SearchAction","target":{"@type":"EntryPoint","urlTemplate":"https:\/\/sonrisa-bonaire.com\/?s={search_term_string}"},"query-input":{"@type":"PropertyValueSpecification","valueRequired":true,"valueName":"search_term_string"}}],"inLanguage":"pl-PL"},{"@type":"Organization","@id":"https:\/\/sonrisa-bonaire.com\/#organization","name":"Das Boutique Hotel Sonrisa","url":"https:\/\/sonrisa-bonaire.com\/","logo":{"@type":"ImageObject","inLanguage":"pl-PL","@id":"https:\/\/sonrisa-bonaire.com\/#\/schema\/logo\/image\/","url":"https:\/\/sonrisa-bonaire.com\/wp-content\/uploads\/2022\/05\/logo_sonrisa-bonaire_web.svg","contentUrl":"https:\/\/sonrisa-bonaire.com\/wp-content\/uploads\/2022\/05\/logo_sonrisa-bonaire_web.svg","width":200,"height":73,"caption":"Das Boutique Hotel Sonrisa"},"image":{"@id":"https:\/\/sonrisa-bonaire.com\/#\/schema\/logo\/image\/"},"sameAs":["https:\/\/www.facebook.com\/SonrisaBonaire\/","https:\/\/www.instagram.com\/sonrisabonaire\/","https:\/\/www.linkedin.com\/company\/sonrisa-bonaire","https:\/\/www.youtube.com\/channel\/UCxCZYWl1dh3pdD4I8ojwYIw"]}]}},"_links":{"self":[{"href":"https:\/\/sonrisa-bonaire.com\/pl\/wp-json\/wp\/v2\/pages\/2409","targetHints":{"allow":["GET"]}}],"collection":[{"href":"https:\/\/sonrisa-bonaire.com\/pl\/wp-json\/wp\/v2\/pages"}],"about":[{"href":"https:\/\/sonrisa-bonaire.com\/pl\/wp-json\/wp\/v2\/types\/page"}],"author":[{"embeddable":true,"href":"https:\/\/sonrisa-bonaire.com\/pl\/wp-json\/wp\/v2\/users\/1"}],"replies":[{"embeddable":true,"href":"https:\/\/sonrisa-bonaire.com\/pl\/wp-json\/wp\/v2\/comments?post=2409"}],"version-history":[{"count":38,"href":"https:\/\/sonrisa-bonaire.com\/pl\/wp-json\/wp\/v2\/pages\/2409\/revisions"}],"predecessor-version":[{"id":7258,"href":"https:\/\/sonrisa-bonaire.com\/pl\/wp-json\/wp\/v2\/pages\/2409\/revisions\/7258"}],"wp:attachment":[{"href":"https:\/\/sonrisa-bonaire.com\/pl\/wp-json\/wp\/v2\/media?parent=2409"}],"curies":[{"name":"wp","href":"https:\/\/api.w.org\/{rel}","templated":true}]}}