{"id":2409,"date":"2022-02-28T08:10:00","date_gmt":"2022-02-28T12:10:00","guid":{"rendered":"https:\/\/sonrisa-bonaire.com\/?page_id=2409"},"modified":"2025-10-04T06:47:13","modified_gmt":"2025-10-04T10:47:13","slug":"termos-e-condicoes","status":"publish","type":"page","link":"https:\/\/sonrisa-bonaire.com\/pt\/termos-e-condicoes\/","title":{"rendered":"Termos e condi\u00e7\u00f5es"},"content":{"rendered":"<?xml encoding=\"utf-8\" ?><div data-elementor-type=\"wp-page\" data-elementor-id=\"2409\" class=\"elementor elementor-2409\">\n\t\t\t\t\t\t<section class=\"elementor-section elementor-top-section elementor-element elementor-element-26515f5 elementor-section-boxed elementor-section-height-default elementor-section-height-default\" data-id=\"26515f5\" data-element_type=\"section\" data-e-type=\"section\">\n\t\t\t\t\t\t<div class=\"elementor-container elementor-column-gap-default\">\n\t\t\t\t\t<div class=\"elementor-column elementor-col-100 elementor-top-column elementor-element elementor-element-e2a864e\" data-id=\"e2a864e\" data-element_type=\"column\" data-e-type=\"column\">\n\t\t\t<div class=\"elementor-widget-wrap elementor-element-populated\">\n\t\t\t\t\t\t<div class=\"elementor-element elementor-element-bfdcd8f elementor-widget elementor-widget-heading\" data-id=\"bfdcd8f\" data-element_type=\"widget\" data-e-type=\"widget\" data-widget_type=\"heading.default\">\n\t\t\t\t<div class=\"elementor-widget-container\">\n\t\t\t\t\t<h2 class=\"elementor-heading-title elementor-size-default\">Termos e condi\u00e7\u00f5es<\/h2>\t\t\t\t<\/div>\n\t\t\t\t<\/div>\n\t\t\t\t\t<\/div>\n\t\t<\/div>\n\t\t\t\t\t<\/div>\n\t\t<\/section>\n\t\t\t\t<section class=\"elementor-section elementor-top-section elementor-element elementor-element-92c79eb elementor-section-boxed elementor-section-height-default elementor-section-height-default\" data-id=\"92c79eb\" data-element_type=\"section\" data-e-type=\"section\">\n\t\t\t\t\t\t<div class=\"elementor-container elementor-column-gap-default\">\n\t\t\t\t\t<div class=\"elementor-column elementor-col-100 elementor-top-column elementor-element elementor-element-1d559f2\" data-id=\"1d559f2\" data-element_type=\"column\" data-e-type=\"column\">\n\t\t\t<div class=\"elementor-widget-wrap elementor-element-populated\">\n\t\t\t\t\t\t<div class=\"elementor-element elementor-element-4c844b7 elementor-widget elementor-widget-text-editor\" data-id=\"4c844b7\" data-element_type=\"widget\" data-e-type=\"widget\" data-widget_type=\"text-editor.default\">\n\t\t\t\t<div class=\"elementor-widget-container\">\n\t\t\t\t\t\t\t\t\t<?xml encoding=\"utf-8\" ?><p><span style=\"font-weight: bold; font-size: inherit; line-height: inherit; letter-spacing: 0.1px;\">Pre\u00e7os<\/span><\/p><p><span data-no-translation=\"true\"><span data-no-translation=\"true\">Boutique Hotel<\/span><\/span> Sonrisa &amp; <span data-no-translation=\"true\"><span data-no-translation=\"true\">Deluxe Boutique Apartments Sonrisa<\/span><\/span> reserva-se o direito de aumentar ou diminuir os pre\u00e7os das acomoda\u00e7\u00f5es a qualquer momento. O pre\u00e7o de sua estadia ser\u00e1 confirmado no momento da reserva.&nbsp;<\/p><p><span style=\"font-weight: bold; font-size: inherit; line-height: inherit; letter-spacing: 0.1px;\">Reservas e pagamentos<\/span><\/p><p>Reservas em <span data-no-translation=\"true\"><span data-no-translation=\"true\">Boutique Hotel<\/span><\/span> Sonrisa&nbsp;<span style=\"letter-spacing: 0.1px;\">&amp; <span data-no-translation=\"true\"><span data-no-translation=\"true\">Deluxe Boutique Apartments Sonrisa<\/span><\/span>&nbsp;<\/span><span style=\"letter-spacing: 0.1px;\">podem ser feitas preferencialmente usando o mecanismo de reservas em nosso site ou ligando diretamente para o hotel.&nbsp;<\/span><\/p><p><span style=\"font-weight: bold; font-size: inherit; line-height: inherit; letter-spacing: 0.1px;\">Pol\u00edticas de cancelamento<\/span><\/p><p>O hotel concede ao cliente o direito de retirada a qualquer momento. Aplicam-se as seguintes disposi\u00e7\u00f5es:<\/p><p>As reservas podem ser canceladas gratuitamente a qualquer momento antes da chegada. Os cancelamentos devem ser recebidos por escrito (e-mail\/WhatsApp) at\u00e9 o dia da chegada.&nbsp;<\/p><p>No caso de n\u00e3o comparecimento sem notifica\u00e7\u00e3o por escrito, ser\u00e1 cobrada uma taxa de cancelamento de 100% do valor total da reserva acordado.<\/p><p>Recomendamos que voc\u00ea fa\u00e7a um seguro de viagem.<\/p><p>Aplicam-se condi\u00e7\u00f5es especiais de cancelamento para ag\u00eancias de viagens e tamb\u00e9m para viagens em grupo de 4 quartos ou mais. Consulte-nos diretamente sobre elas.<\/p><p><span style=\"font-weight: bold; font-size: inherit; line-height: inherit; letter-spacing: 0.1px;\">N\u00e3o disponibilidade de acomoda\u00e7\u00f5es<\/span><\/p><p>Somente cancelaremos sua reserva se a acomoda\u00e7\u00e3o n\u00e3o estiver dispon\u00edvel por motivos alheios ao nosso controle. Se precisarmos cancelar seu quarto mais de 5 dias antes de sua chegada, todos os pagamentos feitos ser\u00e3o reembolsados em sua conta. Nossa responsabilidade n\u00e3o se estender\u00e1 al\u00e9m desse reembolso.<\/p><p><span style=\"font-weight: bold; font-size: inherit; line-height: inherit; letter-spacing: 0.1px;\">Check-in<\/span><\/p><p>Sua acomoda\u00e7\u00e3o estar\u00e1 dispon\u00edvel a partir das 15h do dia da chegada, a menos que seja combinado de outra forma com anteced\u00eancia. Talvez n\u00e3o possamos acomod\u00e1-lo se voc\u00ea chegar antes do hor\u00e1rio oficial de check-in, pois estaremos preparando seu quarto.<\/p><p><span style=\"font-weight: bold; font-size: inherit; line-height: inherit; letter-spacing: 0.1px;\">Confira<\/span><\/p><p>O hor\u00e1rio de check-out \u00e9 \u00e0s 11h00 do dia de sua partida. Por favor, esteja pronto para desocupar seu quarto nesse hor\u00e1rio, a menos que seja combinado de outra forma com anteced\u00eancia.<\/p><p><span style=\"font-weight: bold; font-size: inherit; line-height: inherit; letter-spacing: 0.1px;\"><span data-no-translation=\"true\"><span data-no-translation=\"true\">Adults only<\/span><\/span><\/span><\/p><p>Como a designa\u00e7\u00e3o \"<span data-no-translation=\"true\"><span data-no-translation=\"true\">Adults only<\/span><\/span>\" j\u00e1 revela, nossas acomoda\u00e7\u00f5es&nbsp;<strong>s\u00e3o totalmente voltados para adultos.<\/strong> Isso n\u00e3o se deve ao fato de n\u00e3o gostarmos de crian\u00e7as - pelo contr\u00e1rio, adoramos crian\u00e7as! No entanto, \u00e9 importante para n\u00f3s que mam\u00e3es, papais, tias, tios, vov\u00f3s ou vov\u00f4s tamb\u00e9m possam se desligar - em nosso hotel para adultos.<\/p><p><span style=\"font-weight: bold; font-size: inherit; line-height: inherit; letter-spacing: 0.1px;\">Fumantes<\/span><\/p><p>Todos os quartos, corredores e a \u00e1rea do caf\u00e9 da manh\u00e3 s\u00e3o \u00e1reas para n\u00e3o fumantes. \u00c9 permitido fumar no jardim.<\/p><p><span style=\"font-weight: bold; font-size: inherit; line-height: inherit; letter-spacing: 0.1px;\">Animais de estima\u00e7\u00e3o<\/span><\/p><p>Animais de estima\u00e7\u00e3o n\u00e3o s\u00e3o permitidos no local.<\/p><p><span style=\"font-weight: bold; font-size: inherit; line-height: inherit; letter-spacing: 0.1px;\">Caf\u00e9 da manh\u00e3<\/span><\/p><p>O caf\u00e9 da manh\u00e3 \u00e9 servido das 07:30 \u00e0s 09:30.<\/p><p><span style=\"font-weight: bold; font-size: inherit; line-height: inherit; letter-spacing: 0.1px;\">Danos e quebras<\/span><\/p><p><span data-no-translation=\"true\"><span data-no-translation=\"true\">Boutique Hotel<\/span><\/span> Sonrisa&nbsp;<span style=\"letter-spacing: 0.1px;\">&amp; <span data-no-translation=\"true\"><span data-no-translation=\"true\">Deluxe Boutique Apartments Sonrisa<\/span><\/span>&nbsp;<\/span><span style=\"letter-spacing: 0.1px;\">agradece o seu cuidado quando estiver hospedado em nossa propriedade. Voc\u00ea \u00e9 respons\u00e1vel por quaisquer quebras ou danos que voc\u00ea ou seus visitantes causem \u00e0s acomoda\u00e7\u00f5es ou ao seu conte\u00fado. Solicitamos que voc\u00ea informe quaisquer incidentes o mais r\u00e1pido poss\u00edvel. Normalmente, n\u00e3o h\u00e1 cobran\u00e7a por pequenas quebras, mas se o dano for significativo, <span data-no-translation=\"true\"><span data-no-translation=\"true\">Boutique Hotel<\/span><\/span> Sonrisa&nbsp;<\/span><span style=\"letter-spacing: 0.1px;\">&amp; <span data-no-translation=\"true\"><span data-no-translation=\"true\">Deluxe Boutique Apartments Sonrisa<\/span><\/span>&nbsp;<\/span><span style=\"letter-spacing: 0.1px;\">Se o dano n\u00e3o for relatado, haver\u00e1 uma taxa adicional de $50,00 por incidente, al\u00e9m do reembolso de quaisquer danos significativos.<\/span><\/p><p><span style=\"font-weight: bold; font-size: inherit; line-height: inherit; letter-spacing: 0.1px;\">Interrup\u00e7\u00e3o de servi\u00e7os de terceiros<\/span><\/p><p>Bonaire \u00e9 uma ilha pequena com uma boa infraestrutura. Entretanto, podem ocorrer breves interrup\u00e7\u00f5es em servi\u00e7os de terceiros, como \u00e1gua, eletricidade ou Internet. Embora entendamos que essas interrup\u00e7\u00f5es s\u00e3o inconvenientes e podem ser frustrantes, n\u00e3o temos nenhum controle sobre elas e n\u00e3o podemos ser responsabilizados por quaisquer quest\u00f5es decorrentes da interrup\u00e7\u00e3o desses servi\u00e7os.<\/p><p><span style=\"font-weight: bold; font-size: inherit; line-height: inherit; letter-spacing: 0.1px;\">Despesas adicionais de limpeza<\/span><\/p><p>Voc\u00ea \u00e9 respons\u00e1vel por deixar o quarto em uma condi\u00e7\u00e3o razoavelmente limpa. No caso improv\u00e1vel de termos custos adicionais de limpeza, poderemos solicitar o reembolso.<\/p><p><span style=\"font-weight: bold; font-size: inherit; line-height: inherit; letter-spacing: 0.1px;\">Responsabilidade civil<\/span><\/p><p>N\u00e3o nos responsabilizamos por danos, perdas ou les\u00f5es a qualquer membro do seu grupo ou a qualquer ve\u00edculo ou bem, a menos que seja comprovadamente causado por um ato negligente de <span data-no-translation=\"true\"><span data-no-translation=\"true\">Boutique Hotel<\/span><\/span> Sonrisa&nbsp;<span style=\"letter-spacing: 0.1px;\">&amp; <span data-no-translation=\"true\"><span data-no-translation=\"true\">Deluxe Boutique Apartments Sonrisa<\/span><\/span><\/span><span style=\"letter-spacing: 0.1px;\">nossos funcion\u00e1rios ou contratados enquanto estiverem atuando no exerc\u00edcio de suas fun\u00e7\u00f5es.<\/span><\/p><p><span style=\"font-weight: bold; font-size: inherit; line-height: inherit; letter-spacing: 0.1px;\">Pol\u00edtica de privacidade<\/span><\/p><p>Todos os dados coletados por meio de reservas ser\u00e3o armazenados em nosso(s) computador(es) e\/ou em nosso sistema de arquivamento pessoal. Com sua permiss\u00e3o, poderemos entrar em contato com voc\u00ea periodicamente sobre promo\u00e7\u00f5es. Se preferir n\u00e3o receber esses avisos, informe-nos. Nunca compartilharemos seu nome, endere\u00e7o de e-mail ou outros detalhes de sua reserva com terceiros.<\/p>\n\t\t\t\t\t\t\t\t<\/div>\n\t\t\t\t<\/div>\n\t\t\t\t\t<\/div>\n\t\t<\/div>\n\t\t\t\t\t<\/div>\n\t\t<\/section>\n\t\t\t\t<section class=\"elementor-section elementor-top-section elementor-element elementor-element-df3b10a elementor-section-boxed elementor-section-height-default elementor-section-height-default\" data-id=\"df3b10a\" data-element_type=\"section\" data-e-type=\"section\">\n\t\t\t\t\t\t<div class=\"elementor-container elementor-column-gap-default\">\n\t\t\t\t\t<div class=\"elementor-column elementor-col-100 elementor-top-column elementor-element elementor-element-c7186cb\" data-id=\"c7186cb\" data-element_type=\"column\" data-e-type=\"column\">\n\t\t\t<div class=\"elementor-widget-wrap elementor-element-populated\">\n\t\t\t\t\t\t<div class=\"elementor-element elementor-element-01ec3a4 elementor-widget elementor-widget-spacer\" data-id=\"01ec3a4\" data-element_type=\"widget\" data-e-type=\"widget\" data-widget_type=\"spacer.default\">\n\t\t\t\t<div class=\"elementor-widget-container\">\n\t\t\t\t\t\t\t<div class=\"elementor-spacer\">\n\t\t\t<div class=\"elementor-spacer-inner\"><\/div>\n\t\t<\/div>\n\t\t\t\t\t\t<\/div>\n\t\t\t\t<\/div>\n\t\t\t\t\t<\/div>\n\t\t<\/div>\n\t\t\t\t\t<\/div>\n\t\t<\/section>\n\t\t\t\t<\/div>","protected":false},"excerpt":{"rendered":"<p>Terms &amp; conditionsPricesBoutique Hotel Sonrisa &amp; Deluxe Boutique Apartments Sonrisa reserves the right to increase or decrease the prices of accommodation at any time. The price of your stay will be confirmed at the time of booking.&nbsp;Booking and PaymentsBookings at Boutique Hotel Sonrisa&nbsp;&amp; Deluxe Boutique Apartments Sonrisa&nbsp;may be preferably made by using the booking engine [&hellip;]<\/p>","protected":false},"author":1,"featured_media":0,"parent":0,"menu_order":0,"comment_status":"closed","ping_status":"closed","template":"","meta":{"_acf_changed":false,"inline_featured_image":false,"footnotes":""},"class_list":["post-2409","page","type-page","status-publish","hentry"],"acf":[],"yoast_head":"<!-- This site is optimized with the Yoast SEO plugin v27.4 - https:\/\/yoast.com\/product\/yoast-seo-wordpress\/ -->\n<title>Terms &amp; conditions - Sonrisa Bonaire<\/title>\n<meta name=\"robots\" content=\"index, follow, max-snippet:-1, max-image-preview:large, max-video-preview:-1\" \/>\n<link rel=\"canonical\" href=\"https:\/\/sonrisa-bonaire.com\/pt\/termos-e-condicoes\/\" \/>\n<meta property=\"og:locale\" content=\"pt_BR\" \/>\n<meta property=\"og:type\" content=\"article\" \/>\n<meta property=\"og:title\" content=\"Terms &amp; conditions - Sonrisa Bonaire\" \/>\n<meta property=\"og:description\" content=\"Terms &amp; conditionsPricesBoutique Hotel Sonrisa &amp; Deluxe Boutique Apartments Sonrisa reserves the right to increase or decrease the prices of accommodation at any time. The price of your stay will be confirmed at the time of booking.&nbsp;Booking and PaymentsBookings at Boutique Hotel Sonrisa&nbsp;&amp; Deluxe Boutique Apartments Sonrisa&nbsp;may be preferably made by using the booking engine [&hellip;]\" \/>\n<meta property=\"og:url\" content=\"https:\/\/sonrisa-bonaire.com\/pt\/termos-e-condicoes\/\" \/>\n<meta property=\"og:site_name\" content=\"Sonrisa Bonaire\" \/>\n<meta property=\"article:publisher\" content=\"https:\/\/www.facebook.com\/SonrisaBonaire\/\" \/>\n<meta property=\"article:modified_time\" content=\"2025-10-04T10:47:13+00:00\" \/>\n<meta name=\"twitter:card\" content=\"summary_large_image\" \/>\n<meta name=\"twitter:label1\" content=\"Est. tempo de leitura\" \/>\n\t<meta name=\"twitter:data1\" content=\"4 minutos\" \/>\n<script type=\"application\/ld+json\" class=\"yoast-schema-graph\">{\"@context\":\"https:\\\/\\\/schema.org\",\"@graph\":[{\"@type\":\"WebPage\",\"@id\":\"https:\\\/\\\/sonrisa-bonaire.com\\\/terms-conditions\\\/\",\"url\":\"https:\\\/\\\/sonrisa-bonaire.com\\\/terms-conditions\\\/\",\"name\":\"Terms & conditions - Sonrisa Bonaire\",\"isPartOf\":{\"@id\":\"https:\\\/\\\/sonrisa-bonaire.com\\\/#website\"},\"datePublished\":\"2022-02-28T12:10:00+00:00\",\"dateModified\":\"2025-10-04T10:47:13+00:00\",\"breadcrumb\":{\"@id\":\"https:\\\/\\\/sonrisa-bonaire.com\\\/terms-conditions\\\/#breadcrumb\"},\"inLanguage\":\"pt-BR\",\"potentialAction\":[{\"@type\":\"ReadAction\",\"target\":[\"https:\\\/\\\/sonrisa-bonaire.com\\\/terms-conditions\\\/\"]}]},{\"@type\":\"BreadcrumbList\",\"@id\":\"https:\\\/\\\/sonrisa-bonaire.com\\\/terms-conditions\\\/#breadcrumb\",\"itemListElement\":[{\"@type\":\"ListItem\",\"position\":1,\"name\":\"Startseite\",\"item\":\"https:\\\/\\\/sonrisa-bonaire.com\\\/\"},{\"@type\":\"ListItem\",\"position\":2,\"name\":\"Terms &#038; conditions\"}]},{\"@type\":\"WebSite\",\"@id\":\"https:\\\/\\\/sonrisa-bonaire.com\\\/#website\",\"url\":\"https:\\\/\\\/sonrisa-bonaire.com\\\/\",\"name\":\"Sonrisa Bonaire\",\"description\":\"Boutique Hotel Sonrisa Bonaire\",\"publisher\":{\"@id\":\"https:\\\/\\\/sonrisa-bonaire.com\\\/#organization\"},\"potentialAction\":[{\"@type\":\"SearchAction\",\"target\":{\"@type\":\"EntryPoint\",\"urlTemplate\":\"https:\\\/\\\/sonrisa-bonaire.com\\\/?s={search_term_string}\"},\"query-input\":{\"@type\":\"PropertyValueSpecification\",\"valueRequired\":true,\"valueName\":\"search_term_string\"}}],\"inLanguage\":\"pt-BR\"},{\"@type\":\"Organization\",\"@id\":\"https:\\\/\\\/sonrisa-bonaire.com\\\/#organization\",\"name\":\"Das Boutique Hotel Sonrisa\",\"url\":\"https:\\\/\\\/sonrisa-bonaire.com\\\/\",\"logo\":{\"@type\":\"ImageObject\",\"inLanguage\":\"pt-BR\",\"@id\":\"https:\\\/\\\/sonrisa-bonaire.com\\\/#\\\/schema\\\/logo\\\/image\\\/\",\"url\":\"https:\\\/\\\/sonrisa-bonaire.com\\\/wp-content\\\/uploads\\\/2022\\\/05\\\/logo_sonrisa-bonaire_web.svg\",\"contentUrl\":\"https:\\\/\\\/sonrisa-bonaire.com\\\/wp-content\\\/uploads\\\/2022\\\/05\\\/logo_sonrisa-bonaire_web.svg\",\"width\":200,\"height\":73,\"caption\":\"Das Boutique Hotel Sonrisa\"},\"image\":{\"@id\":\"https:\\\/\\\/sonrisa-bonaire.com\\\/#\\\/schema\\\/logo\\\/image\\\/\"},\"sameAs\":[\"https:\\\/\\\/www.facebook.com\\\/SonrisaBonaire\\\/\",\"https:\\\/\\\/www.instagram.com\\\/sonrisabonaire\\\/\",\"https:\\\/\\\/www.linkedin.com\\\/company\\\/sonrisa-bonaire\",\"https:\\\/\\\/www.youtube.com\\\/channel\\\/UCxCZYWl1dh3pdD4I8ojwYIw\"]}]}<\/script>\n<!-- \/ Yoast SEO plugin. -->","yoast_head_json":{"title":"Termos e condi\u00e7\u00f5es - Sonrisa Bonaire","robots":{"index":"index","follow":"follow","max-snippet":"max-snippet:-1","max-image-preview":"max-image-preview:large","max-video-preview":"max-video-preview:-1"},"canonical":"https:\/\/sonrisa-bonaire.com\/pt\/termos-e-condicoes\/","og_locale":"pt_BR","og_type":"article","og_title":"Terms & conditions - Sonrisa Bonaire","og_description":"Terms &amp; conditionsPricesBoutique Hotel Sonrisa &amp; Deluxe Boutique Apartments Sonrisa reserves the right to increase or decrease the prices of accommodation at any time. The price of your stay will be confirmed at the time of booking.&nbsp;Booking and PaymentsBookings at Boutique Hotel Sonrisa&nbsp;&amp; Deluxe Boutique Apartments Sonrisa&nbsp;may be preferably made by using the booking engine [&hellip;]","og_url":"https:\/\/sonrisa-bonaire.com\/pt\/termos-e-condicoes\/","og_site_name":"Sonrisa Bonaire","article_publisher":"https:\/\/www.facebook.com\/SonrisaBonaire\/","article_modified_time":"2025-10-04T10:47:13+00:00","twitter_card":"summary_large_image","twitter_misc":{"Est. tempo de leitura":"4 minutos"},"schema":{"@context":"https:\/\/schema.org","@graph":[{"@type":"WebPage","@id":"https:\/\/sonrisa-bonaire.com\/terms-conditions\/","url":"https:\/\/sonrisa-bonaire.com\/terms-conditions\/","name":"Termos e condi\u00e7\u00f5es - Sonrisa Bonaire","isPartOf":{"@id":"https:\/\/sonrisa-bonaire.com\/#website"},"datePublished":"2022-02-28T12:10:00+00:00","dateModified":"2025-10-04T10:47:13+00:00","breadcrumb":{"@id":"https:\/\/sonrisa-bonaire.com\/terms-conditions\/#breadcrumb"},"inLanguage":"pt-BR","potentialAction":[{"@type":"ReadAction","target":["https:\/\/sonrisa-bonaire.com\/terms-conditions\/"]}]},{"@type":"BreadcrumbList","@id":"https:\/\/sonrisa-bonaire.com\/terms-conditions\/#breadcrumb","itemListElement":[{"@type":"ListItem","position":1,"name":"Startseite","item":"https:\/\/sonrisa-bonaire.com\/"},{"@type":"ListItem","position":2,"name":"Terms &#038; conditions"}]},{"@type":"WebSite","@id":"https:\/\/sonrisa-bonaire.com\/#website","url":"https:\/\/sonrisa-bonaire.com\/","name":"Sonrisa Bonaire","description":"Boutique Hotel Sonrisa Bonaire","publisher":{"@id":"https:\/\/sonrisa-bonaire.com\/#organization"},"potentialAction":[{"@type":"SearchAction","target":{"@type":"EntryPoint","urlTemplate":"https:\/\/sonrisa-bonaire.com\/?s={search_term_string}"},"query-input":{"@type":"PropertyValueSpecification","valueRequired":true,"valueName":"search_term_string"}}],"inLanguage":"pt-BR"},{"@type":"Organization","@id":"https:\/\/sonrisa-bonaire.com\/#organization","name":"Das Boutique Hotel Sonrisa","url":"https:\/\/sonrisa-bonaire.com\/","logo":{"@type":"ImageObject","inLanguage":"pt-BR","@id":"https:\/\/sonrisa-bonaire.com\/#\/schema\/logo\/image\/","url":"https:\/\/sonrisa-bonaire.com\/wp-content\/uploads\/2022\/05\/logo_sonrisa-bonaire_web.svg","contentUrl":"https:\/\/sonrisa-bonaire.com\/wp-content\/uploads\/2022\/05\/logo_sonrisa-bonaire_web.svg","width":200,"height":73,"caption":"Das Boutique Hotel Sonrisa"},"image":{"@id":"https:\/\/sonrisa-bonaire.com\/#\/schema\/logo\/image\/"},"sameAs":["https:\/\/www.facebook.com\/SonrisaBonaire\/","https:\/\/www.instagram.com\/sonrisabonaire\/","https:\/\/www.linkedin.com\/company\/sonrisa-bonaire","https:\/\/www.youtube.com\/channel\/UCxCZYWl1dh3pdD4I8ojwYIw"]}]}},"_links":{"self":[{"href":"https:\/\/sonrisa-bonaire.com\/pt\/wp-json\/wp\/v2\/pages\/2409","targetHints":{"allow":["GET"]}}],"collection":[{"href":"https:\/\/sonrisa-bonaire.com\/pt\/wp-json\/wp\/v2\/pages"}],"about":[{"href":"https:\/\/sonrisa-bonaire.com\/pt\/wp-json\/wp\/v2\/types\/page"}],"author":[{"embeddable":true,"href":"https:\/\/sonrisa-bonaire.com\/pt\/wp-json\/wp\/v2\/users\/1"}],"replies":[{"embeddable":true,"href":"https:\/\/sonrisa-bonaire.com\/pt\/wp-json\/wp\/v2\/comments?post=2409"}],"version-history":[{"count":38,"href":"https:\/\/sonrisa-bonaire.com\/pt\/wp-json\/wp\/v2\/pages\/2409\/revisions"}],"predecessor-version":[{"id":7258,"href":"https:\/\/sonrisa-bonaire.com\/pt\/wp-json\/wp\/v2\/pages\/2409\/revisions\/7258"}],"wp:attachment":[{"href":"https:\/\/sonrisa-bonaire.com\/pt\/wp-json\/wp\/v2\/media?parent=2409"}],"curies":[{"name":"wp","href":"https:\/\/api.w.org\/{rel}","templated":true}]}}